{"id":6250,"date":"2025-02-11T11:02:44","date_gmt":"2025-02-11T11:02:44","guid":{"rendered":"https:\/\/alehandrogroup.al\/?post_type=product&#038;p=6250"},"modified":"2025-12-26T11:40:57","modified_gmt":"2025-12-26T11:40:57","slug":"sauvignon-collio-ronco-del-cero-venica","status":"publish","type":"product","link":"https:\/\/alehandrogroup.al\/en\/product\/sauvignon-collio-ronco-del-cero-venica\/","title":{"rendered":"SAUVIGNON COLLIO RONCO DEL CERO &#8211; VENICA"},"content":{"rendered":"<h3><strong><em>P\u00ebrshkrimi i Ver\u00ebs: SAUVIGNON COLLIO RONCO DEL CERO &#8211; VENICA<\/em><\/strong><\/h3>\n<p><em><strong>Detaje t\u00eb Prodhimit:<\/strong><\/em><\/p>\n<p>Sauvignon Collio Ronco del Cero \u00ebsht\u00eb nj\u00eb ver\u00eb e pasur dhe elegante, e prodhuar nga nj\u00eb nga rajonet m\u00eb t\u00eb njohura p\u00ebr prodhimin e ver\u00ebrave t\u00eb bardha t\u00eb nivelit t\u00eb lart\u00eb n\u00eb Itali, i njohur si Collio. Ky Sauvignon blanc p\u00ebrfaq\u00ebson nj\u00eb ekspresion t\u00eb pasur dhe t\u00eb qart\u00eb t\u00eb karakterit t\u00eb varietetit, duke sjell\u00eb n\u00eb pah freskin\u00eb dhe aromat e natyrshme t\u00eb k\u00ebtij rrushi.<\/p>\n<hr \/>\n<h3><strong><em>Karakteristikat<\/em><\/strong><\/h3>\n<ul>\n<li><strong>Ngjyra<\/strong>: Ngjyr\u00eb e verdh\u00eb me nuanca t\u00eb arta dhe jeshile, e ndritshme dhe e qart\u00eb, q\u00eb tregon rinovimin dhe freskin\u00eb e ver\u00ebs.<\/li>\n<li><strong>Aroma<\/strong>: N\u00eb arom\u00eb, kjo ver\u00eb \u00ebsht\u00eb shum\u00eb komplekse dhe e fresk\u00ebt. Ajo shpalos nota t\u00eb pasura frutash tropikal\u00eb, si mango, ananas dhe agrume, t\u00eb shoq\u00ebruara me nj\u00eb nuanc\u00eb t\u00eb leht\u00eb bimore dhe nj\u00eb prekje t\u00eb vog\u00ebl t\u00eb barishteve t\u00eb fresk\u00ebta. M\u00eb pas, shfaqen edhe nuanca minerale q\u00eb pasqyrojn\u00eb karakterin e tok\u00ebs s\u00eb pasur me kalcium dhe p\u00ebrmbajtje t\u00eb lart\u00eb minerale t\u00eb rajonit t\u00eb Collio.<\/li>\n<li><strong>Shija<\/strong>: N\u00eb qiellz\u00eb, Sauvignon Collio Ronco del Cero \u00ebsht\u00eb nj\u00eb ver\u00eb me trup t\u00eb mes\u00ebm, q\u00eb ofron nj\u00eb balanc\u00eb t\u00eb shk\u00eblqyer nd\u00ebrmjet aciditetit dhe pasuris\u00eb. Ka nj\u00eb fund t\u00eb gjat\u00eb dhe t\u00eb k\u00ebndsh\u00ebm me pasion t\u00eb frutave dhe nj\u00eb nuanc\u00eb minerale q\u00eb vazhdon gjat\u00eb. Taninat jan\u00eb t\u00eb pap\u00ebrshkuesh\u00ebm, q\u00eb e b\u00ebjn\u00eb k\u00ebt\u00eb ver\u00eb t\u00eb shijshme dhe harmonike, e p\u00ebrsosur p\u00ebr konsum t\u00eb menj\u00ebhersh\u00ebm ose p\u00ebr ruajtje p\u00ebr nj\u00eb periudh\u00eb t\u00eb shkurt\u00ebr.<\/li>\n<\/ul>\n<hr \/>\n<h3><em><strong>Shoq\u00ebrime t\u00eb Sugjeruara<\/strong><\/em><\/h3>\n<p><em>Kombinohet n\u00eb m\u00ebnyr\u00eb t\u00eb shk\u00eblqyer me:<\/em><\/p>\n<ul>\n<li><strong>Pjatat me peshk t\u00eb fresk\u00ebt dhe frutat e detit<\/strong><\/li>\n<li><strong>Pjatat me perime t\u00eb fresk\u00ebta<\/strong><\/li>\n<li><strong>Djathra t\u00eb bute<\/strong><\/li>\n<\/ul>","protected":false},"excerpt":{"rendered":"<p>P\u00ebrshkrimi i Ver\u00ebs: SAUVIGNON COLLIO RONCO DEL CERO &#8211; VENICA Detaje t\u00eb Prodhimit: Sauvignon Collio Ronco del Cero \u00ebsht\u00eb nj\u00eb ver\u00eb e pasur dhe elegante, e prodhuar nga nj\u00eb nga rajonet m\u00eb t\u00eb njohura p\u00ebr prodhimin e ver\u00ebrave t\u00eb bardha t\u00eb nivelit t\u00eb lart\u00eb n\u00eb Itali, i njohur si Collio. Ky Sauvignon blanc p\u00ebrfaq\u00ebson nj\u00eb [&hellip;]<\/p>\n","protected":false},"featured_media":8001,"template":"","meta":[],"product_brand":[],"product_cat":[58,41],"product_tag":[],"class_list":{"0":"post-6250","1":"product","2":"type-product","3":"status-publish","4":"has-post-thumbnail","6":"product_cat-vere","7":"product_cat-vere-e-bardhe","9":"first","10":"instock","11":"shipping-taxable","12":"purchasable","13":"product-type-simple"},"_links":{"self":[{"href":"https:\/\/alehandrogroup.al\/en\/wp-json\/wp\/v2\/product\/6250","targetHints":{"allow":["GET"]}}],"collection":[{"href":"https:\/\/alehandrogroup.al\/en\/wp-json\/wp\/v2\/product"}],"about":[{"href":"https:\/\/alehandrogroup.al\/en\/wp-json\/wp\/v2\/types\/product"}],"version-history":[{"count":1,"href":"https:\/\/alehandrogroup.al\/en\/wp-json\/wp\/v2\/product\/6250\/revisions"}],"predecessor-version":[{"id":8002,"href":"https:\/\/alehandrogroup.al\/en\/wp-json\/wp\/v2\/product\/6250\/revisions\/8002"}],"wp:featuredmedia":[{"embeddable":true,"href":"https:\/\/alehandrogroup.al\/en\/wp-json\/wp\/v2\/media\/8001"}],"wp:attachment":[{"href":"https:\/\/alehandrogroup.al\/en\/wp-json\/wp\/v2\/media?parent=6250"}],"wp:term":[{"taxonomy":"product_brand","embeddable":true,"href":"https:\/\/alehandrogroup.al\/en\/wp-json\/wp\/v2\/product_brand?post=6250"},{"taxonomy":"product_cat","embeddable":true,"href":"https:\/\/alehandrogroup.al\/en\/wp-json\/wp\/v2\/product_cat?post=6250"},{"taxonomy":"product_tag","embeddable":true,"href":"https:\/\/alehandrogroup.al\/en\/wp-json\/wp\/v2\/product_tag?post=6250"}],"curies":[{"name":"wp","href":"https:\/\/api.w.org\/{rel}","templated":true}]}}