{"id":6244,"date":"2025-02-11T08:29:55","date_gmt":"2025-02-11T08:29:55","guid":{"rendered":"https:\/\/alehandrogroup.al\/?post_type=product&#038;p=6244"},"modified":"2025-12-26T12:46:15","modified_gmt":"2025-12-26T12:46:15","slug":"vino-lazio-rosso-igp-montiano-famiglia-cotarella","status":"publish","type":"product","link":"https:\/\/alehandrogroup.al\/en\/product\/vino-lazio-rosso-igp-montiano-famiglia-cotarella\/","title":{"rendered":"VINO LAZIO ROSSO IGP MONTIANO &#8211; FAMIGLIA COTARELLA"},"content":{"rendered":"<h3><strong><em>P\u00ebrshkrimi i Ver\u00ebs: VINO LAZIO ROSSO IGP MONTIANO &#8211; FAMIGLIA COTARELLA<\/em><\/strong><\/h3>\n<p><em><strong>Detaje t\u00eb Prodhimit:<\/strong><\/em><\/p>\n<p>Montiano \u00ebsht\u00eb nj\u00eb nd\u00ebr ver\u00ebrat m\u00eb emblematike t\u00eb rajonit t\u00eb Lazios dhe nj\u00eb nga krijimet m\u00eb t\u00eb njohura t\u00eb Famiglia Cotarella. E prodhuar ekskluzivisht nga Merlot, kjo ver\u00eb p\u00ebrfaq\u00ebson nj\u00eb interpretim elegant dhe modern t\u00eb k\u00ebtij varieteti n\u00eb tokat e Italis\u00eb Qendrore. Me nj\u00eb struktur\u00eb t\u00eb fuqishme dhe nj\u00eb kompleksitet aromatik t\u00eb jasht\u00ebzakonsh\u00ebm, Montiano \u00ebsht\u00eb nj\u00eb ver\u00eb e rafinuar, e cila shquhet p\u00ebr balanc\u00ebn dhe fines\u00ebn e saj.<\/p>\n<hr \/>\n<h3><strong><em>Karakteristikat<\/em><\/strong><\/h3>\n<ul>\n<li><strong>Ngjyra<\/strong>: Ngjyra \u00ebsht\u00eb e kuqe rubini e thell\u00eb, me reflektime vjollc\u00eb, q\u00eb tregon intensitetin dhe potencialin e ver\u00ebs p\u00ebr maturim.<\/li>\n<li><strong>Aroma<\/strong>: Buqeta \u00ebsht\u00eb jasht\u00ebzakonisht komplekse, me aroma t\u00eb pasura frutash t\u00eb pjekura si qershia e zez\u00eb, manaferrat dhe kumbulla. N\u00eb sfond shfaqen nuanca t\u00eb sofistikuara t\u00eb \u00e7okollat\u00ebs, vaniljes dhe kafes\u00eb, t\u00eb cilat vijn\u00eb nga maturimi n\u00eb fu\u00e7i lisi. Gjithashtu, ka nota delikate pikante dhe nj\u00eb prekje t\u00eb leht\u00eb balsamike, q\u00eb i japin ver\u00ebs nj\u00eb karakter t\u00eb thell\u00eb dhe intrigues.<\/li>\n<li><strong>Shija<\/strong>: N\u00eb qiellz\u00eb, Montiano \u00ebsht\u00eb i pasur, i rrumbullakosur dhe elegant. Taninat jan\u00eb t\u00eb buta dhe t\u00eb integruara n\u00eb m\u00ebnyr\u00eb perfekte, duke i dh\u00ebn\u00eb ver\u00ebs nj\u00eb tekstur\u00eb t\u00eb kadifenjt\u00eb. Aciditeti i mir\u00eb e mban t\u00eb fresk\u00ebt, nd\u00ebrsa ekuilibri mes frutave, drurit dhe er\u00ebzave e b\u00ebn k\u00ebt\u00eb ver\u00eb jasht\u00ebzakonisht t\u00eb k\u00ebndshme dhe t\u00eb gjat\u00eb n\u00eb fundin e shijes.<\/li>\n<\/ul>\n<hr \/>\n<h3><em><strong>Shoq\u00ebrime t\u00eb Sugjeruara<\/strong><\/em><\/h3>\n<p><em>KombiAnohet n\u00eb m\u00ebnyr\u00eb t\u00eb shk\u00eblqyer me:<\/em><\/p>\n<ul>\n<li><strong>Mishi kuqe t\u00eb pjekur<\/strong><\/li>\n<li><strong>Mish qengji<\/strong><\/li>\n<li><strong>Pjata t\u00eb rafinuara me tartuf<\/strong><\/li>\n<li><strong>Djathra t\u00eb stazhionuar<\/strong><\/li>\n<\/ul>","protected":false},"excerpt":{"rendered":"<p>P\u00ebrshkrimi i Ver\u00ebs: VINO LAZIO ROSSO IGP MONTIANO &#8211; FAMIGLIA COTARELLA Detaje t\u00eb Prodhimit: Montiano \u00ebsht\u00eb nj\u00eb nd\u00ebr ver\u00ebrat m\u00eb emblematike t\u00eb rajonit t\u00eb Lazios dhe nj\u00eb nga krijimet m\u00eb t\u00eb njohura t\u00eb Famiglia Cotarella. E prodhuar ekskluzivisht nga Merlot, kjo ver\u00eb p\u00ebrfaq\u00ebson nj\u00eb interpretim elegant dhe modern t\u00eb k\u00ebtij varieteti n\u00eb tokat e Italis\u00eb [&hellip;]<\/p>\n","protected":false},"featured_media":8052,"template":"","meta":[],"product_brand":[],"product_cat":[58,46],"product_tag":[],"class_list":{"0":"post-6244","1":"product","2":"type-product","3":"status-publish","4":"has-post-thumbnail","6":"product_cat-vere","7":"product_cat-vere-e-kuqe","9":"first","10":"instock","11":"shipping-taxable","12":"purchasable","13":"product-type-simple"},"_links":{"self":[{"href":"https:\/\/alehandrogroup.al\/en\/wp-json\/wp\/v2\/product\/6244","targetHints":{"allow":["GET"]}}],"collection":[{"href":"https:\/\/alehandrogroup.al\/en\/wp-json\/wp\/v2\/product"}],"about":[{"href":"https:\/\/alehandrogroup.al\/en\/wp-json\/wp\/v2\/types\/product"}],"version-history":[{"count":1,"href":"https:\/\/alehandrogroup.al\/en\/wp-json\/wp\/v2\/product\/6244\/revisions"}],"predecessor-version":[{"id":8053,"href":"https:\/\/alehandrogroup.al\/en\/wp-json\/wp\/v2\/product\/6244\/revisions\/8053"}],"wp:featuredmedia":[{"embeddable":true,"href":"https:\/\/alehandrogroup.al\/en\/wp-json\/wp\/v2\/media\/8052"}],"wp:attachment":[{"href":"https:\/\/alehandrogroup.al\/en\/wp-json\/wp\/v2\/media?parent=6244"}],"wp:term":[{"taxonomy":"product_brand","embeddable":true,"href":"https:\/\/alehandrogroup.al\/en\/wp-json\/wp\/v2\/product_brand?post=6244"},{"taxonomy":"product_cat","embeddable":true,"href":"https:\/\/alehandrogroup.al\/en\/wp-json\/wp\/v2\/product_cat?post=6244"},{"taxonomy":"product_tag","embeddable":true,"href":"https:\/\/alehandrogroup.al\/en\/wp-json\/wp\/v2\/product_tag?post=6244"}],"curies":[{"name":"wp","href":"https:\/\/api.w.org\/{rel}","templated":true}]}}