{"id":6234,"date":"2025-02-11T08:12:41","date_gmt":"2025-02-11T08:12:41","guid":{"rendered":"https:\/\/alehandrogroup.al\/?post_type=product&#038;p=6234"},"modified":"2025-11-22T11:10:52","modified_gmt":"2025-11-22T11:10:52","slug":"gewurztraminer-grand-cru-altenberg-gustave-lorentz","status":"publish","type":"product","link":"https:\/\/alehandrogroup.al\/en\/product\/gewurztraminer-grand-cru-altenberg-gustave-lorentz\/","title":{"rendered":"GEWURZTRAMINER GRAND CRU ALTENBERG &#8211; GUSTAVE LORENTZ"},"content":{"rendered":"<h3><strong><em>P\u00ebrshkrimi i Ver\u00ebs: GEWURZTRAMINER GRAND CRU ALTENBERG &#8211; GUSTAVE LORENTZ<\/em><\/strong><\/h3>\n<p><em><strong>Detaje t\u00eb Prodhimit:<\/strong><\/em><\/p>\n<p>Gew\u00fcrztraminer Grand Cru Altenberg nga Gustave Lorentz \u00ebsht\u00eb nj\u00eb ver\u00eb e fuqishme dhe e pasur, e cila mish\u00ebron eleganc\u00ebn dhe kompleksitetin e Gew\u00fcrztraminerit nga Alsace. Ky Grand Cru vjen nga vreshtat prestigjioze Altenberg de Bergheim, t\u00eb cilat fal\u00eb tok\u00ebs s\u00eb tyre g\u00eblqerore dhe ekspozimit t\u00eb favorsh\u00ebm diellor, japin nj\u00eb ver\u00eb me arom\u00eb t\u00eb pasur, struktur\u00eb t\u00eb fort\u00eb dhe nj\u00eb potencial t\u00eb madh evoluimi.<\/p>\n<hr \/>\n<h3><strong><em>Karakteristikat<\/em><\/strong><\/h3>\n<ul>\n<li><strong>Ngjyra<\/strong>: Ngjyra e art\u00eb intensive me reflektime t\u00eb lehta t\u00eb qelibarit tregon pjekurin\u00eb e ver\u00ebs dhe p\u00ebrqendrimin e saj t\u00eb lart\u00eb.<\/li>\n<li><strong>Aroma<\/strong>: Buqeta \u00ebsht\u00eb e pasur dhe shp\u00ebrthyese, me aroma t\u00eb theksuara t\u00eb petaleve t\u00eb tr\u00ebndafilit, luleshport\u00ebs dhe livand\u00ebs, t\u00eb ndjekura nga nota ekzotike si lychee, mango dhe ananas i pjekur. Gjithashtu, shfaqen nuanca t\u00eb er\u00ebzave t\u00eb buta si xhenxhefili, kanella dhe nj\u00eb prekje e leht\u00eb e mjaltit dhe duhanit t\u00eb but\u00eb, duke i dh\u00ebn\u00eb ver\u00ebs nj\u00eb thell\u00ebsi t\u00eb jasht\u00ebzakonshme aromatike.<\/li>\n<li><strong>Shija<\/strong>: N\u00eb qiellz\u00eb, \u00ebsht\u00eb nj\u00eb ver\u00eb e fuqishme, e dendur dhe e mbushur me nj\u00eb tekstur\u00eb t\u00eb but\u00eb dhe kremoze. Shijet e frutave tropikale dhe luleve p\u00ebrs\u00ebriten, t\u00eb balancuara nga nj\u00eb aciditet i leht\u00eb, i cili e b\u00ebn ver\u00ebn t\u00eb fresk\u00ebt dhe t\u00eb q\u00ebndrueshme n\u00eb shije. Mineraliteti i ve\u00e7ant\u00eb i Altenbergut i jep fines\u00eb dhe nj\u00eb ndjesi t\u00eb rafinuar, nd\u00ebrsa p\u00ebrfundimi \u00ebsht\u00eb i gjat\u00eb, i nd\u00ebrlikuar dhe i larmish\u00ebm, me nota t\u00eb agrumeve t\u00eb \u00ebmbla dhe er\u00ebzave t\u00eb buta q\u00eb q\u00ebndrojn\u00eb gjat\u00eb pas \u00e7do gll\u00ebnjke.<\/li>\n<\/ul>\n<hr \/>\n<h3><em><strong>Shoq\u00ebrime t\u00eb Sugjeruara<\/strong><\/em><\/h3>\n<p><em>KombiAnohet n\u00eb m\u00ebnyr\u00eb t\u00eb shk\u00eblqyer me:<\/em><\/p>\n<ul>\n<li>Kuzhin\u00eb aziatike si tajlandeze, vietnameze dhe indiane<\/li>\n<li>Gatime pikante me baz\u00eb karri ose xhenxhefil<\/li>\n<li>Pate dhe foie gras<\/li>\n<li>Djathra<\/li>\n<\/ul>","protected":false},"excerpt":{"rendered":"<p>P\u00ebrshkrimi i Ver\u00ebs: GEWURZTRAMINER GRAND CRU ALTENBERG &#8211; GUSTAVE LORENTZ Detaje t\u00eb Prodhimit: Gew\u00fcrztraminer Grand Cru Altenberg nga Gustave Lorentz \u00ebsht\u00eb nj\u00eb ver\u00eb e fuqishme dhe e pasur, e cila mish\u00ebron eleganc\u00ebn dhe kompleksitetin e Gew\u00fcrztraminerit nga Alsace. Ky Grand Cru vjen nga vreshtat prestigjioze Altenberg de Bergheim, t\u00eb cilat fal\u00eb tok\u00ebs s\u00eb tyre g\u00eblqerore [&hellip;]<\/p>\n","protected":false},"featured_media":7588,"template":"","meta":[],"product_brand":[],"product_cat":[58,41],"product_tag":[],"class_list":{"0":"post-6234","1":"product","2":"type-product","3":"status-publish","4":"has-post-thumbnail","6":"product_cat-vere","7":"product_cat-vere-e-bardhe","9":"first","10":"instock","11":"shipping-taxable","12":"purchasable","13":"product-type-simple"},"_links":{"self":[{"href":"https:\/\/alehandrogroup.al\/en\/wp-json\/wp\/v2\/product\/6234","targetHints":{"allow":["GET"]}}],"collection":[{"href":"https:\/\/alehandrogroup.al\/en\/wp-json\/wp\/v2\/product"}],"about":[{"href":"https:\/\/alehandrogroup.al\/en\/wp-json\/wp\/v2\/types\/product"}],"version-history":[{"count":1,"href":"https:\/\/alehandrogroup.al\/en\/wp-json\/wp\/v2\/product\/6234\/revisions"}],"predecessor-version":[{"id":7589,"href":"https:\/\/alehandrogroup.al\/en\/wp-json\/wp\/v2\/product\/6234\/revisions\/7589"}],"wp:featuredmedia":[{"embeddable":true,"href":"https:\/\/alehandrogroup.al\/en\/wp-json\/wp\/v2\/media\/7588"}],"wp:attachment":[{"href":"https:\/\/alehandrogroup.al\/en\/wp-json\/wp\/v2\/media?parent=6234"}],"wp:term":[{"taxonomy":"product_brand","embeddable":true,"href":"https:\/\/alehandrogroup.al\/en\/wp-json\/wp\/v2\/product_brand?post=6234"},{"taxonomy":"product_cat","embeddable":true,"href":"https:\/\/alehandrogroup.al\/en\/wp-json\/wp\/v2\/product_cat?post=6234"},{"taxonomy":"product_tag","embeddable":true,"href":"https:\/\/alehandrogroup.al\/en\/wp-json\/wp\/v2\/product_tag?post=6234"}],"curies":[{"name":"wp","href":"https:\/\/api.w.org\/{rel}","templated":true}]}}