{"id":6226,"date":"2025-02-10T14:54:03","date_gmt":"2025-02-10T14:54:03","guid":{"rendered":"https:\/\/alehandrogroup.al\/?post_type=product&#038;p=6226"},"modified":"2025-12-24T11:36:12","modified_gmt":"2025-12-24T11:36:12","slug":"reserve-pinot-blanc-gustave-lorentz","status":"publish","type":"product","link":"https:\/\/alehandrogroup.al\/en\/product\/reserve-pinot-blanc-gustave-lorentz\/","title":{"rendered":"RESERVE PINOT BLANC &#8211; GUSTAVE LORENTZ"},"content":{"rendered":"<h3><strong><em>P\u00ebrshkrimi i Ver\u00ebs: RESERVE PINOT BLANC &#8211; GUSTAVE LORENTZ<\/em><\/strong><\/h3>\n<p><em><strong>Detaje t\u00eb Prodhimit:<\/strong><\/em><\/p>\n<p>R\u00e9serve Pinot Blanc nga Gustave Lorentz \u00ebsht\u00eb nj\u00eb ver\u00eb e bardh\u00eb elegante dhe e ekuilibruar, q\u00eb pasqyron tradit\u00ebn dhe cil\u00ebsin\u00eb e kantin\u00ebs alsasiane. E prodhuar nga rrushi Pinot Blanc i kultivuar n\u00eb tokat g\u00eblqerore t\u00eb Alsace-s, kjo ver\u00eb karakterizohet nga freskia, delikatesa dhe nj\u00eb struktur\u00eb e but\u00eb, duke e b\u00ebr\u00eb nj\u00eb zgjedhje t\u00eb shk\u00eblqyer p\u00ebr nj\u00eb gam\u00eb t\u00eb gjer\u00eb ushqimesh.<\/p>\n<hr \/>\n<h3><strong><em>Karakteristikat<\/em><\/strong><\/h3>\n<ul>\n<li><strong>Ngjyra<\/strong>: Ngjyr\u00eb e verdh\u00eb e \u00e7el\u00ebt me reflektime t\u00eb arta, q\u00eb tregon past\u00ebrtin\u00eb dhe freskin\u00eb e ver\u00ebs.<\/li>\n<li><strong>Aroma<\/strong>: Aroma \u00ebsht\u00eb e rafinuar dhe e hapur, me nota frutash t\u00eb bardha si moll\u00eb, dardh\u00eb dhe pjeshk\u00eb e bardh\u00eb, t\u00eb shoq\u00ebruara me prekje agrumesh dhe nj\u00eb nuanc\u00eb t\u00eb but\u00eb lulesh. Nj\u00eb sfond i leht\u00eb mineral shton kompleksitetin aromatik.<\/li>\n<li><strong>Shija<\/strong>: Esht\u00eb e fresk\u00ebt dhe e but\u00eb, me nj\u00eb ekuilib\u00ebr t\u00eb shk\u00eblqyer mes aciditetit t\u00eb gjall\u00eb dhe nj\u00eb ndjesie t\u00eb rrumbullakosur n\u00eb qiellz\u00eb. Ka nj\u00eb struktur\u00eb t\u00eb leht\u00eb deri mesatare dhe nj\u00eb p\u00ebrfundim t\u00eb k\u00ebndsh\u00ebm e t\u00eb fresk\u00ebt, me nj\u00eb ndjenj\u00eb t\u00eb leht\u00eb kremoziteti.<\/li>\n<\/ul>\n<hr \/>\n<h3><em><strong>Shoq\u00ebrime t\u00eb Sugjeruara<\/strong><\/em><\/h3>\n<p><em>KombiAnohet n\u00eb m\u00ebnyr\u00eb t\u00eb shk\u00eblqyer me:<\/em><\/p>\n<ul>\n<li>Peshk t\u00eb fresk\u00ebt,<\/li>\n<li>Sushi<\/li>\n<li>Fruta deti<\/li>\n<li>Antipasta t\u00eb lehta<\/li>\n<\/ul>","protected":false},"excerpt":{"rendered":"<p>P\u00ebrshkrimi i Ver\u00ebs: RESERVE PINOT BLANC &#8211; GUSTAVE LORENTZ Detaje t\u00eb Prodhimit: R\u00e9serve Pinot Blanc nga Gustave Lorentz \u00ebsht\u00eb nj\u00eb ver\u00eb e bardh\u00eb elegante dhe e ekuilibruar, q\u00eb pasqyron tradit\u00ebn dhe cil\u00ebsin\u00eb e kantin\u00ebs alsasiane. E prodhuar nga rrushi Pinot Blanc i kultivuar n\u00eb tokat g\u00eblqerore t\u00eb Alsace-s, kjo ver\u00eb karakterizohet nga freskia, delikatesa dhe [&hellip;]<\/p>\n","protected":false},"featured_media":7960,"template":"","meta":[],"product_brand":[],"product_cat":[58,41],"product_tag":[],"class_list":{"0":"post-6226","1":"product","2":"type-product","3":"status-publish","4":"has-post-thumbnail","6":"product_cat-vere","7":"product_cat-vere-e-bardhe","9":"first","10":"instock","11":"shipping-taxable","12":"purchasable","13":"product-type-simple"},"_links":{"self":[{"href":"https:\/\/alehandrogroup.al\/en\/wp-json\/wp\/v2\/product\/6226","targetHints":{"allow":["GET"]}}],"collection":[{"href":"https:\/\/alehandrogroup.al\/en\/wp-json\/wp\/v2\/product"}],"about":[{"href":"https:\/\/alehandrogroup.al\/en\/wp-json\/wp\/v2\/types\/product"}],"version-history":[{"count":1,"href":"https:\/\/alehandrogroup.al\/en\/wp-json\/wp\/v2\/product\/6226\/revisions"}],"predecessor-version":[{"id":7961,"href":"https:\/\/alehandrogroup.al\/en\/wp-json\/wp\/v2\/product\/6226\/revisions\/7961"}],"wp:featuredmedia":[{"embeddable":true,"href":"https:\/\/alehandrogroup.al\/en\/wp-json\/wp\/v2\/media\/7960"}],"wp:attachment":[{"href":"https:\/\/alehandrogroup.al\/en\/wp-json\/wp\/v2\/media?parent=6226"}],"wp:term":[{"taxonomy":"product_brand","embeddable":true,"href":"https:\/\/alehandrogroup.al\/en\/wp-json\/wp\/v2\/product_brand?post=6226"},{"taxonomy":"product_cat","embeddable":true,"href":"https:\/\/alehandrogroup.al\/en\/wp-json\/wp\/v2\/product_cat?post=6226"},{"taxonomy":"product_tag","embeddable":true,"href":"https:\/\/alehandrogroup.al\/en\/wp-json\/wp\/v2\/product_tag?post=6226"}],"curies":[{"name":"wp","href":"https:\/\/api.w.org\/{rel}","templated":true}]}}