{"id":6223,"date":"2025-02-10T14:47:55","date_gmt":"2025-02-10T14:47:55","guid":{"rendered":"https:\/\/alehandrogroup.al\/?post_type=product&#038;p=6223"},"modified":"2025-12-02T12:43:30","modified_gmt":"2025-12-02T12:43:30","slug":"codice-v-vermentino-maremma-marchesi-mazzei","status":"publish","type":"product","link":"https:\/\/alehandrogroup.al\/en\/product\/codice-v-vermentino-maremma-marchesi-mazzei\/","title":{"rendered":"CODICE V VERMENTINO MAREMMA &#8211; MARCHESI MAZZEI"},"content":{"rendered":"<h3><strong><em>P\u00ebrshkrimi i Ver\u00ebs: CODICE V VERMENTINO MAREMMA &#8211; MARCHESI MAZZEI<\/em><\/strong><\/h3>\n<p><em><strong>Detaje t\u00eb Prodhimit:<\/strong><\/em><\/p>\n<p>Codice V \u00ebsht\u00eb nj\u00eb ver\u00eb e bardh\u00eb elegante dhe e fresk\u00ebt, e prodhuar nga varieteti autentik Vermentino, i cili shprehet n\u00eb m\u00ebnyr\u00eb t\u00eb shk\u00eblqyer n\u00eb zon\u00ebn e Maremma-s, Toskan\u00eb. Kjo ver\u00eb pasqyron tiparet e mesdhetare t\u00eb territorit, duke kombinuar freskin\u00eb, aromat delikate dhe nj\u00eb struktur\u00eb t\u00eb rafinuar.<\/p>\n<hr \/>\n<h3><strong><em>Karakteristikat<\/em><\/strong><\/h3>\n<ul>\n<li><strong>Ngjyra<\/strong>: Ngjyr\u00eb e verdh\u00eb e \u00e7el\u00ebt me reflektime t\u00eb arta dhe t\u00eb gjelbra, q\u00eb tregon freskin\u00eb dhe gjall\u00ebrin\u00eb e ver\u00ebs.<\/li>\n<li><strong>Aroma<\/strong>: Aroma \u00ebsht\u00eb e nd\u00ebrlikuar dhe e pasur me nuanca frutash agrume si limoni dhe mandarina, t\u00eb ndjekura nga nota delikate t\u00eb pjeshk\u00ebs s\u00eb bardh\u00eb, barishteve mesdhetare dhe nj\u00eb prekje minerale q\u00eb vjen nga toka e pasur e Maremma-s.<\/li>\n<li><strong>Shija<\/strong>: N\u00eb shije, Codice V \u00ebsht\u00eb e fresk\u00ebt dhe e ekuilibruar, me nj\u00eb aciditet t\u00eb gjall\u00eb dhe nj\u00eb struktur\u00eb t\u00eb leht\u00eb, por t\u00eb q\u00ebndrueshme. Shija vazhdon me nota t\u00eb agrumeve dhe frutave t\u00eb bardha, t\u00eb nd\u00ebrthurura me nj\u00eb ndjesi minerale dhe nj\u00eb p\u00ebrfundim t\u00eb gjat\u00eb e t\u00eb past\u00ebr.<\/li>\n<\/ul>\n<hr \/>\n<h3><em><strong>Shoq\u00ebrime t\u00eb Sugjeruara<\/strong><\/em><\/h3>\n<p><em>KombiAnohet n\u00eb m\u00ebnyr\u00eb t\u00eb shk\u00eblqyer me:<\/em><\/p>\n<ul>\n<li>Peshk t\u00eb fresk\u00ebt,<\/li>\n<li>Sushi<\/li>\n<li>Fruta deti<\/li>\n<li>Antipasta t\u00eb lehta<\/li>\n<\/ul>","protected":false},"excerpt":{"rendered":"<p>P\u00ebrshkrimi i Ver\u00ebs: CODICE V VERMENTINO MAREMMA &#8211; MARCHESI MAZZEI Detaje t\u00eb Prodhimit: Codice V \u00ebsht\u00eb nj\u00eb ver\u00eb e bardh\u00eb elegante dhe e fresk\u00ebt, e prodhuar nga varieteti autentik Vermentino, i cili shprehet n\u00eb m\u00ebnyr\u00eb t\u00eb shk\u00eblqyer n\u00eb zon\u00ebn e Maremma-s, Toskan\u00eb. Kjo ver\u00eb pasqyron tiparet e mesdhetare t\u00eb territorit, duke kombinuar freskin\u00eb, aromat delikate [&hellip;]<\/p>\n","protected":false},"featured_media":7743,"template":"","meta":[],"product_brand":[],"product_cat":[58,41],"product_tag":[],"class_list":{"0":"post-6223","1":"product","2":"type-product","3":"status-publish","4":"has-post-thumbnail","6":"product_cat-vere","7":"product_cat-vere-e-bardhe","9":"first","10":"instock","11":"shipping-taxable","12":"purchasable","13":"product-type-simple"},"_links":{"self":[{"href":"https:\/\/alehandrogroup.al\/en\/wp-json\/wp\/v2\/product\/6223","targetHints":{"allow":["GET"]}}],"collection":[{"href":"https:\/\/alehandrogroup.al\/en\/wp-json\/wp\/v2\/product"}],"about":[{"href":"https:\/\/alehandrogroup.al\/en\/wp-json\/wp\/v2\/types\/product"}],"version-history":[{"count":1,"href":"https:\/\/alehandrogroup.al\/en\/wp-json\/wp\/v2\/product\/6223\/revisions"}],"predecessor-version":[{"id":7744,"href":"https:\/\/alehandrogroup.al\/en\/wp-json\/wp\/v2\/product\/6223\/revisions\/7744"}],"wp:featuredmedia":[{"embeddable":true,"href":"https:\/\/alehandrogroup.al\/en\/wp-json\/wp\/v2\/media\/7743"}],"wp:attachment":[{"href":"https:\/\/alehandrogroup.al\/en\/wp-json\/wp\/v2\/media?parent=6223"}],"wp:term":[{"taxonomy":"product_brand","embeddable":true,"href":"https:\/\/alehandrogroup.al\/en\/wp-json\/wp\/v2\/product_brand?post=6223"},{"taxonomy":"product_cat","embeddable":true,"href":"https:\/\/alehandrogroup.al\/en\/wp-json\/wp\/v2\/product_cat?post=6223"},{"taxonomy":"product_tag","embeddable":true,"href":"https:\/\/alehandrogroup.al\/en\/wp-json\/wp\/v2\/product_tag?post=6223"}],"curies":[{"name":"wp","href":"https:\/\/api.w.org\/{rel}","templated":true}]}}