{"id":6221,"date":"2025-02-10T14:43:41","date_gmt":"2025-02-10T14:43:41","guid":{"rendered":"https:\/\/alehandrogroup.al\/?post_type=product&#038;p=6221"},"modified":"2025-12-24T10:26:29","modified_gmt":"2025-12-24T10:26:29","slug":"poggio-badiola-marchesi-mazzei","status":"publish","type":"product","link":"https:\/\/alehandrogroup.al\/en\/product\/poggio-badiola-marchesi-mazzei\/","title":{"rendered":"POGGIO BADIOLA &#8211; MARCHESI MAZZEI"},"content":{"rendered":"<h3><strong><em>P\u00ebrshkrimi i Ver\u00ebs: POGGIO BADIOLA &#8211; MARCHESI MAZZEI<\/em><\/strong><\/h3>\n<p><em><strong>Detaje t\u00eb Prodhimit:<\/strong><\/em><\/p>\n<p>Poggio Badiola \u00ebsht\u00eb nj\u00eb ver\u00eb e kuqe elegante dhe komplekse, q\u00eb mish\u00ebron m\u00eb s\u00eb miri stilin dhe tradit\u00ebn e ver\u00ebrave superiore t\u00eb Toskan\u00ebs. Kjo ver\u00eb \u00ebsht\u00eb nj\u00eb p\u00ebrzierje harmonike e Sangiovese dhe Merlot, dy varietete q\u00eb bashk\u00ebveprojn\u00eb n\u00eb m\u00ebnyr\u00eb perfekte p\u00ebr t\u00eb krijuar nj\u00eb shije t\u00eb pasur dhe t\u00eb ekuilibruar.<\/p>\n<hr \/>\n<h3><strong><em>Karakteristikat<\/em><\/strong><\/h3>\n<ul>\n<li><strong>Ngjyra<\/strong>: E kuqe rubin e thell\u00eb me reflektime t\u00eb lehta vjollc\u00eb, duke treguar rinin\u00eb dhe freskin\u00eb e ver\u00ebs.<\/li>\n<li><strong>Aroma<\/strong>: Aroma \u00ebsht\u00eb e sofistikuar dhe intensive, me nj\u00eb spekt\u00ebr t\u00eb gjer\u00eb nuancash. N\u00eb fillim dallohen aroma t\u00eb frutave t\u00eb pjekura si qershia e zez\u00eb, mjedra dhe kumbulla, t\u00eb cilat plot\u00ebsohen nga nota pikante t\u00eb piperit t\u00eb zi, vaniljes dhe nj\u00eb prekje minerale. Nj\u00eb sfond i leht\u00eb i \u00e7okollat\u00ebs s\u00eb zez\u00eb dhe duhanit jep m\u00eb shum\u00eb kompleksitet dhe fines\u00eb.<\/li>\n<li><strong>Shija<\/strong>: N\u00eb shije, Poggio Badiola ofron nj\u00eb ekuilib\u00ebr t\u00eb shk\u00eblqyer midis freskis\u00eb dhe struktur\u00ebs. Sangiovese i jep aciditet dhe karakter t\u00eb gjall\u00eb, nd\u00ebrsa Merlot e zbut duke sjell\u00eb nj\u00eb tekstur\u00eb t\u00eb but\u00eb dhe tanine t\u00eb rafinuara. Ver\u00eb ka nj\u00eb trup mesatar deri n\u00eb t\u00eb plot\u00eb, me nj\u00eb ndjesi t\u00eb k\u00ebndshme n\u00eb goj\u00eb dhe nj\u00eb p\u00ebrfundim t\u00eb gjat\u00eb e t\u00eb k\u00ebndsh\u00ebm.<\/li>\n<\/ul>\n<hr \/>\n<h3><em><strong>Shoq\u00ebrime t\u00eb Sugjeruara<\/strong><\/em><\/h3>\n<p><em>KombiAnohet n\u00eb m\u00ebnyr\u00eb t\u00eb shk\u00eblqyer me:<\/em><\/p>\n<ul>\n<li>Mish t\u00eb kuq t\u00eb pjekur<\/li>\n<li>Antipasta<\/li>\n<li>Pasta<\/li>\n<li><span class=\"selectable-text copyable-text false\">Djath\u00eb i Stazhonuar<\/span><\/li>\n<\/ul>","protected":false},"excerpt":{"rendered":"<p>P\u00ebrshkrimi i Ver\u00ebs: POGGIO BADIOLA &#8211; MARCHESI MAZZEI Detaje t\u00eb Prodhimit: Poggio Badiola \u00ebsht\u00eb nj\u00eb ver\u00eb e kuqe elegante dhe komplekse, q\u00eb mish\u00ebron m\u00eb s\u00eb miri stilin dhe tradit\u00ebn e ver\u00ebrave superiore t\u00eb Toskan\u00ebs. Kjo ver\u00eb \u00ebsht\u00eb nj\u00eb p\u00ebrzierje harmonike e Sangiovese dhe Merlot, dy varietete q\u00eb bashk\u00ebveprojn\u00eb n\u00eb m\u00ebnyr\u00eb perfekte p\u00ebr t\u00eb krijuar nj\u00eb [&hellip;]<\/p>\n","protected":false},"featured_media":7925,"template":"","meta":[],"product_brand":[],"product_cat":[58,46],"product_tag":[],"class_list":{"0":"post-6221","1":"product","2":"type-product","3":"status-publish","4":"has-post-thumbnail","6":"product_cat-vere","7":"product_cat-vere-e-kuqe","9":"first","10":"instock","11":"shipping-taxable","12":"purchasable","13":"product-type-simple"},"_links":{"self":[{"href":"https:\/\/alehandrogroup.al\/en\/wp-json\/wp\/v2\/product\/6221","targetHints":{"allow":["GET"]}}],"collection":[{"href":"https:\/\/alehandrogroup.al\/en\/wp-json\/wp\/v2\/product"}],"about":[{"href":"https:\/\/alehandrogroup.al\/en\/wp-json\/wp\/v2\/types\/product"}],"version-history":[{"count":1,"href":"https:\/\/alehandrogroup.al\/en\/wp-json\/wp\/v2\/product\/6221\/revisions"}],"predecessor-version":[{"id":7926,"href":"https:\/\/alehandrogroup.al\/en\/wp-json\/wp\/v2\/product\/6221\/revisions\/7926"}],"wp:featuredmedia":[{"embeddable":true,"href":"https:\/\/alehandrogroup.al\/en\/wp-json\/wp\/v2\/media\/7925"}],"wp:attachment":[{"href":"https:\/\/alehandrogroup.al\/en\/wp-json\/wp\/v2\/media?parent=6221"}],"wp:term":[{"taxonomy":"product_brand","embeddable":true,"href":"https:\/\/alehandrogroup.al\/en\/wp-json\/wp\/v2\/product_brand?post=6221"},{"taxonomy":"product_cat","embeddable":true,"href":"https:\/\/alehandrogroup.al\/en\/wp-json\/wp\/v2\/product_cat?post=6221"},{"taxonomy":"product_tag","embeddable":true,"href":"https:\/\/alehandrogroup.al\/en\/wp-json\/wp\/v2\/product_tag?post=6221"}],"curies":[{"name":"wp","href":"https:\/\/api.w.org\/{rel}","templated":true}]}}