{"id":6219,"date":"2025-02-10T14:35:45","date_gmt":"2025-02-10T14:35:45","guid":{"rendered":"https:\/\/alehandrogroup.al\/?post_type=product&#038;p=6219"},"modified":"2025-12-24T10:03:23","modified_gmt":"2025-12-24T10:03:23","slug":"philip-toscana-igt-marchesi-mazzei","status":"publish","type":"product","link":"https:\/\/alehandrogroup.al\/en\/product\/philip-toscana-igt-marchesi-mazzei\/","title":{"rendered":"PHILIP TOSCANA IGT- MARCHESI MAZZEI"},"content":{"rendered":"<h3><strong><em>P\u00ebrshkrimi i Ver\u00ebs: PHILIP TOSCANA IGT- MARCHESI MAZZEI<\/em><\/strong><\/h3>\n<p><em><strong>Detaje t\u00eb Prodhimit:<\/strong><\/em><\/p>\n<p>Philip Toscana IGT \u00ebsht\u00eb nj\u00eb ver\u00eb e kuqe elegante dhe komplekse, e frym\u00ebzuar nga figura e Filip Mazzei-t, nj\u00eb nga pionier\u00ebt e filozofis\u00eb s\u00eb lirive dhe mik i ngusht\u00eb i Thomas Jefferson-it. Kjo ver\u00eb p\u00ebrfaq\u00ebson m\u00eb s\u00eb miri shprehjen e past\u00ebr t\u00eb Cabernet Sauvignon nga toka toskane.<\/p>\n<hr \/>\n<h3><strong><em>Karakteristikat<\/em><\/strong><\/h3>\n<ul>\n<li><strong>Ngjyra<\/strong>: N\u00eb got\u00eb shfaqet me nj\u00eb ngjyr\u00eb t\u00eb kuqe rubini t\u00eb thell\u00eb dhe intensive.<\/li>\n<li><strong>Aroma<\/strong>: Arom\u00eb \u00ebsht\u00eb e pasur dhe shum\u00eb e nd\u00ebrlikuar, me nota t\u00eb theksuara frutash t\u00eb pjekura si manaferrat dhe kumbullat, t\u00eb nd\u00ebrthurura me nuanca er\u00ebzash, duhani dhe kakao.<\/li>\n<li><strong>Shija<\/strong>: N\u00eb shije \u00ebsht\u00eb e fuqishme dhe e balancuar, me tanin\u00eb t\u00eb buta dhe nj\u00eb struktur\u00eb t\u00eb plot\u00eb q\u00eb i jep nj\u00eb gjat\u00ebsi t\u00eb shk\u00eblqyer n\u00eb fund.<\/li>\n<\/ul>\n<hr \/>\n<h3><em><strong>Shoq\u00ebrime t\u00eb Sugjeruara<\/strong><\/em><\/h3>\n<p><em>KombiAnohet n\u00eb m\u00ebnyr\u00eb t\u00eb shk\u00eblqyer me:<\/em><\/p>\n<ul>\n<li>Mish t\u00eb kuq t\u00eb pjekur<\/li>\n<li>Pasta<\/li>\n<li><span class=\"selectable-text copyable-text false\">Djath\u00eb i Stazhonuar<\/span><\/li>\n<\/ul>","protected":false},"excerpt":{"rendered":"<p>P\u00ebrshkrimi i Ver\u00ebs: PHILIP TOSCANA IGT- MARCHESI MAZZEI Detaje t\u00eb Prodhimit: Philip Toscana IGT \u00ebsht\u00eb nj\u00eb ver\u00eb e kuqe elegante dhe komplekse, e frym\u00ebzuar nga figura e Filip Mazzei-t, nj\u00eb nga pionier\u00ebt e filozofis\u00eb s\u00eb lirive dhe mik i ngusht\u00eb i Thomas Jefferson-it. Kjo ver\u00eb p\u00ebrfaq\u00ebson m\u00eb s\u00eb miri shprehjen e past\u00ebr t\u00eb Cabernet Sauvignon [&hellip;]<\/p>\n","protected":false},"featured_media":7907,"template":"","meta":[],"product_brand":[],"product_cat":[58,46],"product_tag":[],"class_list":{"0":"post-6219","1":"product","2":"type-product","3":"status-publish","4":"has-post-thumbnail","6":"product_cat-vere","7":"product_cat-vere-e-kuqe","9":"first","10":"instock","11":"shipping-taxable","12":"purchasable","13":"product-type-simple"},"_links":{"self":[{"href":"https:\/\/alehandrogroup.al\/en\/wp-json\/wp\/v2\/product\/6219","targetHints":{"allow":["GET"]}}],"collection":[{"href":"https:\/\/alehandrogroup.al\/en\/wp-json\/wp\/v2\/product"}],"about":[{"href":"https:\/\/alehandrogroup.al\/en\/wp-json\/wp\/v2\/types\/product"}],"version-history":[{"count":1,"href":"https:\/\/alehandrogroup.al\/en\/wp-json\/wp\/v2\/product\/6219\/revisions"}],"predecessor-version":[{"id":7908,"href":"https:\/\/alehandrogroup.al\/en\/wp-json\/wp\/v2\/product\/6219\/revisions\/7908"}],"wp:featuredmedia":[{"embeddable":true,"href":"https:\/\/alehandrogroup.al\/en\/wp-json\/wp\/v2\/media\/7907"}],"wp:attachment":[{"href":"https:\/\/alehandrogroup.al\/en\/wp-json\/wp\/v2\/media?parent=6219"}],"wp:term":[{"taxonomy":"product_brand","embeddable":true,"href":"https:\/\/alehandrogroup.al\/en\/wp-json\/wp\/v2\/product_brand?post=6219"},{"taxonomy":"product_cat","embeddable":true,"href":"https:\/\/alehandrogroup.al\/en\/wp-json\/wp\/v2\/product_cat?post=6219"},{"taxonomy":"product_tag","embeddable":true,"href":"https:\/\/alehandrogroup.al\/en\/wp-json\/wp\/v2\/product_tag?post=6219"}],"curies":[{"name":"wp","href":"https:\/\/api.w.org\/{rel}","templated":true}]}}