{"id":6212,"date":"2025-02-07T15:05:17","date_gmt":"2025-02-07T15:05:17","guid":{"rendered":"https:\/\/alehandrogroup.al\/?post_type=product&#038;p=6212"},"modified":"2025-12-26T11:50:14","modified_gmt":"2025-12-26T11:50:14","slug":"ser-lapo-chianti-riserva-marchesi-mazzei","status":"publish","type":"product","link":"https:\/\/alehandrogroup.al\/en\/product\/ser-lapo-chianti-riserva-marchesi-mazzei\/","title":{"rendered":"SER LAPO CHIANTI RISERVA &#8211; MARCHESI MAZZEI"},"content":{"rendered":"<h3><strong><em>P\u00ebrshkrimi i Ver\u00ebs: SER LAPO CHIANTI RISERVA &#8211; MARCHESI MAZZEI<\/em><\/strong><\/h3>\n<p><em><strong>Detaje t\u00eb Prodhimit:<\/strong><\/em><\/p>\n<p><strong>Ser Lapo Chianti Riserva<\/strong>\u00a0\u00ebsht\u00eb nj\u00eb ver\u00eb klasike toskane, q\u00eb mish\u00ebron n\u00eb m\u00ebnyr\u00eb t\u00eb p\u00ebrkryer tradit\u00ebn dhe cil\u00ebsin\u00eb e ver\u00ebrave Chianti Classico. E prodhuar kryesisht nga <strong>Sangiovese<\/strong> me nj\u00eb p\u00ebrqindje t\u00eb vog\u00ebl t\u00eb rrushit <strong>Merlot<\/strong>, kjo ver\u00eb ka nj\u00eb karakter t\u00eb fuqish\u00ebm, t\u00eb strukturuar dhe me potencial t\u00eb shk\u00eblqyer p\u00ebr vjet\u00ebrsim.<\/p>\n<hr \/>\n<h3><strong><em>Karakteristikat<\/em><\/strong><\/h3>\n<ul>\n<li><strong>Ngjyra<\/strong>: N\u00eb pamje, <strong>Ser Lapo<\/strong> shfaq nj\u00eb <strong>ngjyr\u00eb t\u00eb kuqe rubin t\u00eb thell\u00eb<\/strong>, me reflektime granate q\u00eb vijn\u00eb si rezultat i vjet\u00ebrsimit.<\/li>\n<li><strong>Aroma<\/strong>: Arom\u00eb \u00ebsht\u00eb <strong>intensive dhe elegante<\/strong>, duke sjell\u00eb nuanca <strong>frutash t\u00eb pjekura si qershi e zez\u00eb dhe kumbull, t\u00eb nd\u00ebrthurura me nota t\u00eb lehta t\u00eb specit t\u00eb zi, vaniljes dhe nj\u00eb prekje t\u00eb duhanit dhe l\u00ebvores s\u00eb drurit<\/strong>.<\/li>\n<li><strong>Shija<\/strong>: Esht\u00eb <strong>e fuqishme dhe e balancuar<\/strong>, me nj\u00eb aciditet t\u00eb fresk\u00ebt dhe tanina t\u00eb pranishme, por t\u00eb buta. Sangiovese i jep ver\u00ebs nj\u00eb struktur\u00eb t\u00eb fort\u00eb dhe nj\u00eb ndjenj\u00eb elegance, nd\u00ebrsa Merlot shton but\u00ebsi dhe thell\u00ebsi. P\u00ebrfundimi \u00ebsht\u00eb <strong>i gjat\u00eb dhe kompleks<\/strong>, me nota t\u00eb frutave t\u00eb kuqe, er\u00ebzave dhe nj\u00eb prekje minerale t\u00eb k\u00ebndshme.<\/li>\n<\/ul>\n<hr \/>\n<h3><em><strong>Shoq\u00ebrime t\u00eb Sugjeruara<\/strong><\/em><\/h3>\n<p><em>KombiAnohet n\u00eb m\u00ebnyr\u00eb t\u00eb shk\u00eblqyer me:<\/em><\/p>\n<ul>\n<li>Mish t\u00eb kuq t\u00eb pjekur<\/li>\n<li>Pasta<\/li>\n<li><span class=\"selectable-text copyable-text false\">Djath\u00eb i Stazhonuar<\/span><\/li>\n<\/ul>","protected":false},"excerpt":{"rendered":"<p>P\u00ebrshkrimi i Ver\u00ebs: SER LAPO CHIANTI RISERVA &#8211; MARCHESI MAZZEI Detaje t\u00eb Prodhimit: Ser Lapo Chianti Riserva\u00a0\u00ebsht\u00eb nj\u00eb ver\u00eb klasike toskane, q\u00eb mish\u00ebron n\u00eb m\u00ebnyr\u00eb t\u00eb p\u00ebrkryer tradit\u00ebn dhe cil\u00ebsin\u00eb e ver\u00ebrave Chianti Classico. E prodhuar kryesisht nga Sangiovese me nj\u00eb p\u00ebrqindje t\u00eb vog\u00ebl t\u00eb rrushit Merlot, kjo ver\u00eb ka nj\u00eb karakter t\u00eb fuqish\u00ebm, t\u00eb [&hellip;]<\/p>\n","protected":false},"featured_media":8009,"template":"","meta":[],"product_brand":[],"product_cat":[58,46],"product_tag":[],"class_list":{"0":"post-6212","1":"product","2":"type-product","3":"status-publish","4":"has-post-thumbnail","6":"product_cat-vere","7":"product_cat-vere-e-kuqe","9":"first","10":"instock","11":"shipping-taxable","12":"purchasable","13":"product-type-simple"},"_links":{"self":[{"href":"https:\/\/alehandrogroup.al\/en\/wp-json\/wp\/v2\/product\/6212","targetHints":{"allow":["GET"]}}],"collection":[{"href":"https:\/\/alehandrogroup.al\/en\/wp-json\/wp\/v2\/product"}],"about":[{"href":"https:\/\/alehandrogroup.al\/en\/wp-json\/wp\/v2\/types\/product"}],"version-history":[{"count":1,"href":"https:\/\/alehandrogroup.al\/en\/wp-json\/wp\/v2\/product\/6212\/revisions"}],"predecessor-version":[{"id":8010,"href":"https:\/\/alehandrogroup.al\/en\/wp-json\/wp\/v2\/product\/6212\/revisions\/8010"}],"wp:featuredmedia":[{"embeddable":true,"href":"https:\/\/alehandrogroup.al\/en\/wp-json\/wp\/v2\/media\/8009"}],"wp:attachment":[{"href":"https:\/\/alehandrogroup.al\/en\/wp-json\/wp\/v2\/media?parent=6212"}],"wp:term":[{"taxonomy":"product_brand","embeddable":true,"href":"https:\/\/alehandrogroup.al\/en\/wp-json\/wp\/v2\/product_brand?post=6212"},{"taxonomy":"product_cat","embeddable":true,"href":"https:\/\/alehandrogroup.al\/en\/wp-json\/wp\/v2\/product_cat?post=6212"},{"taxonomy":"product_tag","embeddable":true,"href":"https:\/\/alehandrogroup.al\/en\/wp-json\/wp\/v2\/product_tag?post=6212"}],"curies":[{"name":"wp","href":"https:\/\/api.w.org\/{rel}","templated":true}]}}