{"id":6210,"date":"2025-02-07T15:01:12","date_gmt":"2025-02-07T15:01:12","guid":{"rendered":"https:\/\/alehandrogroup.al\/?post_type=product&#038;p=6210"},"modified":"2025-12-26T11:59:38","modified_gmt":"2025-12-26T11:59:38","slug":"siepi-toscana-igt-marchesi-mazzei","status":"publish","type":"product","link":"https:\/\/alehandrogroup.al\/en\/product\/siepi-toscana-igt-marchesi-mazzei\/","title":{"rendered":"SIEPI  TOSCANA IGT &#8211; MARCHESI MAZZEI"},"content":{"rendered":"<h3><strong><em>P\u00ebrshkrimi i Ver\u00ebs: SIEPI TOSCANA IGT &#8211; MARCHESI MAZZEI<\/em><\/strong><\/h3>\n<p><em><strong>Detaje t\u00eb Prodhimit:<\/strong><\/em><\/p>\n<p><strong>Siepi Toscana IGT <\/strong>\u00ebsht\u00eb nj\u00eb ver\u00eb e jasht\u00ebzakonshme, e cil\u00ebsuar si nj\u00eb nga ver\u00ebrat m\u00eb t\u00eb mira t\u00eb Toskan\u00ebs, nj\u00eb kombinim i shk\u00eblqyer mes tradit\u00ebs dhe inovacionit. E prodhuar nga nj\u00eb p\u00ebrzierje e rrushit <strong>Sangiovese dhe Merlot<\/strong>, kjo ver\u00eb shfaq eleganc\u00eb, struktur\u00eb dhe kompleksitet t\u00eb jasht\u00ebzakonsh\u00ebm, duke pasqyruar n\u00eb m\u00ebnyr\u00eb perfekte karakterin unik t\u00eb terroirit toskan.<\/p>\n<hr \/>\n<h3><strong><em>Karakteristikat<\/em><\/strong><\/h3>\n<ul>\n<li><strong>Ngjyra<\/strong>: <strong>Siepi<\/strong> ka nj\u00eb <strong>ngjyr\u00eb t\u00eb kuqe rubin t\u00eb thell\u00eb dhe t\u00eb pasur<\/strong>, me reflektime vjollc\u00eb q\u00eb tregojn\u00eb freskin\u00eb dhe potencialin e saj t\u00eb gjat\u00eb p\u00ebr vjet\u00ebrsim.<\/li>\n<li><strong>Aroma<\/strong>: Arom\u00eb \u00ebsht\u00eb <strong>intensive dhe elegante<\/strong>, me nota t\u00eb pasura t\u00eb <strong>frutave t\u00eb pjekura si manaferra, boronica dhe kumbulla t\u00eb zeza<\/strong>, t\u00eb nd\u00ebrthurura me nuanca <strong>er\u00ebzash t\u00eb \u00ebmbla, \u00e7okollate t\u00eb zez\u00eb, vanilje dhe nj\u00eb prekje t\u00eb leht\u00eb t\u00eb duhanit dhe l\u00ebkur\u00ebs s\u00eb but\u00eb<\/strong>.<\/li>\n<li><strong>Shija<\/strong>:\u00a0Esht\u00eb e <strong>plot\u00eb, e pasur dhe e balancuar n\u00eb m\u00ebnyr\u00eb t\u00eb p\u00ebrsosur<\/strong>. Sangiovese i jep ver\u00ebs nj\u00eb struktur\u00eb t\u00eb fort\u00eb dhe aciditet t\u00eb fresk\u00ebt, nd\u00ebrsa Merlot sjell but\u00ebsi, eleganc\u00eb dhe nj\u00eb tekstur\u00eb t\u00eb m\u00ebndafsht\u00eb. <strong>Taninat jan\u00eb t\u00eb integruara n\u00eb m\u00ebnyr\u00eb t\u00eb shk\u00eblqyer<\/strong>, duke i dh\u00ebn\u00eb ver\u00ebs nj\u00eb trup t\u00eb fuqish\u00ebm, por t\u00eb rafinuar. P\u00ebrfundimi \u00ebsht\u00eb i gjat\u00eb, kompleks dhe i mbushur me nuanca t\u00eb frutave t\u00eb err\u00ebta, er\u00ebzave dhe mineraleve t\u00eb holla.<\/li>\n<\/ul>\n<hr \/>\n<h3><em><strong>Shoq\u00ebrime t\u00eb Sugjeruara<\/strong><\/em><\/h3>\n<p><em>KombiAnohet n\u00eb m\u00ebnyr\u00eb t\u00eb shk\u00eblqyer me:<\/em><\/p>\n<ul>\n<li>Mish t\u00eb kuq t\u00eb pjekur<\/li>\n<li>Biftek Fiorentina<\/li>\n<li>Gjah<\/li>\n<li>Pasta<\/li>\n<li>Gatime t\u00eb rafinuara t\u00eb kuzhin\u00ebs mesdhetare<\/li>\n<li><span class=\"selectable-text copyable-text false\">Djath\u00eb i Stazhonuar<\/span><\/li>\n<\/ul>\n<p><strong>Eshte nj\u00eb zgjedhje perfekte p\u00ebr event speciale dhe darka t\u00eb ve\u00e7anta.<\/strong><\/p>","protected":false},"excerpt":{"rendered":"<p>P\u00ebrshkrimi i Ver\u00ebs: SIEPI TOSCANA IGT &#8211; MARCHESI MAZZEI Detaje t\u00eb Prodhimit: Siepi Toscana IGT \u00ebsht\u00eb nj\u00eb ver\u00eb e jasht\u00ebzakonshme, e cil\u00ebsuar si nj\u00eb nga ver\u00ebrat m\u00eb t\u00eb mira t\u00eb Toskan\u00ebs, nj\u00eb kombinim i shk\u00eblqyer mes tradit\u00ebs dhe inovacionit. E prodhuar nga nj\u00eb p\u00ebrzierje e rrushit Sangiovese dhe Merlot, kjo ver\u00eb shfaq eleganc\u00eb, struktur\u00eb dhe [&hellip;]<\/p>\n","protected":false},"featured_media":8017,"template":"","meta":[],"product_brand":[],"product_cat":[58,46],"product_tag":[],"class_list":{"0":"post-6210","1":"product","2":"type-product","3":"status-publish","4":"has-post-thumbnail","6":"product_cat-vere","7":"product_cat-vere-e-kuqe","9":"first","10":"instock","11":"shipping-taxable","12":"purchasable","13":"product-type-simple"},"_links":{"self":[{"href":"https:\/\/alehandrogroup.al\/en\/wp-json\/wp\/v2\/product\/6210","targetHints":{"allow":["GET"]}}],"collection":[{"href":"https:\/\/alehandrogroup.al\/en\/wp-json\/wp\/v2\/product"}],"about":[{"href":"https:\/\/alehandrogroup.al\/en\/wp-json\/wp\/v2\/types\/product"}],"version-history":[{"count":1,"href":"https:\/\/alehandrogroup.al\/en\/wp-json\/wp\/v2\/product\/6210\/revisions"}],"predecessor-version":[{"id":8018,"href":"https:\/\/alehandrogroup.al\/en\/wp-json\/wp\/v2\/product\/6210\/revisions\/8018"}],"wp:featuredmedia":[{"embeddable":true,"href":"https:\/\/alehandrogroup.al\/en\/wp-json\/wp\/v2\/media\/8017"}],"wp:attachment":[{"href":"https:\/\/alehandrogroup.al\/en\/wp-json\/wp\/v2\/media?parent=6210"}],"wp:term":[{"taxonomy":"product_brand","embeddable":true,"href":"https:\/\/alehandrogroup.al\/en\/wp-json\/wp\/v2\/product_brand?post=6210"},{"taxonomy":"product_cat","embeddable":true,"href":"https:\/\/alehandrogroup.al\/en\/wp-json\/wp\/v2\/product_cat?post=6210"},{"taxonomy":"product_tag","embeddable":true,"href":"https:\/\/alehandrogroup.al\/en\/wp-json\/wp\/v2\/product_tag?post=6210"}],"curies":[{"name":"wp","href":"https:\/\/api.w.org\/{rel}","templated":true}]}}