{"id":6206,"date":"2025-02-07T14:48:02","date_gmt":"2025-02-07T14:48:02","guid":{"rendered":"https:\/\/alehandrogroup.al\/?post_type=product&#038;p=6206"},"modified":"2025-11-22T12:27:06","modified_gmt":"2025-11-22T12:27:06","slug":"poggio-alle-gazze-tenuta-dellornellaia","status":"publish","type":"product","link":"https:\/\/alehandrogroup.al\/en\/product\/poggio-alle-gazze-tenuta-dellornellaia\/","title":{"rendered":"POGGIO ALLE GAZZE &#8211; TENUTA DELL&#8217;ORNELLAIA"},"content":{"rendered":"<h3><strong><em>P\u00ebrshkrimi i Ver\u00ebs: POGGIO ALLE GAZZE &#8211; TENUTA DELL&#8217;ORNELLAIA<\/em><\/strong><\/h3>\n<p><em><strong>Detaje t\u00eb Prodhimit:<\/strong><\/em><\/p>\n<p><strong>Poggio alle Gazze <\/strong>\u00ebsht\u00eb nj\u00eb ver\u00eb e bardh\u00eb elegante dhe komplekse, e cila pasqyron me mjesht\u00ebri potencialin e <strong>Sauvignon Blanc<\/strong>, varietetit dominues n\u00eb k\u00ebt\u00eb kuvet\u00eb, t\u00eb plot\u00ebsuar nga <strong>Vermentino, Viognier dhe Verdicchio<\/strong>. Esht\u00eb nj\u00eb ver\u00eb e bardh\u00eb e jasht\u00ebzakonshme, q\u00eb shpreh eleganc\u00ebn dhe kompleksitetin e territorit t\u00eb saj t\u00eb origjin\u00ebs, Toskana. Fal\u00eb klim\u00ebs s\u00eb favorshme bregdetare dhe mjesht\u00ebris\u00eb s\u00eb prodhimit, kjo ver\u00eb arrin t\u00eb kombinoj\u00eb freskin\u00eb e varieteteve t\u00eb saj me nj\u00eb struktur\u00eb t\u00eb pasur dhe harmonike.<\/p>\n<hr \/>\n<h3><strong><em>Karakteristikat<\/em><\/strong><\/h3>\n<ul>\n<li><strong>Ngjyra<\/strong>: N\u00eb pamje, ajo shfaqet me nj\u00eb <strong>ngjyr\u00eb t\u00eb art\u00eb t\u00eb ndritshme<\/strong>, q\u00eb reflekton freskin\u00eb dhe kompleksitetin e saj.<\/li>\n<li><strong>Aroma<\/strong>: Arom\u00eb \u00ebsht\u00eb e pasur dhe e rafinuar, me nota <strong>agrumesh t\u00eb fresk\u00ebta, frutash tropikale si mango dhe ananasi<\/strong>, t\u00eb shoq\u00ebruara nga nuanca delikate barishtesh aromatike, lule bliri dhe nj\u00eb prekje vaniljeje nga vjet\u00ebrsimi n\u00eb fu\u00e7i lisi.<\/li>\n<li><strong>Shija<\/strong>: N\u00eb shije, <strong>Poggio alle Gazze<\/strong> karakterizohet nga nj\u00eb ekuilib\u00ebr i shk\u00eblqyer midis freskis\u00eb dhe struktur\u00ebs. Ka nj\u00eb <strong>aciditet t\u00eb gjall\u00eb dhe nj\u00eb tekstur\u00eb t\u00eb but\u00eb<\/strong>, duke ofruar nj\u00eb ndjesi t\u00eb pasur dhe t\u00eb gjat\u00eb n\u00eb goj\u00eb. P\u00ebrfundimi \u00ebsht\u00eb i gjat\u00eb dhe i k\u00ebndsh\u00ebm, me nj\u00eb prekje mineralesh q\u00eb i jep ver\u00ebs nj\u00eb karakter unik dhe t\u00eb dalluesh\u00ebm.<\/li>\n<\/ul>\n<hr \/>\n<h3><em><strong>Shoq\u00ebrime t\u00eb Sugjeruara<\/strong><\/em><\/h3>\n<p><em>KombiAnohet n\u00eb m\u00ebnyr\u00eb t\u00eb shk\u00eblqyer me:<\/em><\/p>\n<ul>\n<li>Peshk t\u00eb fresk\u00ebt<\/li>\n<li>Sushi<\/li>\n<li>Pasta<\/li>\n<li>Pjatat tradicionale<\/li>\n<\/ul>\n<p><strong>Eshte nj\u00eb zgjedhje perfekte p\u00ebr event speciale dhe darka t\u00eb ve\u00e7anta.<\/strong><\/p>","protected":false},"excerpt":{"rendered":"<p>P\u00ebrshkrimi i Ver\u00ebs: POGGIO ALLE GAZZE &#8211; TENUTA DELL&#8217;ORNELLAIA Detaje t\u00eb Prodhimit: Poggio alle Gazze \u00ebsht\u00eb nj\u00eb ver\u00eb e bardh\u00eb elegante dhe komplekse, e cila pasqyron me mjesht\u00ebri potencialin e Sauvignon Blanc, varietetit dominues n\u00eb k\u00ebt\u00eb kuvet\u00eb, t\u00eb plot\u00ebsuar nga Vermentino, Viognier dhe Verdicchio. Esht\u00eb nj\u00eb ver\u00eb e bardh\u00eb e jasht\u00ebzakonshme, q\u00eb shpreh eleganc\u00ebn dhe [&hellip;]<\/p>\n","protected":false},"featured_media":7642,"template":"","meta":[],"product_brand":[],"product_cat":[58,41],"product_tag":[],"class_list":{"0":"post-6206","1":"product","2":"type-product","3":"status-publish","4":"has-post-thumbnail","6":"product_cat-vere","7":"product_cat-vere-e-bardhe","9":"first","10":"instock","11":"shipping-taxable","12":"purchasable","13":"product-type-simple"},"_links":{"self":[{"href":"https:\/\/alehandrogroup.al\/en\/wp-json\/wp\/v2\/product\/6206","targetHints":{"allow":["GET"]}}],"collection":[{"href":"https:\/\/alehandrogroup.al\/en\/wp-json\/wp\/v2\/product"}],"about":[{"href":"https:\/\/alehandrogroup.al\/en\/wp-json\/wp\/v2\/types\/product"}],"version-history":[{"count":1,"href":"https:\/\/alehandrogroup.al\/en\/wp-json\/wp\/v2\/product\/6206\/revisions"}],"predecessor-version":[{"id":7643,"href":"https:\/\/alehandrogroup.al\/en\/wp-json\/wp\/v2\/product\/6206\/revisions\/7643"}],"wp:featuredmedia":[{"embeddable":true,"href":"https:\/\/alehandrogroup.al\/en\/wp-json\/wp\/v2\/media\/7642"}],"wp:attachment":[{"href":"https:\/\/alehandrogroup.al\/en\/wp-json\/wp\/v2\/media?parent=6206"}],"wp:term":[{"taxonomy":"product_brand","embeddable":true,"href":"https:\/\/alehandrogroup.al\/en\/wp-json\/wp\/v2\/product_brand?post=6206"},{"taxonomy":"product_cat","embeddable":true,"href":"https:\/\/alehandrogroup.al\/en\/wp-json\/wp\/v2\/product_cat?post=6206"},{"taxonomy":"product_tag","embeddable":true,"href":"https:\/\/alehandrogroup.al\/en\/wp-json\/wp\/v2\/product_tag?post=6206"}],"curies":[{"name":"wp","href":"https:\/\/api.w.org\/{rel}","templated":true}]}}