{"id":6201,"date":"2025-02-07T14:40:14","date_gmt":"2025-02-07T14:40:14","guid":{"rendered":"https:\/\/alehandrogroup.al\/?post_type=product&#038;p=6201"},"modified":"2025-11-22T11:25:37","modified_gmt":"2025-11-22T11:25:37","slug":"le-serre-nuove-tenuta-dellornellaia","status":"publish","type":"product","link":"https:\/\/alehandrogroup.al\/en\/product\/le-serre-nuove-tenuta-dellornellaia\/","title":{"rendered":"LE SERRE NUOVE  &#8211; TENUTA DELL&#8217;ORNELLAIA"},"content":{"rendered":"<h3><strong><em>P\u00ebrshkrimi i Ver\u00ebs: LE SERRE NUOVE &#8211; TENUTA DELL&#8217;ORNELLAIA<\/em><\/strong><\/h3>\n<p><em><strong>Detaje t\u00eb Prodhimit:<\/strong><\/em><\/p>\n<p><strong>Le Serre Nuove<\/strong>\u00a0\u00ebsht\u00eb nj\u00eb ver\u00eb elegante dhe e strukturuar, e krijuar nga nj\u00eb p\u00ebrzierje e kujdesshme e varieteteve t\u00eb rrushit <strong>Merlot, Cabernet Sauvignon, Cabernet Franc dhe Petit Verdot<\/strong>. Ky kuvet\u00eb i rafinuar p\u00ebrfaq\u00ebson n\u00eb m\u00ebnyr\u00eb t\u00eb shk\u00eblqyer stilin dhe cil\u00ebsin\u00eb e Tenuta dell&#8217;Ornellaia, duke kombinuar freskin\u00eb dhe eleganc\u00ebn me nj\u00eb kompleksitet t\u00eb jasht\u00ebzakonsh\u00ebm<\/p>\n<hr \/>\n<h3><strong><em>Karakteristikat<\/em><\/strong><\/h3>\n<ul>\n<li><strong>Ngjyra<\/strong>: Paraqitet me nj\u00eb ngjyr\u00eb t\u00eb thell\u00eb rubin t\u00eb ndritshme dhe intensive<\/li>\n<li><strong>Aroma<\/strong>: Arom\u00eb n\u00eb hund\u00eb, hapet me aroma t\u00eb pasura frutash t\u00eb pjekura, si <strong>manaferrat, kumbullat e zeza dhe qershit\u00eb<\/strong>, t\u00eb shoq\u00ebruara nga nuanca t\u00eb buta er\u00ebzash dhe nota delikate vaniljeje, kafeje dhe druri t\u00eb rafinuar.<\/li>\n<li><strong>Shija<\/strong>: N\u00eb shije, <strong>Le Serre Nuove<\/strong> ofron nj\u00eb struktur\u00eb t\u00eb ekuilibruar, me tanin\u00eb t\u00eb buta dhe nj\u00eb freski q\u00eb e b\u00ebn ver\u00ebn t\u00eb k\u00ebndshme dhe t\u00eb gjat\u00eb n\u00eb p\u00ebrfundim. Ajo ka nj\u00eb harmoni t\u00eb shk\u00eblqyer midis intensitetit frutor dhe kompleksitetit t\u00eb nuancave t\u00eb fituara nga vjet\u00ebrsimi n\u00eb fu\u00e7i lisi.<\/li>\n<\/ul>\n<hr \/>\n<h3><em><strong>Shoq\u00ebrime t\u00eb Sugjeruara<\/strong><\/em><\/h3>\n<p><em>KombiAnohet n\u00eb m\u00ebnyr\u00eb t\u00eb shk\u00eblqyer me:<\/em><\/p>\n<ul>\n<li>Mish t\u00eb kuq t\u00eb pjekur<\/li>\n<li>Pasta<\/li>\n<li>Pjatat tradicionale<\/li>\n<li><span class=\"selectable-text copyable-text false\">Djath\u00eb i Stazhonuar<\/span><\/li>\n<\/ul>\n<p><strong>Eshte nj\u00eb zgjedhje perfekte p\u00ebr event speciale dhe darka t\u00eb ve\u00e7anta.<\/strong><\/p>","protected":false},"excerpt":{"rendered":"<p>P\u00ebrshkrimi i Ver\u00ebs: LE SERRE NUOVE &#8211; TENUTA DELL&#8217;ORNELLAIA Detaje t\u00eb Prodhimit: Le Serre Nuove\u00a0\u00ebsht\u00eb nj\u00eb ver\u00eb elegante dhe e strukturuar, e krijuar nga nj\u00eb p\u00ebrzierje e kujdesshme e varieteteve t\u00eb rrushit Merlot, Cabernet Sauvignon, Cabernet Franc dhe Petit Verdot. Ky kuvet\u00eb i rafinuar p\u00ebrfaq\u00ebson n\u00eb m\u00ebnyr\u00eb t\u00eb shk\u00eblqyer stilin dhe cil\u00ebsin\u00eb e Tenuta dell&#8217;Ornellaia, [&hellip;]<\/p>\n","protected":false},"featured_media":7599,"template":"","meta":[],"product_brand":[],"product_cat":[58,46],"product_tag":[],"class_list":{"0":"post-6201","1":"product","2":"type-product","3":"status-publish","4":"has-post-thumbnail","6":"product_cat-vere","7":"product_cat-vere-e-kuqe","9":"first","10":"instock","11":"shipping-taxable","12":"purchasable","13":"product-type-simple"},"_links":{"self":[{"href":"https:\/\/alehandrogroup.al\/en\/wp-json\/wp\/v2\/product\/6201","targetHints":{"allow":["GET"]}}],"collection":[{"href":"https:\/\/alehandrogroup.al\/en\/wp-json\/wp\/v2\/product"}],"about":[{"href":"https:\/\/alehandrogroup.al\/en\/wp-json\/wp\/v2\/types\/product"}],"version-history":[{"count":1,"href":"https:\/\/alehandrogroup.al\/en\/wp-json\/wp\/v2\/product\/6201\/revisions"}],"predecessor-version":[{"id":7600,"href":"https:\/\/alehandrogroup.al\/en\/wp-json\/wp\/v2\/product\/6201\/revisions\/7600"}],"wp:featuredmedia":[{"embeddable":true,"href":"https:\/\/alehandrogroup.al\/en\/wp-json\/wp\/v2\/media\/7599"}],"wp:attachment":[{"href":"https:\/\/alehandrogroup.al\/en\/wp-json\/wp\/v2\/media?parent=6201"}],"wp:term":[{"taxonomy":"product_brand","embeddable":true,"href":"https:\/\/alehandrogroup.al\/en\/wp-json\/wp\/v2\/product_brand?post=6201"},{"taxonomy":"product_cat","embeddable":true,"href":"https:\/\/alehandrogroup.al\/en\/wp-json\/wp\/v2\/product_cat?post=6201"},{"taxonomy":"product_tag","embeddable":true,"href":"https:\/\/alehandrogroup.al\/en\/wp-json\/wp\/v2\/product_tag?post=6201"}],"curies":[{"name":"wp","href":"https:\/\/api.w.org\/{rel}","templated":true}]}}