{"id":6198,"date":"2025-02-07T11:17:12","date_gmt":"2025-02-07T11:17:12","guid":{"rendered":"https:\/\/alehandrogroup.al\/?post_type=product&#038;p=6198"},"modified":"2025-11-22T11:28:17","modified_gmt":"2025-11-22T11:28:17","slug":"le-volte-dellornellaia-tenuta-dellornellaia","status":"publish","type":"product","link":"https:\/\/alehandrogroup.al\/en\/product\/le-volte-dellornellaia-tenuta-dellornellaia\/","title":{"rendered":"LE VOLTE DELL&#8217;ORNELLAIA &#8211; TENUTA DELL&#8217;ORNELLAIA"},"content":{"rendered":"<h3><strong><em>P\u00ebrshkrimi i Ver\u00ebs: LE VOLTE DELL&#8217;ORNELLAIA &#8211; TENUTA DELL&#8217;ORNELLAIA<\/em><\/strong><\/h3>\n<p><em><strong>Detaje t\u00eb Prodhimit:<\/strong><\/em><\/p>\n<p>Le Volte dell&#8217;Ornellaia \u00ebsht\u00eb nj\u00eb ver\u00eb e mrekullueshme dhe komplekse, e njohur p\u00ebr eleganc\u00ebn dhe harmonin\u00eb q\u00eb ofron. E prodhuar nga nj\u00eb p\u00ebrzierje e Cabernet Sauvignon, Merlot dhe Sangiovese, kjo ver\u00eb ka nj\u00eb karakter t\u00eb dalluesh\u00ebm dhe nj\u00eb struktur\u00eb t\u00eb balancuar. Le Volte dell&#8217;Ornellaia \u00ebsht\u00eb nj\u00eb shembull i p\u00ebrsosur i artit t\u00eb vinifikimit, duke ofruar nj\u00eb p\u00ebrvoj\u00eb t\u00eb pasur dhe t\u00eb k\u00ebndshme p\u00ebr \u00e7do shijues t\u00eb ver\u00ebs.<\/p>\n<hr \/>\n<h3><strong><em>Karakteristikat<\/em><\/strong><\/h3>\n<ul>\n<li><strong>Ngjyra<\/strong>: Nj\u00eb e kuqe rubin e thell\u00eb dhe intensive, me reflektime vjollc\u00eb q\u00eb tregojn\u00eb kompleksitetin dhe pjekurin\u00eb e saj.<\/li>\n<li><strong>Aroma<\/strong>: Arom\u00eb t\u00eb pasur, ku dominon nj\u00eb bukuri e natyrshme frutash t\u00eb kuqe si qershit\u00eb dhe boronicat, t\u00eb cilat pasohen nga nuanca t\u00eb lehta barishteje dhe akorde t\u00eb buta q\u00eb shtojn\u00eb thell\u00ebsi.<\/li>\n<li><strong>Shija<\/strong>: Le Volte dell&#8217;Ornellaia \u00ebsht\u00eb nj\u00eb ver\u00eb e pasur me trup, por gjithashtu e fresk\u00ebt dhe e leht\u00eb p\u00ebr t\u2019u pir\u00eb, fal\u00eb aciditetit t\u00eb mir\u00eb t\u00eb balancuar. Struktura e saj \u00ebsht\u00eb e but\u00eb dhe e shkrir\u00eb, nd\u00ebrsa p\u00ebrfundimi \u00ebsht\u00eb i pasur dhe i k\u00ebndsh\u00ebm, duke l\u00ebn\u00eb nj\u00eb pasqyr\u00eb t\u00eb vazhdueshme t\u00eb frutave dhe nuancave t\u00eb buta druri.<\/li>\n<\/ul>\n<hr \/>\n<h3><em><strong>Shoq\u00ebrime t\u00eb Sugjeruara<\/strong><\/em><\/h3>\n<p><em>KombiAnohet n\u00eb m\u00ebnyr\u00eb t\u00eb shk\u00eblqyer me:<\/em><\/p>\n<ul>\n<li>Mish t\u00eb kuq t\u00eb pjekur<\/li>\n<li>Pasta<\/li>\n<li>Pjatat tradicionale<\/li>\n<li><span class=\"selectable-text copyable-text false\">Djath\u00eb i Stazhonuar<\/span><\/li>\n<\/ul>\n<p><strong>Eshte nj\u00eb zgjedhje perfekte p\u00ebr event speciale dhe darka t\u00eb ve\u00e7anta.<\/strong><\/p>","protected":false},"excerpt":{"rendered":"<p>P\u00ebrshkrimi i Ver\u00ebs: LE VOLTE DELL&#8217;ORNELLAIA &#8211; TENUTA DELL&#8217;ORNELLAIA Detaje t\u00eb Prodhimit: Le Volte dell&#8217;Ornellaia \u00ebsht\u00eb nj\u00eb ver\u00eb e mrekullueshme dhe komplekse, e njohur p\u00ebr eleganc\u00ebn dhe harmonin\u00eb q\u00eb ofron. E prodhuar nga nj\u00eb p\u00ebrzierje e Cabernet Sauvignon, Merlot dhe Sangiovese, kjo ver\u00eb ka nj\u00eb karakter t\u00eb dalluesh\u00ebm dhe nj\u00eb struktur\u00eb t\u00eb balancuar. Le Volte [&hellip;]<\/p>\n","protected":false},"featured_media":7601,"template":"","meta":[],"product_brand":[],"product_cat":[58,46],"product_tag":[],"class_list":{"0":"post-6198","1":"product","2":"type-product","3":"status-publish","4":"has-post-thumbnail","6":"product_cat-vere","7":"product_cat-vere-e-kuqe","9":"first","10":"instock","11":"shipping-taxable","12":"purchasable","13":"product-type-simple"},"_links":{"self":[{"href":"https:\/\/alehandrogroup.al\/en\/wp-json\/wp\/v2\/product\/6198","targetHints":{"allow":["GET"]}}],"collection":[{"href":"https:\/\/alehandrogroup.al\/en\/wp-json\/wp\/v2\/product"}],"about":[{"href":"https:\/\/alehandrogroup.al\/en\/wp-json\/wp\/v2\/types\/product"}],"version-history":[{"count":2,"href":"https:\/\/alehandrogroup.al\/en\/wp-json\/wp\/v2\/product\/6198\/revisions"}],"predecessor-version":[{"id":7602,"href":"https:\/\/alehandrogroup.al\/en\/wp-json\/wp\/v2\/product\/6198\/revisions\/7602"}],"wp:featuredmedia":[{"embeddable":true,"href":"https:\/\/alehandrogroup.al\/en\/wp-json\/wp\/v2\/media\/7601"}],"wp:attachment":[{"href":"https:\/\/alehandrogroup.al\/en\/wp-json\/wp\/v2\/media?parent=6198"}],"wp:term":[{"taxonomy":"product_brand","embeddable":true,"href":"https:\/\/alehandrogroup.al\/en\/wp-json\/wp\/v2\/product_brand?post=6198"},{"taxonomy":"product_cat","embeddable":true,"href":"https:\/\/alehandrogroup.al\/en\/wp-json\/wp\/v2\/product_cat?post=6198"},{"taxonomy":"product_tag","embeddable":true,"href":"https:\/\/alehandrogroup.al\/en\/wp-json\/wp\/v2\/product_tag?post=6198"}],"curies":[{"name":"wp","href":"https:\/\/api.w.org\/{rel}","templated":true}]}}