{"id":6190,"date":"2025-02-07T10:06:13","date_gmt":"2025-02-07T10:06:13","guid":{"rendered":"https:\/\/alehandrogroup.al\/?post_type=product&#038;p=6190"},"modified":"2025-12-03T12:41:21","modified_gmt":"2025-12-03T12:41:21","slug":"brut-premier-gift-set-louis-roederer","status":"publish","type":"product","link":"https:\/\/alehandrogroup.al\/en\/product\/brut-premier-gift-set-louis-roederer\/","title":{"rendered":"CHAMPAGNE BRUT PREMIER GIFT SET &#8211; LOUIS ROEDERER"},"content":{"rendered":"<h3><strong><em>P\u00ebrshkrimi i Ver\u00ebs: CHAMPAGNE BRUT PREMIER GIFT SET &#8211; LOUIS ROEDERER<\/em><\/strong><\/h3>\n<p>Champagne Brut nga Louis Roederer \u00ebsht\u00eb nj\u00eb shampanj\u00eb elegante dhe e rafinuar, e njohur p\u00ebr balanc\u00ebn e saj perfekte mes freskis\u00eb dhe kompleksitetit. Kjo shampanj\u00eb \u00ebsht\u00eb nj\u00eb p\u00ebrzierje e p\u00ebrkryer e varieteteve t\u00eb ndryshme t\u00eb rrushit, duke p\u00ebrfshir\u00eb Pinot Noir, Pinot Meunier dhe Chardonnay, t\u00eb cilat kombinohen p\u00ebr t\u00eb krijuar nj\u00eb pije t\u00eb pasur dhe shum\u00eb dimensionale.<\/p>\n<hr \/>\n<h3><strong><em>Karakteristikat<\/em><\/strong><\/h3>\n<ul>\n<li><strong>Ngjyra: <\/strong>t\u00eb verdh\u00eb t\u00eb \u00e7el\u00ebt me reflektime t\u00eb arta dhe nj\u00eb arom\u00eb t\u00eb k\u00ebndshme dhe t\u00eb rafinuar.<\/li>\n<li><strong>Aroma:<\/strong> N\u00eb arom\u00eb, ndihen nuanca t\u00eb frutave t\u00eb fresk\u00ebta, si dardha dhe pjeshka, duke u pasuar nga nuanca m\u00eb komplekse t\u00eb bukur t\u00eb brumit dhe luleshtrydhes s\u00eb pjekur.<\/li>\n<li><strong>Shije:<\/strong> N\u00eb shije, shampanja \u00ebsht\u00eb e balancuar, me nj\u00eb trup t\u00eb pasur dhe nj\u00eb finish t\u00eb but\u00eb dhe t\u00eb q\u00ebndruesh\u00ebm, q\u00eb i jep asaj nj\u00eb shije t\u00eb rafinuar dhe t\u00eb past\u00ebr.<\/li>\n<\/ul>\n<p>&nbsp;<\/p>\n<hr \/>\n<h3><em><strong>Shoq\u00ebrime t\u00eb Sugjeruara<\/strong><\/em><\/h3>\n<p><em>KombiAnohet n\u00eb m\u00ebnyr\u00eb t\u00eb shk\u00eblqyer me:<\/em><\/p>\n<ul>\n<li>Aperitiv\u00eb<\/li>\n<li>Perime t\u00eb pjekura<\/li>\n<li>Djath\u00ebra t\u00eb but\u00eb<\/li>\n<li>Ushqime deti<\/li>\n<\/ul>\n<p><strong>Esht\u00eb nj\u00eb zgjedhje perfekte p\u00ebr momentet speciale, p\u00ebr festa dhe celebrime, duke ofruar nj\u00eb eksperienc\u00eb t\u00eb paharrueshme p\u00ebr \u00e7do ngjarje t\u00eb r\u00ebnd\u00ebsishme.<\/strong><\/p>","protected":false},"excerpt":{"rendered":"<p>P\u00ebrshkrimi i Ver\u00ebs: CHAMPAGNE BRUT PREMIER GIFT SET &#8211; LOUIS ROEDERER Champagne Brut nga Louis Roederer \u00ebsht\u00eb nj\u00eb shampanj\u00eb elegante dhe e rafinuar, e njohur p\u00ebr balanc\u00ebn e saj perfekte mes freskis\u00eb dhe kompleksitetit. Kjo shampanj\u00eb \u00ebsht\u00eb nj\u00eb p\u00ebrzierje e p\u00ebrkryer e varieteteve t\u00eb ndryshme t\u00eb rrushit, duke p\u00ebrfshir\u00eb Pinot Noir, Pinot Meunier dhe Chardonnay, [&hellip;]<\/p>\n","protected":false},"featured_media":7772,"template":"","meta":[],"product_brand":[],"product_cat":[49],"product_tag":[],"class_list":{"0":"post-6190","1":"product","2":"type-product","3":"status-publish","4":"has-post-thumbnail","6":"product_cat-prosecco-champagne","8":"first","9":"instock","10":"shipping-taxable","11":"purchasable","12":"product-type-simple"},"_links":{"self":[{"href":"https:\/\/alehandrogroup.al\/en\/wp-json\/wp\/v2\/product\/6190","targetHints":{"allow":["GET"]}}],"collection":[{"href":"https:\/\/alehandrogroup.al\/en\/wp-json\/wp\/v2\/product"}],"about":[{"href":"https:\/\/alehandrogroup.al\/en\/wp-json\/wp\/v2\/types\/product"}],"version-history":[{"count":1,"href":"https:\/\/alehandrogroup.al\/en\/wp-json\/wp\/v2\/product\/6190\/revisions"}],"predecessor-version":[{"id":7773,"href":"https:\/\/alehandrogroup.al\/en\/wp-json\/wp\/v2\/product\/6190\/revisions\/7773"}],"wp:featuredmedia":[{"embeddable":true,"href":"https:\/\/alehandrogroup.al\/en\/wp-json\/wp\/v2\/media\/7772"}],"wp:attachment":[{"href":"https:\/\/alehandrogroup.al\/en\/wp-json\/wp\/v2\/media?parent=6190"}],"wp:term":[{"taxonomy":"product_brand","embeddable":true,"href":"https:\/\/alehandrogroup.al\/en\/wp-json\/wp\/v2\/product_brand?post=6190"},{"taxonomy":"product_cat","embeddable":true,"href":"https:\/\/alehandrogroup.al\/en\/wp-json\/wp\/v2\/product_cat?post=6190"},{"taxonomy":"product_tag","embeddable":true,"href":"https:\/\/alehandrogroup.al\/en\/wp-json\/wp\/v2\/product_tag?post=6190"}],"curies":[{"name":"wp","href":"https:\/\/api.w.org\/{rel}","templated":true}]}}