{"id":6187,"date":"2025-02-07T10:00:06","date_gmt":"2025-02-07T10:00:06","guid":{"rendered":"https:\/\/alehandrogroup.al\/?post_type=product&#038;p=6187"},"modified":"2025-11-27T16:44:19","modified_gmt":"2025-11-27T16:44:19","slug":"champange-rose-brut-louis-roederer","status":"publish","type":"product","link":"https:\/\/alehandrogroup.al\/en\/product\/champange-rose-brut-louis-roederer\/","title":{"rendered":"CHAMPAGNE ROSE BRUT &#8211; LOUIS ROEDERER"},"content":{"rendered":"<h3><strong><em>P\u00ebrshkrimi i Ver\u00ebs: CHAMPAGNE ROSE BRUT &#8211; LOUIS ROEDERER<\/em><\/strong><\/h3>\n<p><em><strong>Detaje t\u00eb Prodhimit:<\/strong><\/em><\/p>\n<p>Champagne Ros\u00e9 Brut nga Louis Roederer \u00ebsht\u00eb nj\u00eb shampanj\u00eb e rafinuar dhe elegante, e cila ofron nj\u00eb eksperienc\u00eb t\u00eb pasur dhe komplekse t\u00eb shijes. Ky produkt i ve\u00e7ant\u00eb \u00ebsht\u00eb krijuar nga nj\u00eb kombinim i Pinot Noir, Pinot Meunier dhe Chardonnay, duke i dh\u00ebn\u00eb asaj nj\u00eb harmoni t\u00eb shk\u00eblqyer mes freskis\u00eb dhe frutalitetit<\/p>\n<hr \/>\n<h3><strong><em>Karakteristikat<\/em><\/strong><\/h3>\n<ul>\n<li><strong>Ngjyra:<\/strong>Louis Roederer ka nj\u00eb ngjyr\u00eb t\u00eb bukur roz\u00eb t\u00eb thell\u00eb, me reflektime t\u00eb ndezura dhe nj\u00eb shk\u00eblqim t\u00eb but\u00eb q\u00eb i jep nj\u00eb pamje elegante dhe delikate.<\/li>\n<li><strong>Aroma:<\/strong> N\u00eb arom\u00eb, ndihen nuanca t\u00eb luleshtrydhes, frutave t\u00eb kuqe dhe nj\u00eb fllusk\u00eb t\u00eb leht\u00eb t\u00eb agrumeve, q\u00eb i japin nj\u00eb karakter t\u00eb fresk\u00ebt dhe t\u00eb ngroht\u00eb.<\/li>\n<li><strong>Shije:<\/strong> Kjo shampanj\u00eb ka nj\u00eb shije t\u00eb but\u00eb dhe t\u00eb balancuar, ku dominon nj\u00eb shije e pasur me fruta t\u00eb kuqe dhe nuanca t\u00eb lehta lulesh dhe biskotash, q\u00eb i japin asaj thell\u00ebsi dhe kompleksitet. Finishi \u00ebsht\u00eb i pasur dhe i q\u00ebndruesh\u00ebm, duke l\u00ebn\u00eb nj\u00eb ndjesi t\u00eb but\u00eb dhe elegante.<\/li>\n<\/ul>\n<p>&nbsp;<\/p>\n<hr \/>\n<h3><em><strong>Shoq\u00ebrime t\u00eb Sugjeruara<\/strong><\/em><\/h3>\n<p><em>KombiAnohet n\u00eb m\u00ebnyr\u00eb t\u00eb shk\u00eblqyer me:<\/em><\/p>\n<ul>\n<li>Aperitiv\u00eb<\/li>\n<li><\/li>\n<li>\u00cbmb\u00eblsira<\/li>\n<li>Fruta t\u00eb fresk\u00ebta<\/li>\n<li>Ushqime deti<\/li>\n<\/ul>\n<p><strong>Champagne Ros\u00e9 Brut \u00ebsht\u00eb nj\u00eb zgjedhje perfekte p\u00ebr \u00e7do rast festash, celebrimesh dhe momente t\u00eb ve\u00e7anta.<\/strong><\/p>","protected":false},"excerpt":{"rendered":"<p>P\u00ebrshkrimi i Ver\u00ebs: CHAMPAGNE ROSE BRUT &#8211; LOUIS ROEDERER Detaje t\u00eb Prodhimit: Champagne Ros\u00e9 Brut nga Louis Roederer \u00ebsht\u00eb nj\u00eb shampanj\u00eb e rafinuar dhe elegante, e cila ofron nj\u00eb eksperienc\u00eb t\u00eb pasur dhe komplekse t\u00eb shijes. Ky produkt i ve\u00e7ant\u00eb \u00ebsht\u00eb krijuar nga nj\u00eb kombinim i Pinot Noir, Pinot Meunier dhe Chardonnay, duke i dh\u00ebn\u00eb [&hellip;]<\/p>\n","protected":false},"featured_media":7696,"template":"","meta":[],"product_brand":[],"product_cat":[49,69],"product_tag":[],"class_list":{"0":"post-6187","1":"product","2":"type-product","3":"status-publish","4":"has-post-thumbnail","6":"product_cat-prosecco-champagne","7":"product_cat-vere-roze","9":"first","10":"instock","11":"shipping-taxable","12":"purchasable","13":"product-type-simple"},"_links":{"self":[{"href":"https:\/\/alehandrogroup.al\/en\/wp-json\/wp\/v2\/product\/6187","targetHints":{"allow":["GET"]}}],"collection":[{"href":"https:\/\/alehandrogroup.al\/en\/wp-json\/wp\/v2\/product"}],"about":[{"href":"https:\/\/alehandrogroup.al\/en\/wp-json\/wp\/v2\/types\/product"}],"version-history":[{"count":2,"href":"https:\/\/alehandrogroup.al\/en\/wp-json\/wp\/v2\/product\/6187\/revisions"}],"predecessor-version":[{"id":7697,"href":"https:\/\/alehandrogroup.al\/en\/wp-json\/wp\/v2\/product\/6187\/revisions\/7697"}],"wp:featuredmedia":[{"embeddable":true,"href":"https:\/\/alehandrogroup.al\/en\/wp-json\/wp\/v2\/media\/7696"}],"wp:attachment":[{"href":"https:\/\/alehandrogroup.al\/en\/wp-json\/wp\/v2\/media?parent=6187"}],"wp:term":[{"taxonomy":"product_brand","embeddable":true,"href":"https:\/\/alehandrogroup.al\/en\/wp-json\/wp\/v2\/product_brand?post=6187"},{"taxonomy":"product_cat","embeddable":true,"href":"https:\/\/alehandrogroup.al\/en\/wp-json\/wp\/v2\/product_cat?post=6187"},{"taxonomy":"product_tag","embeddable":true,"href":"https:\/\/alehandrogroup.al\/en\/wp-json\/wp\/v2\/product_tag?post=6187"}],"curies":[{"name":"wp","href":"https:\/\/api.w.org\/{rel}","templated":true}]}}