{"id":6182,"date":"2025-02-07T08:47:05","date_gmt":"2025-02-07T08:47:05","guid":{"rendered":"https:\/\/alehandrogroup.al\/?post_type=product&#038;p=6182"},"modified":"2025-12-24T11:03:05","modified_gmt":"2025-12-24T11:03:05","slug":"primitivo-salento-tenuta-albano-carrisi","status":"publish","type":"product","link":"https:\/\/alehandrogroup.al\/en\/product\/primitivo-salento-tenuta-albano-carrisi\/","title":{"rendered":"PRIMITIVO SALENTO &#8211; TENUTA ALBANO CARRISI"},"content":{"rendered":"<h3><strong><em>P\u00ebrshkrimi i Ver\u00ebs: PRIMITIVO SALENTO &#8211; TENUTA ALBANO CARRISI<\/em><\/strong><\/h3>\n<p><em><strong>Detaje t\u00eb Prodhimit:<\/strong><\/em><\/p>\n<p>Primitivo Salento nga Tenuta Albano Carrisi \u00ebsht\u00eb nj\u00eb ver\u00eb e prodhuar me kujdes n\u00eb rajonin e Salento-s, i njohur p\u00ebr klim\u00ebn e nxeht\u00eb dhe tokat e pasura me minerale, q\u00eb jan\u00eb ideale p\u00ebr varietetin Primitivo. P\u00ebrgatitja e k\u00ebsaj vere p\u00ebrfshin p\u00ebrdorimin e rrushit t\u00eb plog\u00ebsht n\u00eb nj\u00eb proces fermentimi t\u00eb kontrolluar dhe rip\u00ebrpunimin e tij n\u00eb kushte optimale.<\/p>\n<hr \/>\n<h3><strong><em>Karakteristikat<\/em><\/strong><\/h3>\n<ul>\n<li><strong>Ngjyra: <\/strong>Ngjyr\u00eb t\u00eb thell\u00eb rubini dhe nuanca t\u00eb shenjave t\u00eb purpurt\u00eb.<\/li>\n<li><strong>Aroma<\/strong>: N\u00eb arom\u00eb, Primitivo Salento shfaq nota t\u00eb theksuara t\u00eb frutave t\u00eb err\u00ebta, si qershi t\u00eb zeza dhe boronica, t\u00eb cilat kombinohen me nuanca t\u00eb \u00ebmbla t\u00eb karamelit dhe bajames.<\/li>\n<li><strong>Shije:<\/strong> N\u00eb shije kjo ver\u00eb \u00ebsht\u00eb e plote dhe e pasur, me tanin\u00eb t\u00eb buta dhe nj\u00eb trup t\u00eb sh\u00ebndosh\u00eb. Shijet e frutave t\u00eb pjekura jan\u00eb t\u00eb balancuara mir\u00eb me nuanca t\u00eb drurit dhe nj\u00eb finish t\u00eb ngroht\u00eb dhe t\u00eb q\u00ebndruesh\u00ebm.<\/li>\n<\/ul>\n<p>&nbsp;<\/p>\n<hr \/>\n<h3><em><strong>Shoq\u00ebrime t\u00eb Sugjeruara<\/strong><\/em><\/h3>\n<p><em>KombiAnohet n\u00eb m\u00ebnyr\u00eb t\u00eb shk\u00eblqyer me:<\/em><\/p>\n<ul>\n<li>Mish te kuq<\/li>\n<li>Pasta<\/li>\n<li>Pizza<\/li>\n<li>Kuzhin\u00eb tradicionale<\/li>\n<li><span class=\"selectable-text copyable-text false\">Djath\u00eb i Stazhonuar<\/span><\/li>\n<\/ul>","protected":false},"excerpt":{"rendered":"<p>P\u00ebrshkrimi i Ver\u00ebs: PRIMITIVO SALENTO &#8211; TENUTA ALBANO CARRISI Detaje t\u00eb Prodhimit: Primitivo Salento nga Tenuta Albano Carrisi \u00ebsht\u00eb nj\u00eb ver\u00eb e prodhuar me kujdes n\u00eb rajonin e Salento-s, i njohur p\u00ebr klim\u00ebn e nxeht\u00eb dhe tokat e pasura me minerale, q\u00eb jan\u00eb ideale p\u00ebr varietetin Primitivo. P\u00ebrgatitja e k\u00ebsaj vere p\u00ebrfshin p\u00ebrdorimin e rrushit [&hellip;]<\/p>\n","protected":false},"featured_media":7941,"template":"","meta":[],"product_brand":[],"product_cat":[58,46],"product_tag":[],"class_list":{"0":"post-6182","1":"product","2":"type-product","3":"status-publish","4":"has-post-thumbnail","6":"product_cat-vere","7":"product_cat-vere-e-kuqe","9":"first","10":"instock","11":"shipping-taxable","12":"purchasable","13":"product-type-simple"},"_links":{"self":[{"href":"https:\/\/alehandrogroup.al\/en\/wp-json\/wp\/v2\/product\/6182","targetHints":{"allow":["GET"]}}],"collection":[{"href":"https:\/\/alehandrogroup.al\/en\/wp-json\/wp\/v2\/product"}],"about":[{"href":"https:\/\/alehandrogroup.al\/en\/wp-json\/wp\/v2\/types\/product"}],"version-history":[{"count":1,"href":"https:\/\/alehandrogroup.al\/en\/wp-json\/wp\/v2\/product\/6182\/revisions"}],"predecessor-version":[{"id":7942,"href":"https:\/\/alehandrogroup.al\/en\/wp-json\/wp\/v2\/product\/6182\/revisions\/7942"}],"wp:featuredmedia":[{"embeddable":true,"href":"https:\/\/alehandrogroup.al\/en\/wp-json\/wp\/v2\/media\/7941"}],"wp:attachment":[{"href":"https:\/\/alehandrogroup.al\/en\/wp-json\/wp\/v2\/media?parent=6182"}],"wp:term":[{"taxonomy":"product_brand","embeddable":true,"href":"https:\/\/alehandrogroup.al\/en\/wp-json\/wp\/v2\/product_brand?post=6182"},{"taxonomy":"product_cat","embeddable":true,"href":"https:\/\/alehandrogroup.al\/en\/wp-json\/wp\/v2\/product_cat?post=6182"},{"taxonomy":"product_tag","embeddable":true,"href":"https:\/\/alehandrogroup.al\/en\/wp-json\/wp\/v2\/product_tag?post=6182"}],"curies":[{"name":"wp","href":"https:\/\/api.w.org\/{rel}","templated":true}]}}