{"id":6180,"date":"2025-02-07T08:40:11","date_gmt":"2025-02-07T08:40:11","guid":{"rendered":"https:\/\/alehandrogroup.al\/?post_type=product&#038;p=6180"},"modified":"2025-12-24T10:43:05","modified_gmt":"2025-12-24T10:43:05","slug":"primitivo-di-manduria-riserva-tenuta-albano-carrisi","status":"publish","type":"product","link":"https:\/\/alehandrogroup.al\/en\/product\/primitivo-di-manduria-riserva-tenuta-albano-carrisi\/","title":{"rendered":"PRIMITIVO DI MANDURIA RISERVA &#8211; TENUTA ALBANO CARRISI"},"content":{"rendered":"<h3><strong><em>P\u00ebrshkrimi i Ver\u00ebs: PRIMITIVO DI MANDURIA RISERVA &#8211; TENUTA ALBANO CARRISI<\/em><\/strong><\/h3>\n<p><em><strong>Detaje t\u00eb Prodhimit:<\/strong><\/em><\/p>\n<p>Primitivo di Manduria Riserva prodhohet n\u00eb rajonin e Puglia-s, n\u00eb jug t\u00eb Italis\u00eb, nj\u00eb zon\u00eb e njohur p\u00ebr klim\u00ebn e saj t\u00eb ngroht\u00eb dhe tokat e pasura me minerale q\u00eb ofrojn\u00eb kushte ideale p\u00ebr rritjen e varieteteve t\u00eb rrushit t\u00eb tilla si Primitivo. Ky ver\u00eb vjen nga vreshta t\u00eb cilat jan\u00eb kultivuar me shum\u00eb kujdes p\u00ebr t\u00eb arritur nj\u00eb cil\u00ebsi t\u00eb lart\u00eb dhe \u00ebsht\u00eb krijuar p\u00ebrmes metodave tradicionale t\u00eb prodhimit, duke e fermentuar dhe pjekur n\u00eb drur\u00eb t\u00eb pjekur p\u00ebr nj\u00eb periudh\u00eb t\u00eb gjat\u00eb, p\u00ebr t\u2019i dh\u00ebn\u00eb asaj nj\u00eb karakter t\u00eb pasur dhe kompleks.<\/p>\n<hr \/>\n<h3><strong><em>Karakteristikat<\/em><\/strong><\/h3>\n<ul>\n<li><strong>Ngjyra: <\/strong>Ngjyr\u00eb t\u00eb thell\u00eb rubini dhe nuanca t\u00eb shenjave t\u00eb purpurt\u00eb.<\/li>\n<li><strong>Aroma<\/strong>: Aroma e tij \u00ebsht\u00eb e pasur dhe elegante, me nota t\u00eb frutave t\u00eb err\u00ebta, si qershi dhe boronica, duke u pasuruar nga nuanca t\u00eb mjaltit, shijes s\u00eb drurit t\u00eb pjekur dhe aromave t\u00eb leh\u00ebs s\u00eb drurit t\u00eb but\u00eb, q\u00eb i japin nj\u00eb kompleksitet t\u00eb ve\u00e7ant\u00eb.<\/li>\n<li><strong>Shije:<\/strong> N\u00eb shije, \u00ebsht\u00eb i fuqish\u00ebm, me trup t\u00eb plot\u00eb dhe tannina t\u00eb buta por t\u00eb pranishme. Shija \u00ebsht\u00eb e pasur dhe harmonike, me nj\u00eb finish t\u00eb gjat\u00eb dhe t\u00eb k\u00ebndsh\u00ebm, ku dominon nj\u00eb kombinim i frutave t\u00eb fresk\u00ebta dhe shijeve t\u00eb pjekura.<\/li>\n<\/ul>\n<p>&nbsp;<\/p>\n<hr \/>\n<h3><em><strong>Shoq\u00ebrime t\u00eb Sugjeruara<\/strong><\/em><\/h3>\n<p><em>KombiAnohet n\u00eb m\u00ebnyr\u00eb t\u00eb shk\u00eblqyer me:<\/em><\/p>\n<ul>\n<li>Mish te kuq<\/li>\n<li>Pasta<\/li>\n<li>Antipasta<\/li>\n<li><span class=\"selectable-text copyable-text false\">Djath\u00eb i Stazhonuar<\/span><\/li>\n<\/ul>\n<p><strong>Eshte nj\u00eb zgjedhje perfekte p\u00ebr event speciale dhe darka t\u00eb ve\u00e7anta.<\/strong><\/p>","protected":false},"excerpt":{"rendered":"<p>P\u00ebrshkrimi i Ver\u00ebs: PRIMITIVO DI MANDURIA RISERVA &#8211; TENUTA ALBANO CARRISI Detaje t\u00eb Prodhimit: Primitivo di Manduria Riserva prodhohet n\u00eb rajonin e Puglia-s, n\u00eb jug t\u00eb Italis\u00eb, nj\u00eb zon\u00eb e njohur p\u00ebr klim\u00ebn e saj t\u00eb ngroht\u00eb dhe tokat e pasura me minerale q\u00eb ofrojn\u00eb kushte ideale p\u00ebr rritjen e varieteteve t\u00eb rrushit t\u00eb tilla [&hellip;]<\/p>\n","protected":false},"featured_media":7935,"template":"","meta":[],"product_brand":[],"product_cat":[58,46],"product_tag":[],"class_list":{"0":"post-6180","1":"product","2":"type-product","3":"status-publish","4":"has-post-thumbnail","6":"product_cat-vere","7":"product_cat-vere-e-kuqe","9":"first","10":"instock","11":"shipping-taxable","12":"purchasable","13":"product-type-simple"},"_links":{"self":[{"href":"https:\/\/alehandrogroup.al\/en\/wp-json\/wp\/v2\/product\/6180","targetHints":{"allow":["GET"]}}],"collection":[{"href":"https:\/\/alehandrogroup.al\/en\/wp-json\/wp\/v2\/product"}],"about":[{"href":"https:\/\/alehandrogroup.al\/en\/wp-json\/wp\/v2\/types\/product"}],"version-history":[{"count":1,"href":"https:\/\/alehandrogroup.al\/en\/wp-json\/wp\/v2\/product\/6180\/revisions"}],"predecessor-version":[{"id":7936,"href":"https:\/\/alehandrogroup.al\/en\/wp-json\/wp\/v2\/product\/6180\/revisions\/7936"}],"wp:featuredmedia":[{"embeddable":true,"href":"https:\/\/alehandrogroup.al\/en\/wp-json\/wp\/v2\/media\/7935"}],"wp:attachment":[{"href":"https:\/\/alehandrogroup.al\/en\/wp-json\/wp\/v2\/media?parent=6180"}],"wp:term":[{"taxonomy":"product_brand","embeddable":true,"href":"https:\/\/alehandrogroup.al\/en\/wp-json\/wp\/v2\/product_brand?post=6180"},{"taxonomy":"product_cat","embeddable":true,"href":"https:\/\/alehandrogroup.al\/en\/wp-json\/wp\/v2\/product_cat?post=6180"},{"taxonomy":"product_tag","embeddable":true,"href":"https:\/\/alehandrogroup.al\/en\/wp-json\/wp\/v2\/product_tag?post=6180"}],"curies":[{"name":"wp","href":"https:\/\/api.w.org\/{rel}","templated":true}]}}