{"id":6178,"date":"2025-02-07T08:33:26","date_gmt":"2025-02-07T08:33:26","guid":{"rendered":"https:\/\/alehandrogroup.al\/?post_type=product&#038;p=6178"},"modified":"2025-12-26T12:44:51","modified_gmt":"2025-12-26T12:44:51","slug":"vino-della-pace-cormons","status":"publish","type":"product","link":"https:\/\/alehandrogroup.al\/en\/product\/vino-della-pace-cormons\/","title":{"rendered":"VINO DELLA PACE &#8211; CORMONS"},"content":{"rendered":"<h3><strong><em>P\u00ebrshkrimi i Ver\u00ebs: VINO DELLA PACE &#8211; CORMONS<\/em><\/strong><\/h3>\n<p><em><strong>Detaje t\u00eb Prodhimit:<\/strong><\/em><\/p>\n<p>Vino della Pace i Corm\u00f2ns \u00ebsht\u00eb nj\u00eb ver\u00eb e rafinuar dhe harmonike, q\u00eb vjen nga varietetet e rrushit t\u00eb mbledhura me dor\u00eb n\u00eb vreshtat e Corm\u00f2ns, n\u00eb Collio. Klima dhe toka e pasur me minerale i japin ver\u00ebs nj\u00eb karakter t\u00eb ve\u00e7ant\u00eb dhe nj\u00eb shije t\u00eb fresk\u00ebt, me nuanca frutash dhe nj\u00eb pasth\u00ebnie t\u00eb k\u00ebndshme. Ky proces prodhimi ruan nj\u00eb balanc\u00eb t\u00eb p\u00ebrsosur mes tradit\u00ebs dhe inovacionit, duke e b\u00ebr\u00eb k\u00ebt\u00eb ver\u00eb ideale p\u00ebr shoq\u00ebrimin me pjatat e peshkut dhe aperitiv\u00ebt e leht\u00eb.<\/p>\n<hr \/>\n<h3><strong><em>Karakteristikat<\/em><\/strong><\/h3>\n<ul>\n<li><strong>Ngjyra:<\/strong> ngjyr\u00eb t\u00eb verdh\u00eb t\u00eb theksuar me reflektime t\u00eb art\u00eb.<\/li>\n<li><strong>Aroma:<\/strong> Aromat jan\u00eb t\u00eb pasura dhe komplekse, duke ofruar nuanca frutash t\u00eb fresk\u00ebt, si pesha dhe shalqiri, si dhe nuanca t\u00eb buta florale q\u00eb i japin nj\u00eb ndjesi t\u00eb fresk\u00ebt dhe t\u00eb k\u00ebndshme.<\/li>\n<li><strong>Shija:<\/strong> Vino della Pace \u00ebsht\u00eb i balancuar dhe i but\u00eb, me aciditet t\u00eb shk\u00eblqyer q\u00eb rrit freskin\u00eb dhe e b\u00ebn at\u00eb t\u00eb p\u00ebrsosur p\u00ebr shoq\u00ebrim me ushqime t\u00eb ndryshme. Shija ka nj\u00eb trup t\u00eb plot\u00eb dhe nuanca t\u00eb frutave t\u00eb fresk\u00ebta, me pasojat e nj\u00eb pasth\u00ebnie q\u00eb mbetet e k\u00ebndshme dhe e zgjatur.<\/li>\n<\/ul>\n<p>&nbsp;<\/p>\n<hr \/>\n<h3><em><strong>Shoq\u00ebrime t\u00eb Sugjeruara<\/strong><\/em><\/h3>\n<p><em>KombiAnohet n\u00eb m\u00ebnyr\u00eb t\u00eb shk\u00eblqyer me:<\/em><\/p>\n<ul>\n<li>Antipasta<\/li>\n<li>Fruta deti<\/li>\n<li>Aperitiv elegant<\/li>\n<li>Pasta<\/li>\n<\/ul>","protected":false},"excerpt":{"rendered":"<p>P\u00ebrshkrimi i Ver\u00ebs: VINO DELLA PACE &#8211; CORMONS Detaje t\u00eb Prodhimit: Vino della Pace i Corm\u00f2ns \u00ebsht\u00eb nj\u00eb ver\u00eb e rafinuar dhe harmonike, q\u00eb vjen nga varietetet e rrushit t\u00eb mbledhura me dor\u00eb n\u00eb vreshtat e Corm\u00f2ns, n\u00eb Collio. Klima dhe toka e pasur me minerale i japin ver\u00ebs nj\u00eb karakter t\u00eb ve\u00e7ant\u00eb dhe nj\u00eb [&hellip;]<\/p>\n","protected":false},"featured_media":8050,"template":"","meta":[],"product_brand":[],"product_cat":[58,41],"product_tag":[],"class_list":{"0":"post-6178","1":"product","2":"type-product","3":"status-publish","4":"has-post-thumbnail","6":"product_cat-vere","7":"product_cat-vere-e-bardhe","9":"first","10":"instock","11":"shipping-taxable","12":"purchasable","13":"product-type-simple"},"_links":{"self":[{"href":"https:\/\/alehandrogroup.al\/en\/wp-json\/wp\/v2\/product\/6178","targetHints":{"allow":["GET"]}}],"collection":[{"href":"https:\/\/alehandrogroup.al\/en\/wp-json\/wp\/v2\/product"}],"about":[{"href":"https:\/\/alehandrogroup.al\/en\/wp-json\/wp\/v2\/types\/product"}],"version-history":[{"count":1,"href":"https:\/\/alehandrogroup.al\/en\/wp-json\/wp\/v2\/product\/6178\/revisions"}],"predecessor-version":[{"id":8051,"href":"https:\/\/alehandrogroup.al\/en\/wp-json\/wp\/v2\/product\/6178\/revisions\/8051"}],"wp:featuredmedia":[{"embeddable":true,"href":"https:\/\/alehandrogroup.al\/en\/wp-json\/wp\/v2\/media\/8050"}],"wp:attachment":[{"href":"https:\/\/alehandrogroup.al\/en\/wp-json\/wp\/v2\/media?parent=6178"}],"wp:term":[{"taxonomy":"product_brand","embeddable":true,"href":"https:\/\/alehandrogroup.al\/en\/wp-json\/wp\/v2\/product_brand?post=6178"},{"taxonomy":"product_cat","embeddable":true,"href":"https:\/\/alehandrogroup.al\/en\/wp-json\/wp\/v2\/product_cat?post=6178"},{"taxonomy":"product_tag","embeddable":true,"href":"https:\/\/alehandrogroup.al\/en\/wp-json\/wp\/v2\/product_tag?post=6178"}],"curies":[{"name":"wp","href":"https:\/\/api.w.org\/{rel}","templated":true}]}}