{"id":6176,"date":"2025-02-07T08:28:32","date_gmt":"2025-02-07T08:28:32","guid":{"rendered":"https:\/\/alehandrogroup.al\/?post_type=product&#038;p=6176"},"modified":"2025-11-27T17:01:20","modified_gmt":"2025-11-27T17:01:20","slug":"chardonnay-collio-cormons","status":"publish","type":"product","link":"https:\/\/alehandrogroup.al\/en\/product\/chardonnay-collio-cormons\/","title":{"rendered":"CHARDONNAY COLLIO &#8211; CORMONS"},"content":{"rendered":"<h3><strong><em>P\u00ebrshkrimi i Ver\u00ebs: CHARDONNAY COLLIO &#8211; CORMONS<\/em><\/strong><\/h3>\n<p><em><strong>Detaje t\u00eb Prodhimit:<\/strong><\/em><\/p>\n<p>Chardonnay i Collio, i prodhuar nga Corm\u00f2ns, \u00ebsht\u00eb nj\u00eb ver\u00eb e rafinuar dhe e pasur q\u00eb reflekton karakteristikat e zon\u00ebs s\u00eb prodhimit t\u00eb saj. P\u00ebrdorimi i rrushit 100% Chardonnay dhe kushtet klimatike t\u00eb favorshme i japin asaj nj\u00eb shije elegante dhe t\u00eb past\u00ebr, me nuanca t\u00eb frutave tropikale dhe vaniljes<\/p>\n<hr \/>\n<h3><strong><em>Karakteristikat<\/em><\/strong><\/h3>\n<ul>\n<li><strong>Ngjyra:<\/strong> gjyra \u00ebsht\u00eb e art\u00eb dhe e ndritshme, duke treguar freskin\u00eb dhe cil\u00ebsin\u00eb e lart\u00eb t\u00eb ver\u00ebs.<\/li>\n<li><strong>Aroma:<\/strong> N\u00eb arom\u00eb, mund t\u00eb ndihen nuanca t\u00eb fruta tropikale, si pjeshka dhe ananasi, s\u00eb bashku me nuanca t\u00eb holla dhe elegante t\u00eb vaniljes dhe luleve, q\u00eb shprehin tiparet karakteristike t\u00eb Chardonnay.<\/li>\n<li><strong>Shija:<\/strong> N\u00eb shije \u00ebsht\u00eb e but\u00eb dhe harmonike, me nj\u00eb aciditet t\u00eb mir\u00eb t\u00eb balancuar q\u00eb jep nj\u00eb ndjesi freskie. Tekstura \u00ebsht\u00eb e pasur dhe e but\u00eb, me nj\u00eb finale t\u00eb gjat\u00eb dhe t\u00eb k\u00ebndshme, q\u00eb l\u00eb nj\u00eb shije frutash dhe vanilje.<\/li>\n<\/ul>\n<p>&nbsp;<\/p>\n<hr \/>\n<h3><em><strong>Shoq\u00ebrime t\u00eb Sugjeruara<\/strong><\/em><\/h3>\n<p><em>KombiAnohet n\u00eb m\u00ebnyr\u00eb t\u00eb shk\u00eblqyer me:<\/em><\/p>\n<ul>\n<li>Antipasta<\/li>\n<li>Fruta deti<\/li>\n<li>Aperitiv elegant<\/li>\n<li>Djath\u00ebra t\u00eb but\u00eb<\/li>\n<li>Pasta<\/li>\n<\/ul>","protected":false},"excerpt":{"rendered":"<p>P\u00ebrshkrimi i Ver\u00ebs: CHARDONNAY COLLIO &#8211; CORMONS Detaje t\u00eb Prodhimit: Chardonnay i Collio, i prodhuar nga Corm\u00f2ns, \u00ebsht\u00eb nj\u00eb ver\u00eb e rafinuar dhe e pasur q\u00eb reflekton karakteristikat e zon\u00ebs s\u00eb prodhimit t\u00eb saj. P\u00ebrdorimi i rrushit 100% Chardonnay dhe kushtet klimatike t\u00eb favorshme i japin asaj nj\u00eb shije elegante dhe t\u00eb past\u00ebr, me nuanca [&hellip;]<\/p>\n","protected":false},"featured_media":7704,"template":"","meta":[],"product_brand":[],"product_cat":[58,41],"product_tag":[],"class_list":{"0":"post-6176","1":"product","2":"type-product","3":"status-publish","4":"has-post-thumbnail","6":"product_cat-vere","7":"product_cat-vere-e-bardhe","9":"first","10":"instock","11":"shipping-taxable","12":"purchasable","13":"product-type-simple"},"_links":{"self":[{"href":"https:\/\/alehandrogroup.al\/en\/wp-json\/wp\/v2\/product\/6176","targetHints":{"allow":["GET"]}}],"collection":[{"href":"https:\/\/alehandrogroup.al\/en\/wp-json\/wp\/v2\/product"}],"about":[{"href":"https:\/\/alehandrogroup.al\/en\/wp-json\/wp\/v2\/types\/product"}],"version-history":[{"count":1,"href":"https:\/\/alehandrogroup.al\/en\/wp-json\/wp\/v2\/product\/6176\/revisions"}],"predecessor-version":[{"id":7705,"href":"https:\/\/alehandrogroup.al\/en\/wp-json\/wp\/v2\/product\/6176\/revisions\/7705"}],"wp:featuredmedia":[{"embeddable":true,"href":"https:\/\/alehandrogroup.al\/en\/wp-json\/wp\/v2\/media\/7704"}],"wp:attachment":[{"href":"https:\/\/alehandrogroup.al\/en\/wp-json\/wp\/v2\/media?parent=6176"}],"wp:term":[{"taxonomy":"product_brand","embeddable":true,"href":"https:\/\/alehandrogroup.al\/en\/wp-json\/wp\/v2\/product_brand?post=6176"},{"taxonomy":"product_cat","embeddable":true,"href":"https:\/\/alehandrogroup.al\/en\/wp-json\/wp\/v2\/product_cat?post=6176"},{"taxonomy":"product_tag","embeddable":true,"href":"https:\/\/alehandrogroup.al\/en\/wp-json\/wp\/v2\/product_tag?post=6176"}],"curies":[{"name":"wp","href":"https:\/\/api.w.org\/{rel}","templated":true}]}}