{"id":6174,"date":"2025-02-07T08:22:53","date_gmt":"2025-02-07T08:22:53","guid":{"rendered":"https:\/\/alehandrogroup.al\/?post_type=product&#038;p=6174"},"modified":"2025-12-24T10:05:49","modified_gmt":"2025-12-24T10:05:49","slug":"pinot-grigio-cormons","status":"publish","type":"product","link":"https:\/\/alehandrogroup.al\/en\/product\/pinot-grigio-cormons\/","title":{"rendered":"PINOT GRIGIO &#8211; CORMONS"},"content":{"rendered":"<h3><strong><em>P\u00ebrshkrimi i Ver\u00ebs: PINOT GRIGIO &#8211; CORMONS<\/em><\/strong><\/h3>\n<p><em><strong>Detaje t\u00eb Prodhimit:<\/strong><\/em><\/p>\n<p>Pinot Grigio i Corm\u00f2ns \u00ebsht\u00eb nj\u00eb ver\u00eb shum\u00eb e rafinuar dhe e pasur me karakteristika elegante, q\u00eb t\u00ebrheq v\u00ebmendjen p\u00ebr natyr\u00ebn e saj t\u00eb leht\u00eb dhe freskuese. Ky Pinot Grigio \u00ebsht\u00eb i prodhuar me 100% rrush Pinot Grigio, nj\u00eb lloj i njohur p\u00ebr cil\u00ebsin\u00eb dhe aromat e tij t\u00eb pasura. Vreshtat e Corm\u00f2ns jan\u00eb t\u00eb vendosura n\u00eb nj\u00eb klim\u00eb ideale p\u00ebr prodhimin e ver\u00ebrave, ku toka e pasur me minerale ofron kushte t\u00eb shk\u00eblqyera p\u00ebr zhvillimin e nj\u00eb rrushi t\u00eb sh\u00ebndetsh\u00ebm dhe t\u00eb mbushur me shije t\u00eb ve\u00e7anta. Kjo zon\u00eb e favorizuar p\u00ebrmban t\u00eb gjitha komponent\u00ebt q\u00eb nj\u00eb ver\u00eb Pinot Grigio ka nevoj\u00eb p\u00ebr t\u00eb nxjerr\u00eb n\u00eb pah aromat dhe shijet e saj natyrore, duke siguruar nj\u00eb produkt t\u00eb klasit t\u00eb par\u00eb dhe shum\u00eb t\u00eb k\u00ebrkuar n\u00eb treg.<\/p>\n<hr \/>\n<h3><strong><em>Karakteristikat<\/em><\/strong><\/h3>\n<ul>\n<li><strong>Ngjyra:<\/strong> Ky ver\u00eb ka nj\u00eb ngjyr\u00eb t\u00eb verdh\u00eb t\u00eb \u00e7elur me reflektime t\u00eb arta<\/li>\n<li><strong>Aroma:<\/strong> Aroma \u00ebsht\u00eb delikate dhe elegante, me nuanca frutash t\u00eb bardha si dardha dhe moll\u00eb, t\u00eb kombinuara me nota lulesh t\u00eb bardha dhe nj\u00eb prekje agrumesh.<\/li>\n<li><strong>Shija:<\/strong> N\u00eb shije \u00ebsht\u00eb e fresk\u00ebt, harmonike dhe me nj\u00eb struktur\u00eb t\u00eb mir\u00eb. Aciditeti i balancuar i jep freski dhe nj\u00eb p\u00ebrfundim t\u00eb gjat\u00eb e t\u00eb k\u00ebndsh\u00ebm, me nj\u00eb ndjesi t\u00eb but\u00eb dhe minerale q\u00eb reflekton karakterin e terroirit nga ku vjen.<\/li>\n<\/ul>\n<p>&nbsp;<\/p>\n<hr \/>\n<h3><em><strong>Shoq\u00ebrime t\u00eb Sugjeruara<\/strong><\/em><\/h3>\n<p><em>KombiAnohet n\u00eb m\u00ebnyr\u00eb t\u00eb shk\u00eblqyer me:<\/em><\/p>\n<ul>\n<li>Antipasta,<\/li>\n<li>Fruta deti,<\/li>\n<li>Djath\u00ebra t\u00eb but\u00eb<\/li>\n<li>Pasta<\/li>\n<\/ul>","protected":false},"excerpt":{"rendered":"<p>P\u00ebrshkrimi i Ver\u00ebs: PINOT GRIGIO &#8211; CORMONS Detaje t\u00eb Prodhimit: Pinot Grigio i Corm\u00f2ns \u00ebsht\u00eb nj\u00eb ver\u00eb shum\u00eb e rafinuar dhe e pasur me karakteristika elegante, q\u00eb t\u00ebrheq v\u00ebmendjen p\u00ebr natyr\u00ebn e saj t\u00eb leht\u00eb dhe freskuese. Ky Pinot Grigio \u00ebsht\u00eb i prodhuar me 100% rrush Pinot Grigio, nj\u00eb lloj i njohur p\u00ebr cil\u00ebsin\u00eb dhe [&hellip;]<\/p>\n","protected":false},"featured_media":7909,"template":"","meta":[],"product_brand":[],"product_cat":[58,41],"product_tag":[],"class_list":{"0":"post-6174","1":"product","2":"type-product","3":"status-publish","4":"has-post-thumbnail","6":"product_cat-vere","7":"product_cat-vere-e-bardhe","9":"first","10":"instock","11":"shipping-taxable","12":"purchasable","13":"product-type-simple"},"_links":{"self":[{"href":"https:\/\/alehandrogroup.al\/en\/wp-json\/wp\/v2\/product\/6174","targetHints":{"allow":["GET"]}}],"collection":[{"href":"https:\/\/alehandrogroup.al\/en\/wp-json\/wp\/v2\/product"}],"about":[{"href":"https:\/\/alehandrogroup.al\/en\/wp-json\/wp\/v2\/types\/product"}],"version-history":[{"count":1,"href":"https:\/\/alehandrogroup.al\/en\/wp-json\/wp\/v2\/product\/6174\/revisions"}],"predecessor-version":[{"id":7910,"href":"https:\/\/alehandrogroup.al\/en\/wp-json\/wp\/v2\/product\/6174\/revisions\/7910"}],"wp:featuredmedia":[{"embeddable":true,"href":"https:\/\/alehandrogroup.al\/en\/wp-json\/wp\/v2\/media\/7909"}],"wp:attachment":[{"href":"https:\/\/alehandrogroup.al\/en\/wp-json\/wp\/v2\/media?parent=6174"}],"wp:term":[{"taxonomy":"product_brand","embeddable":true,"href":"https:\/\/alehandrogroup.al\/en\/wp-json\/wp\/v2\/product_brand?post=6174"},{"taxonomy":"product_cat","embeddable":true,"href":"https:\/\/alehandrogroup.al\/en\/wp-json\/wp\/v2\/product_cat?post=6174"},{"taxonomy":"product_tag","embeddable":true,"href":"https:\/\/alehandrogroup.al\/en\/wp-json\/wp\/v2\/product_tag?post=6174"}],"curies":[{"name":"wp","href":"https:\/\/api.w.org\/{rel}","templated":true}]}}