{"id":6172,"date":"2025-02-07T08:08:52","date_gmt":"2025-02-07T08:08:52","guid":{"rendered":"https:\/\/alehandrogroup.al\/?post_type=product&#038;p=6172"},"modified":"2025-12-26T13:18:47","modified_gmt":"2025-12-26T13:18:47","slug":"primitivo-salento-feudi-san-gregorio","status":"publish","type":"product","link":"https:\/\/alehandrogroup.al\/en\/product\/primitivo-salento-feudi-san-gregorio\/","title":{"rendered":"PRIMITIVO SALENTO &#8211; FEUDI SAN GREGORIO"},"content":{"rendered":"<h3><strong><em>P\u00ebrshkrimi i Ver\u00ebs: PRIMITIVO SALENTO &#8211; FEUDI SAN GREGORIO<\/em><\/strong><\/h3>\n<p><em><strong>Detaje t\u00eb Prodhimit:<\/strong><\/em><\/p>\n<p>Primitivo Salento nga Feudi di San Gregorio \u00ebsht\u00eb nj\u00eb ver\u00eb q\u00eb mish\u00ebron shpirtin dhe tradit\u00ebn e rajonit t\u00eb Salentos, i njohur p\u00ebr prodhimin e ver\u00ebrave t\u00eb plota dhe t\u00eb pasura me karakter. Rrushi Primitivo, i mbledhur me kujdes, fermentohet n\u00eb temperatura t\u00eb kontrolluara p\u00ebr t\u00eb ruajtur aromat natyrore dhe kompleksitetin e tij.<\/p>\n<hr \/>\n<h3><strong><em>Karakteristikat<\/em><\/strong><\/h3>\n<ul>\n<li><strong>Ngjyra<\/strong>: Ngjyra e saj rubin e thell\u00eb me reflekse vjollce pasqyron intensitetin dhe karakterin e k\u00ebtij varieteti t\u00eb rrushit..<\/li>\n<li><strong>Aroma<\/strong>: aroma t\u00eb pasura t\u00eb frutave t\u00eb pjekura si kumbulla dhe manaferra, t\u00eb shoq\u00ebruara nga nota pikante t\u00eb vaniljes, duhanit dhe \u00e7okollat\u00ebs.<\/li>\n<li><strong>Shija<\/strong>: N\u00eb shije, \u00ebsht\u00eb e plot\u00eb, e but\u00eb dhe me tanin\u00eb t\u00eb rrumbullakosura, duke ofruar nj\u00eb ekuilib\u00ebr t\u00eb shk\u00eblqyer mes struktur\u00ebs dhe freskis\u00eb. P\u00ebrfundimi \u00ebsht\u00eb i gjat\u00eb dhe elegant, me nj\u00eb kthim t\u00eb k\u00ebndsh\u00ebm t\u00eb nuancave frutore dhe pikante.<\/li>\n<\/ul>\n<p>&nbsp;<\/p>\n<hr \/>\n<h3><em><strong>Shoq\u00ebrime t\u00eb Sugjeruara<\/strong><\/em><\/h3>\n<p><em>KombiAnohet n\u00eb m\u00ebnyr\u00eb t\u00eb shk\u00eblqyer me:<\/em><\/p>\n<ul>\n<li>Mish t\u00eb kuq t\u00eb pjekur<\/li>\n<li>Gatime tradicionale t\u00eb kuzhin\u00ebs mesdhetare<\/li>\n<li>Djathra t\u00eb stazhionuara.<\/li>\n<\/ul>","protected":false},"excerpt":{"rendered":"<p>P\u00ebrshkrimi i Ver\u00ebs: PRIMITIVO SALENTO &#8211; FEUDI SAN GREGORIO Detaje t\u00eb Prodhimit: Primitivo Salento nga Feudi di San Gregorio \u00ebsht\u00eb nj\u00eb ver\u00eb q\u00eb mish\u00ebron shpirtin dhe tradit\u00ebn e rajonit t\u00eb Salentos, i njohur p\u00ebr prodhimin e ver\u00ebrave t\u00eb plota dhe t\u00eb pasura me karakter. Rrushi Primitivo, i mbledhur me kujdes, fermentohet n\u00eb temperatura t\u00eb kontrolluara [&hellip;]<\/p>\n","protected":false},"featured_media":8066,"template":"","meta":[],"product_brand":[],"product_cat":[58,46],"product_tag":[],"class_list":{"0":"post-6172","1":"product","2":"type-product","3":"status-publish","4":"has-post-thumbnail","6":"product_cat-vere","7":"product_cat-vere-e-kuqe","9":"first","10":"instock","11":"shipping-taxable","12":"purchasable","13":"product-type-simple"},"_links":{"self":[{"href":"https:\/\/alehandrogroup.al\/en\/wp-json\/wp\/v2\/product\/6172","targetHints":{"allow":["GET"]}}],"collection":[{"href":"https:\/\/alehandrogroup.al\/en\/wp-json\/wp\/v2\/product"}],"about":[{"href":"https:\/\/alehandrogroup.al\/en\/wp-json\/wp\/v2\/types\/product"}],"version-history":[{"count":1,"href":"https:\/\/alehandrogroup.al\/en\/wp-json\/wp\/v2\/product\/6172\/revisions"}],"predecessor-version":[{"id":8067,"href":"https:\/\/alehandrogroup.al\/en\/wp-json\/wp\/v2\/product\/6172\/revisions\/8067"}],"wp:featuredmedia":[{"embeddable":true,"href":"https:\/\/alehandrogroup.al\/en\/wp-json\/wp\/v2\/media\/8066"}],"wp:attachment":[{"href":"https:\/\/alehandrogroup.al\/en\/wp-json\/wp\/v2\/media?parent=6172"}],"wp:term":[{"taxonomy":"product_brand","embeddable":true,"href":"https:\/\/alehandrogroup.al\/en\/wp-json\/wp\/v2\/product_brand?post=6172"},{"taxonomy":"product_cat","embeddable":true,"href":"https:\/\/alehandrogroup.al\/en\/wp-json\/wp\/v2\/product_cat?post=6172"},{"taxonomy":"product_tag","embeddable":true,"href":"https:\/\/alehandrogroup.al\/en\/wp-json\/wp\/v2\/product_tag?post=6172"}],"curies":[{"name":"wp","href":"https:\/\/api.w.org\/{rel}","templated":true}]}}