{"id":6169,"date":"2025-02-07T08:02:53","date_gmt":"2025-02-07T08:02:53","guid":{"rendered":"https:\/\/alehandrogroup.al\/?post_type=product&#038;p=6169"},"modified":"2025-11-22T10:57:32","modified_gmt":"2025-11-22T10:57:32","slug":"fiano-di-avellino-feudi-san-gregorio","status":"publish","type":"product","link":"https:\/\/alehandrogroup.al\/en\/product\/fiano-di-avellino-feudi-san-gregorio\/","title":{"rendered":"FIANO DI AVELLINO &#8211; FEUDI SAN GREGORIO"},"content":{"rendered":"<h3><strong><em>P\u00ebrshkrimi i Ver\u00ebs: FIANO DI AVELLINO &#8211; FEUDI SAN GREGORIO<\/em><\/strong><\/h3>\n<p><em><strong>Detaje t\u00eb Prodhimit:<\/strong><\/em><\/p>\n<p>Fiano di Avellino nga Feudi di San Gregorio \u00ebsht\u00eb nj\u00eb nga ver\u00ebrat m\u00eb t\u00eb njohura t\u00eb Kampanias, fal\u00eb karakterit t\u00eb saj unik dhe eleganc\u00ebs natyrale. Kjo ver\u00eb e bardh\u00eb, e prodhuar nga rrushi Fiano, vjen me nj\u00eb arom\u00eb t\u00eb rafinuar ku dallohen nota agrumesh, lule t\u00eb bardha dhe nuanca bajameje.<\/p>\n<hr \/>\n<h3><strong><em>Karakteristikat<\/em><\/strong><\/h3>\n<ul>\n<li><strong>Ngjyra:<\/strong> E art\u00eb e hapur me reflektime t\u00eb gjelbra, duke treguar freskin\u00eb dhe eleganc\u00ebn e ver\u00ebs.<\/li>\n<li><strong>Aroma:<\/strong> N\u00eb hund\u00eb shfaq nj\u00eb buqet\u00eb aromash t\u00eb rafinuara, ku dallohen agrumet, dardha, lule t\u00eb bardha dhe nuanca t\u00eb lehta bajameje dhe mjalti. Nota minerale dhe nuancat e thella t\u00eb luleve e b\u00ebjn\u00eb arom\u00ebn t\u00eb kompletuar dhe t\u00eb ve\u00e7ant\u00eb.<\/li>\n<li><strong>Shija:<\/strong> N\u00eb goj\u00eb \u00ebsht\u00eb e pasur, e balancuar dhe e fresk\u00ebt. Struktura e saj elegante dhe aciditeti i mir\u00eb i japin nj\u00eb karakter t\u00eb fuqish\u00ebm, duke ofruar nj\u00eb p\u00ebrfundim t\u00eb gjat\u00eb dhe t\u00eb k\u00ebndsh\u00ebm me prekje minerale dhe agrumesh.<\/li>\n<\/ul>\n<p>&nbsp;<\/p>\n<hr \/>\n<h3><em><strong>Shoq\u00ebrime t\u00eb Sugjeruara<\/strong><\/em><\/h3>\n<p><em>KombiAnohet n\u00eb m\u00ebnyr\u00eb t\u00eb shk\u00eblqyer me:<\/em><\/p>\n<ul>\n<li>Peshk t\u00eb pjekur,<\/li>\n<li>Fruta deti,<\/li>\n<li>Djath\u00ebra t\u00eb but\u00eb<\/li>\n<li>Pasta<\/li>\n<\/ul>","protected":false},"excerpt":{"rendered":"<p>P\u00ebrshkrimi i Ver\u00ebs: FIANO DI AVELLINO &#8211; FEUDI SAN GREGORIO Detaje t\u00eb Prodhimit: Fiano di Avellino nga Feudi di San Gregorio \u00ebsht\u00eb nj\u00eb nga ver\u00ebrat m\u00eb t\u00eb njohura t\u00eb Kampanias, fal\u00eb karakterit t\u00eb saj unik dhe eleganc\u00ebs natyrale. Kjo ver\u00eb e bardh\u00eb, e prodhuar nga rrushi Fiano, vjen me nj\u00eb arom\u00eb t\u00eb rafinuar ku dallohen [&hellip;]<\/p>\n","protected":false},"featured_media":7579,"template":"","meta":[],"product_brand":[],"product_cat":[58,41],"product_tag":[],"class_list":{"0":"post-6169","1":"product","2":"type-product","3":"status-publish","4":"has-post-thumbnail","6":"product_cat-vere","7":"product_cat-vere-e-bardhe","9":"first","10":"instock","11":"shipping-taxable","12":"purchasable","13":"product-type-simple"},"_links":{"self":[{"href":"https:\/\/alehandrogroup.al\/en\/wp-json\/wp\/v2\/product\/6169","targetHints":{"allow":["GET"]}}],"collection":[{"href":"https:\/\/alehandrogroup.al\/en\/wp-json\/wp\/v2\/product"}],"about":[{"href":"https:\/\/alehandrogroup.al\/en\/wp-json\/wp\/v2\/types\/product"}],"version-history":[{"count":2,"href":"https:\/\/alehandrogroup.al\/en\/wp-json\/wp\/v2\/product\/6169\/revisions"}],"predecessor-version":[{"id":7581,"href":"https:\/\/alehandrogroup.al\/en\/wp-json\/wp\/v2\/product\/6169\/revisions\/7581"}],"wp:featuredmedia":[{"embeddable":true,"href":"https:\/\/alehandrogroup.al\/en\/wp-json\/wp\/v2\/media\/7579"}],"wp:attachment":[{"href":"https:\/\/alehandrogroup.al\/en\/wp-json\/wp\/v2\/media?parent=6169"}],"wp:term":[{"taxonomy":"product_brand","embeddable":true,"href":"https:\/\/alehandrogroup.al\/en\/wp-json\/wp\/v2\/product_brand?post=6169"},{"taxonomy":"product_cat","embeddable":true,"href":"https:\/\/alehandrogroup.al\/en\/wp-json\/wp\/v2\/product_cat?post=6169"},{"taxonomy":"product_tag","embeddable":true,"href":"https:\/\/alehandrogroup.al\/en\/wp-json\/wp\/v2\/product_tag?post=6169"}],"curies":[{"name":"wp","href":"https:\/\/api.w.org\/{rel}","templated":true}]}}