{"id":6167,"date":"2025-02-07T07:58:25","date_gmt":"2025-02-07T07:58:25","guid":{"rendered":"https:\/\/alehandrogroup.al\/?post_type=product&#038;p=6167"},"modified":"2025-11-22T11:40:27","modified_gmt":"2025-11-22T11:40:27","slug":"luci-del-sud-greco-di-tufo-feudi-san-gregorio","status":"publish","type":"product","link":"https:\/\/alehandrogroup.al\/en\/product\/luci-del-sud-greco-di-tufo-feudi-san-gregorio\/","title":{"rendered":"LUCI DEL SUD GRECO DI TUFO &#8211; FEUDI SAN GREGORIO"},"content":{"rendered":"<h3><strong><em>P\u00ebrshkrimi i Ver\u00ebs: LUCI DEL SUD GRECO DI TUFO &#8211; FEUDI SAN GREGORIO<\/em><\/strong><\/h3>\n<p><em><strong>Detaje t\u00eb Prodhimit:<\/strong><\/em><\/p>\n<p>Luci del Sud Greco di Tufo nga Feudi di San Gregorio \u00ebsht\u00eb nj\u00eb ver\u00eb e bardh\u00eb elegante dhe e rafinuar q\u00eb mish\u00ebron karakteristikat e ve\u00e7anta t\u00eb rrushit Greco, i kultivuar n\u00eb tokat vullkanike t\u00eb Kampanias. N\u00eb pamje t\u00eb par\u00eb, ver\u00eb prezantohet me nj\u00eb ngjyr\u00eb t\u00eb art\u00eb t\u00eb ndritshme me reflektime jeshile, duke sinjalizuar freski dhe struktur\u00eb.<\/p>\n<hr \/>\n<h3><strong><em>Karakteristikat<\/em><\/strong><\/h3>\n<ul>\n<li><strong>Ngjyra<\/strong>: N\u00eb got\u00eb shfaq nj\u00eb ngjyr\u00eb t\u00eb art\u00eb t\u00eb ndritshme me reflekse t\u00eb lehta jeshile.<\/li>\n<li><strong>Aroma<\/strong>: Aroma \u00ebsht\u00eb e pasur dhe komplekse, me nuanca frutash t\u00eb pjekura si pjeshk\u00eb e verdh\u00eb, kajsi dhe agrume t\u00eb fresk\u00ebta, t\u00eb shoq\u00ebruara nga nota minerale dhe nj\u00eb prekje e leht\u00eb e mjaltit dhe luleve t\u00eb bardha.<\/li>\n<li><strong>Shija<\/strong>: Struktura \u00ebsht\u00eb e plot\u00eb dhe e ekuilibruar, me nj\u00eb aciditet t\u00eb gjall\u00eb q\u00eb i jep freski dhe gjat\u00ebsi shijes. Shija p\u00ebrmbyllet me nj\u00eb fund t\u00eb k\u00ebndsh\u00ebm mineral dhe nj\u00eb persistenc\u00eb t\u00eb gjat\u00eb aromatike.<\/li>\n<\/ul>\n<p>&nbsp;<\/p>\n<hr \/>\n<h3><em><strong>Shoq\u00ebrime t\u00eb Sugjeruara<\/strong><\/em><\/h3>\n<p><em>KombiAnohet n\u00eb m\u00ebnyr\u00eb t\u00eb shk\u00eblqyer me:<\/em><\/p>\n<ul>\n<li>Peshk t\u00eb fresk\u00ebt<\/li>\n<li>Ushqime deti<\/li>\n<li>Djath\u00ebra t\u00eb but\u00eb<\/li>\n<li>Pasta<\/li>\n<\/ul>","protected":false},"excerpt":{"rendered":"<p>P\u00ebrshkrimi i Ver\u00ebs: LUCI DEL SUD GRECO DI TUFO &#8211; FEUDI SAN GREGORIO Detaje t\u00eb Prodhimit: Luci del Sud Greco di Tufo nga Feudi di San Gregorio \u00ebsht\u00eb nj\u00eb ver\u00eb e bardh\u00eb elegante dhe e rafinuar q\u00eb mish\u00ebron karakteristikat e ve\u00e7anta t\u00eb rrushit Greco, i kultivuar n\u00eb tokat vullkanike t\u00eb Kampanias. N\u00eb pamje t\u00eb par\u00eb, [&hellip;]<\/p>\n","protected":false},"featured_media":7609,"template":"","meta":[],"product_brand":[],"product_cat":[58,41],"product_tag":[],"class_list":{"0":"post-6167","1":"product","2":"type-product","3":"status-publish","4":"has-post-thumbnail","6":"product_cat-vere","7":"product_cat-vere-e-bardhe","9":"first","10":"instock","11":"shipping-taxable","12":"purchasable","13":"product-type-simple"},"_links":{"self":[{"href":"https:\/\/alehandrogroup.al\/en\/wp-json\/wp\/v2\/product\/6167","targetHints":{"allow":["GET"]}}],"collection":[{"href":"https:\/\/alehandrogroup.al\/en\/wp-json\/wp\/v2\/product"}],"about":[{"href":"https:\/\/alehandrogroup.al\/en\/wp-json\/wp\/v2\/types\/product"}],"version-history":[{"count":1,"href":"https:\/\/alehandrogroup.al\/en\/wp-json\/wp\/v2\/product\/6167\/revisions"}],"predecessor-version":[{"id":7610,"href":"https:\/\/alehandrogroup.al\/en\/wp-json\/wp\/v2\/product\/6167\/revisions\/7610"}],"wp:featuredmedia":[{"embeddable":true,"href":"https:\/\/alehandrogroup.al\/en\/wp-json\/wp\/v2\/media\/7609"}],"wp:attachment":[{"href":"https:\/\/alehandrogroup.al\/en\/wp-json\/wp\/v2\/media?parent=6167"}],"wp:term":[{"taxonomy":"product_brand","embeddable":true,"href":"https:\/\/alehandrogroup.al\/en\/wp-json\/wp\/v2\/product_brand?post=6167"},{"taxonomy":"product_cat","embeddable":true,"href":"https:\/\/alehandrogroup.al\/en\/wp-json\/wp\/v2\/product_cat?post=6167"},{"taxonomy":"product_tag","embeddable":true,"href":"https:\/\/alehandrogroup.al\/en\/wp-json\/wp\/v2\/product_tag?post=6167"}],"curies":[{"name":"wp","href":"https:\/\/api.w.org\/{rel}","templated":true}]}}