{"id":6163,"date":"2025-02-06T14:10:37","date_gmt":"2025-02-06T14:10:37","guid":{"rendered":"https:\/\/alehandrogroup.al\/?post_type=product&#038;p=6163"},"modified":"2025-12-26T12:52:00","modified_gmt":"2025-12-26T12:52:00","slug":"visione-rose-feudi-san-gregorio","status":"publish","type":"product","link":"https:\/\/alehandrogroup.al\/en\/product\/visione-rose-feudi-san-gregorio\/","title":{"rendered":"VISIONE ROSE&#8217; &#8211; FEUDI SAN GREGORIO"},"content":{"rendered":"<h3><strong><em>P\u00ebrshkrimi i Ver\u00ebs: VISIONE ROSE&#8217; &#8211; FEUDI SAN GREGORIO<\/em><\/strong><\/h3>\n<p><em><strong>Detaje t\u00eb Prodhimit:<\/strong><\/em><\/p>\n<p>Visione Ros\u00e9 nga Feudi di San Gregorio \u00ebsht\u00eb nj\u00eb ver\u00eb elegante dhe e rafinuar, q\u00eb p\u00ebrfaq\u00ebson m\u00eb s\u00eb miri tradit\u00ebn e ver\u00ebrave ros\u00e9 t\u00eb rajonit t\u00eb Campanias. E prodhuar nga 100% rrush Aglianico, kjo ver\u00eb p\u00ebrmban nj\u00eb ngjyr\u00eb roz\u00eb t\u00eb but\u00eb me reflektime t\u00eb ndritshme dhe nj\u00eb arom\u00eb t\u00eb pasur me nota frutash t\u00eb kuqe si luleshtrydhe dhe qershi, t\u00eb kombinuara me nuanca agrumesh dhe petale trendafili.<\/p>\n<hr \/>\n<h3><strong><em>Karakteristikat<\/em><\/strong><\/h3>\n<ul>\n<li><strong>Ngjyra<\/strong>: Roz\u00eb e but\u00eb dhe elegante, me reflektime t\u00eb ndritshme.<\/li>\n<li><strong>Aroma<\/strong>: Shfaq nj\u00eb kompleksitet aromatik t\u00eb pasur me nota t\u00eb frutave t\u00eb kuqe si luleshtrydhe dhe qershi, t\u00eb kombinuara me nuanca agrumesh dhe petalesh trendafili.<\/li>\n<li><strong>Shija<\/strong>: E fresk\u00ebt dhe e harmonizuar, me nj\u00eb struktur\u00eb t\u00eb holl\u00eb dhe nj\u00eb aciditet t\u00eb gjall\u00eb q\u00eb i jep freski dhe fines\u00eb. Shija p\u00ebrmbyllet me nj\u00eb fund delikat dhe t\u00eb k\u00ebndsh\u00ebm, q\u00eb l\u00eb nj\u00eb ndjesi t\u00eb fresk\u00ebt n\u00eb goj\u00eb.<\/li>\n<\/ul>\n<p>&nbsp;<\/p>\n<hr \/>\n<h3><em><strong>Shoq\u00ebrime t\u00eb Sugjeruara<\/strong><\/em><\/h3>\n<p><em>KombiAnohet n\u00eb m\u00ebnyr\u00eb t\u00eb shk\u00eblqyer me:<\/em><\/p>\n<ul>\n<li>Ushqime deti<\/li>\n<li>Djath\u00ebra t\u00eb but\u00eb<\/li>\n<li>Sallata t\u00eb fresk\u00ebta<\/li>\n<li>Antipasta<\/li>\n<li>Sushi<\/li>\n<\/ul>","protected":false},"excerpt":{"rendered":"<p>P\u00ebrshkrimi i Ver\u00ebs: VISIONE ROSE&#8217; &#8211; FEUDI SAN GREGORIO Detaje t\u00eb Prodhimit: Visione Ros\u00e9 nga Feudi di San Gregorio \u00ebsht\u00eb nj\u00eb ver\u00eb elegante dhe e rafinuar, q\u00eb p\u00ebrfaq\u00ebson m\u00eb s\u00eb miri tradit\u00ebn e ver\u00ebrave ros\u00e9 t\u00eb rajonit t\u00eb Campanias. E prodhuar nga 100% rrush Aglianico, kjo ver\u00eb p\u00ebrmban nj\u00eb ngjyr\u00eb roz\u00eb t\u00eb but\u00eb me reflektime [&hellip;]<\/p>\n","protected":false},"featured_media":8058,"template":"","meta":[],"product_brand":[],"product_cat":[58,69],"product_tag":[],"class_list":{"0":"post-6163","1":"product","2":"type-product","3":"status-publish","4":"has-post-thumbnail","6":"product_cat-vere","7":"product_cat-vere-roze","9":"first","10":"instock","11":"shipping-taxable","12":"purchasable","13":"product-type-simple"},"_links":{"self":[{"href":"https:\/\/alehandrogroup.al\/en\/wp-json\/wp\/v2\/product\/6163","targetHints":{"allow":["GET"]}}],"collection":[{"href":"https:\/\/alehandrogroup.al\/en\/wp-json\/wp\/v2\/product"}],"about":[{"href":"https:\/\/alehandrogroup.al\/en\/wp-json\/wp\/v2\/types\/product"}],"version-history":[{"count":1,"href":"https:\/\/alehandrogroup.al\/en\/wp-json\/wp\/v2\/product\/6163\/revisions"}],"predecessor-version":[{"id":8059,"href":"https:\/\/alehandrogroup.al\/en\/wp-json\/wp\/v2\/product\/6163\/revisions\/8059"}],"wp:featuredmedia":[{"embeddable":true,"href":"https:\/\/alehandrogroup.al\/en\/wp-json\/wp\/v2\/media\/8058"}],"wp:attachment":[{"href":"https:\/\/alehandrogroup.al\/en\/wp-json\/wp\/v2\/media?parent=6163"}],"wp:term":[{"taxonomy":"product_brand","embeddable":true,"href":"https:\/\/alehandrogroup.al\/en\/wp-json\/wp\/v2\/product_brand?post=6163"},{"taxonomy":"product_cat","embeddable":true,"href":"https:\/\/alehandrogroup.al\/en\/wp-json\/wp\/v2\/product_cat?post=6163"},{"taxonomy":"product_tag","embeddable":true,"href":"https:\/\/alehandrogroup.al\/en\/wp-json\/wp\/v2\/product_tag?post=6163"}],"curies":[{"name":"wp","href":"https:\/\/api.w.org\/{rel}","templated":true}]}}