{"id":6160,"date":"2025-02-06T14:05:49","date_gmt":"2025-02-06T14:05:49","guid":{"rendered":"https:\/\/alehandrogroup.al\/?post_type=product&#038;p=6160"},"modified":"2025-12-02T12:26:55","modified_gmt":"2025-12-02T12:26:55","slug":"calalenta-rose-fantini","status":"publish","type":"product","link":"https:\/\/alehandrogroup.al\/en\/product\/calalenta-rose-fantini\/","title":{"rendered":"CALALENTA ROSE&#8217; &#8211; FANTINI"},"content":{"rendered":"<h3><strong><em>P\u00ebrshkrimi i Ver\u00ebs: CALALENTA PECORINO &#8211; FANTINI<\/em><\/strong><\/h3>\n<p><em><strong>Detaje t\u00eb Prodhimit:<\/strong><\/em><\/p>\n<p>Calalenta Ros\u00e9 Fantini \u00ebsht\u00eb nj\u00eb ver\u00eb elegante dhe e fresk\u00ebt, e prodhuar n\u00eb rajonin e bukur t\u00eb Abruzzos. Kjo ver\u00eb p\u00ebrb\u00ebhet 100% nga rrushi Merlot, i cili vilet me kujdes gjat\u00eb nat\u00ebs p\u00ebr t\u00eb ruajtur aromat dhe karakteristikat e tij m\u00eb t\u00eb mira. Procesi i fermentimit n\u00eb temperatura t\u00eb ul\u00ebta ndihmon n\u00eb ruajtjen e freskis\u00eb dhe nuancave t\u00eb pasura frutore, duke sjell\u00eb n\u00eb got\u00eb nj\u00eb ver\u00eb me ngjyr\u00eb roz\u00eb delikate dhe nj\u00eb arom\u00eb t\u00eb k\u00ebndshme t\u00eb frutave t\u00eb kuqe si luleshtrydhe dhe qershi, e kombinuar me nota t\u00eb lehta agrumesh dhe lulesh.<\/p>\n<hr \/>\n<h3><strong><em>Karakteristikat<\/em><\/strong><\/h3>\n<ul>\n<li><strong>Pamja<\/strong>: Ngjyr\u00eb roz\u00eb e but\u00eb dhe e ndritshme me reflektime t\u00eb lehta salmoni.<\/li>\n<li><strong>Aroma<\/strong>: E fresk\u00ebt dhe e rafinuar, me nota intensive frutash t\u00eb kuqe si luleshtrydhe, manaferra dhe qershi, t\u00eb shoq\u00ebruara nga nuanca delikate lulesh dhe agrumesh.<\/li>\n<li><strong>Shija<\/strong>: E ekuilibruar dhe e but\u00eb, me nj\u00eb struktur\u00eb t\u00eb holl\u00eb dhe nj\u00eb aciditet t\u00eb fresk\u00ebt q\u00eb i jep ver\u00ebs nj\u00eb karakter t\u00eb gjall\u00eb dhe t\u00eb k\u00ebndsh\u00ebm. Pasl\u00ebnie e gjat\u00eb dhe elegante me nj\u00eb ndjesi t\u00eb leht\u00eb minerale<\/li>\n<\/ul>\n<hr \/>\n<h3><em><strong>Shoq\u00ebrime t\u00eb Sugjeruara<\/strong><\/em><\/h3>\n<p><em>KombiAnohet n\u00eb m\u00ebnyr\u00eb t\u00eb shk\u00eblqyer me:<\/em><\/p>\n<ul>\n<li>Fruta detit<\/li>\n<li>Antipasta deti,<\/li>\n<li>Djathrat e fresk\u00ebt<\/li>\n<li>Sushi<\/li>\n<\/ul>\n<p>&nbsp;<\/p>","protected":false},"excerpt":{"rendered":"<p>P\u00ebrshkrimi i Ver\u00ebs: CALALENTA PECORINO &#8211; FANTINI Detaje t\u00eb Prodhimit: Calalenta Ros\u00e9 Fantini \u00ebsht\u00eb nj\u00eb ver\u00eb elegante dhe e fresk\u00ebt, e prodhuar n\u00eb rajonin e bukur t\u00eb Abruzzos. Kjo ver\u00eb p\u00ebrb\u00ebhet 100% nga rrushi Merlot, i cili vilet me kujdes gjat\u00eb nat\u00ebs p\u00ebr t\u00eb ruajtur aromat dhe karakteristikat e tij m\u00eb t\u00eb mira. Procesi i [&hellip;]<\/p>\n","protected":false},"featured_media":7725,"template":"","meta":[],"product_brand":[],"product_cat":[58,69],"product_tag":[],"class_list":{"0":"post-6160","1":"product","2":"type-product","3":"status-publish","4":"has-post-thumbnail","6":"product_cat-vere","7":"product_cat-vere-roze","9":"first","10":"instock","11":"shipping-taxable","12":"purchasable","13":"product-type-simple"},"_links":{"self":[{"href":"https:\/\/alehandrogroup.al\/en\/wp-json\/wp\/v2\/product\/6160","targetHints":{"allow":["GET"]}}],"collection":[{"href":"https:\/\/alehandrogroup.al\/en\/wp-json\/wp\/v2\/product"}],"about":[{"href":"https:\/\/alehandrogroup.al\/en\/wp-json\/wp\/v2\/types\/product"}],"version-history":[{"count":1,"href":"https:\/\/alehandrogroup.al\/en\/wp-json\/wp\/v2\/product\/6160\/revisions"}],"predecessor-version":[{"id":7726,"href":"https:\/\/alehandrogroup.al\/en\/wp-json\/wp\/v2\/product\/6160\/revisions\/7726"}],"wp:featuredmedia":[{"embeddable":true,"href":"https:\/\/alehandrogroup.al\/en\/wp-json\/wp\/v2\/media\/7725"}],"wp:attachment":[{"href":"https:\/\/alehandrogroup.al\/en\/wp-json\/wp\/v2\/media?parent=6160"}],"wp:term":[{"taxonomy":"product_brand","embeddable":true,"href":"https:\/\/alehandrogroup.al\/en\/wp-json\/wp\/v2\/product_brand?post=6160"},{"taxonomy":"product_cat","embeddable":true,"href":"https:\/\/alehandrogroup.al\/en\/wp-json\/wp\/v2\/product_cat?post=6160"},{"taxonomy":"product_tag","embeddable":true,"href":"https:\/\/alehandrogroup.al\/en\/wp-json\/wp\/v2\/product_tag?post=6160"}],"curies":[{"name":"wp","href":"https:\/\/api.w.org\/{rel}","templated":true}]}}