{"id":6158,"date":"2025-02-06T14:00:43","date_gmt":"2025-02-06T14:00:43","guid":{"rendered":"https:\/\/alehandrogroup.al\/?post_type=product&#038;p=6158"},"modified":"2025-12-02T12:25:11","modified_gmt":"2025-12-02T12:25:11","slug":"calalenta-pecorino-fantini","status":"publish","type":"product","link":"https:\/\/alehandrogroup.al\/en\/product\/calalenta-pecorino-fantini\/","title":{"rendered":"CALALENTA PECORINO &#8211; FANTINI"},"content":{"rendered":"<h3><strong><em>P\u00ebrshkrimi i Ver\u00ebs: CALALENTA PECORINO &#8211; FANTINI<\/em><\/strong><\/h3>\n<p><em><strong>Detaje t\u00eb Prodhimit:<\/strong><\/em><\/p>\n<p>Calalenta Pecorino Fantini \u00ebsht\u00eb nj\u00eb ver\u00eb e bardh\u00eb elegante dhe e rafinuar, e prodhuar nga rrushi Pecorino, nj\u00eb varietet autokton italian q\u00eb shquhet p\u00ebr freskin\u00eb dhe struktur\u00ebn e tij t\u00eb ve\u00e7ant\u00eb. Vjelja kryhet gjat\u00eb nat\u00ebs p\u00ebr t\u00eb ruajtur aromat delikate, nd\u00ebrsa fermentimi n\u00eb temperatura t\u00eb kontrolluara ndihmon n\u00eb theksimin e karakteristikave frutore dhe minerale.<\/p>\n<hr \/>\n<h3><strong><em>Karakteristikat<\/em><\/strong><\/h3>\n<ul>\n<li><strong>Ngjyra<\/strong>: E verdh\u00eb e art\u00eb me reflektime t\u00eb lehta t\u00eb gjelbra, q\u00eb tregon freskin\u00eb dhe karakterin e saj t\u00eb gjall\u00eb.<\/li>\n<li><strong>Aroma<\/strong>: Aroma \u00ebsht\u00eb komplekse dhe elegante, me nuanca t\u00eb agrumeve, moll\u00ebs jeshile, dardh\u00ebs dhe luleve t\u00eb bardha. Gjithashtu, dallohen nota delikate t\u00eb barit t\u00eb fresk\u00ebt dhe mineraleve, duke i dh\u00ebn\u00eb ver\u00ebs nj\u00eb profil t\u00eb rafinuar dhe t\u00eb k\u00ebndsh\u00ebm.<\/li>\n<li><strong>Shija<\/strong>: E fresk\u00ebt, e strukturuar dhe e ekuilibruar, me nj\u00eb aciditet t\u00eb gjall\u00eb q\u00eb i jep gjall\u00ebri dhe nj\u00eb p\u00ebrfundim t\u00eb gjat\u00eb e t\u00eb k\u00ebndsh\u00ebm. Shija pasqyron aromat, duke sjell\u00eb nuanca frutash dhe nj\u00eb ndjesi minerale elegante.<\/li>\n<\/ul>\n<hr \/>\n<h3><em><strong>Shoq\u00ebrime t\u00eb Sugjeruara<\/strong><\/em><\/h3>\n<p><em>KombiAnohet n\u00eb m\u00ebnyr\u00eb t\u00eb shk\u00eblqyer me:<\/em><\/p>\n<ul>\n<li>Frutat e detit<\/li>\n<li>Antipastata<\/li>\n<li>Djathrat e fresk\u00ebt<\/li>\n<\/ul>\n<p>&nbsp;<\/p>","protected":false},"excerpt":{"rendered":"<p>P\u00ebrshkrimi i Ver\u00ebs: CALALENTA PECORINO &#8211; FANTINI Detaje t\u00eb Prodhimit: Calalenta Pecorino Fantini \u00ebsht\u00eb nj\u00eb ver\u00eb e bardh\u00eb elegante dhe e rafinuar, e prodhuar nga rrushi Pecorino, nj\u00eb varietet autokton italian q\u00eb shquhet p\u00ebr freskin\u00eb dhe struktur\u00ebn e tij t\u00eb ve\u00e7ant\u00eb. Vjelja kryhet gjat\u00eb nat\u00ebs p\u00ebr t\u00eb ruajtur aromat delikate, nd\u00ebrsa fermentimi n\u00eb temperatura t\u00eb [&hellip;]<\/p>\n","protected":false},"featured_media":7723,"template":"","meta":[],"product_brand":[],"product_cat":[58,41],"product_tag":[],"class_list":{"0":"post-6158","1":"product","2":"type-product","3":"status-publish","4":"has-post-thumbnail","6":"product_cat-vere","7":"product_cat-vere-e-bardhe","9":"first","10":"instock","11":"shipping-taxable","12":"purchasable","13":"product-type-simple"},"_links":{"self":[{"href":"https:\/\/alehandrogroup.al\/en\/wp-json\/wp\/v2\/product\/6158","targetHints":{"allow":["GET"]}}],"collection":[{"href":"https:\/\/alehandrogroup.al\/en\/wp-json\/wp\/v2\/product"}],"about":[{"href":"https:\/\/alehandrogroup.al\/en\/wp-json\/wp\/v2\/types\/product"}],"version-history":[{"count":1,"href":"https:\/\/alehandrogroup.al\/en\/wp-json\/wp\/v2\/product\/6158\/revisions"}],"predecessor-version":[{"id":7724,"href":"https:\/\/alehandrogroup.al\/en\/wp-json\/wp\/v2\/product\/6158\/revisions\/7724"}],"wp:featuredmedia":[{"embeddable":true,"href":"https:\/\/alehandrogroup.al\/en\/wp-json\/wp\/v2\/media\/7723"}],"wp:attachment":[{"href":"https:\/\/alehandrogroup.al\/en\/wp-json\/wp\/v2\/media?parent=6158"}],"wp:term":[{"taxonomy":"product_brand","embeddable":true,"href":"https:\/\/alehandrogroup.al\/en\/wp-json\/wp\/v2\/product_brand?post=6158"},{"taxonomy":"product_cat","embeddable":true,"href":"https:\/\/alehandrogroup.al\/en\/wp-json\/wp\/v2\/product_cat?post=6158"},{"taxonomy":"product_tag","embeddable":true,"href":"https:\/\/alehandrogroup.al\/en\/wp-json\/wp\/v2\/product_tag?post=6158"}],"curies":[{"name":"wp","href":"https:\/\/api.w.org\/{rel}","templated":true}]}}