{"id":6156,"date":"2025-02-06T13:56:05","date_gmt":"2025-02-06T13:56:05","guid":{"rendered":"https:\/\/alehandrogroup.al\/?post_type=product&#038;p=6156"},"modified":"2025-12-02T13:49:37","modified_gmt":"2025-12-02T13:49:37","slug":"edizione-collection-fantini","status":"publish","type":"product","link":"https:\/\/alehandrogroup.al\/en\/product\/edizione-collection-fantini\/","title":{"rendered":"EDIZIONE COLLECTION &#8211; FANTINI"},"content":{"rendered":"<h3><strong><em>P\u00ebrshkrimi i Ver\u00ebs: EDIZIONE COLLECTION &#8211; FANTINI<\/em><\/strong><\/h3>\n<p><em><strong>Detaje t\u00eb Prodhimit:<\/strong><\/em><\/p>\n<p><strong>Edizione Collection Fantini<\/strong> \u00ebsht\u00eb nj\u00eb ver\u00eb e jasht\u00ebzakonshme q\u00eb mish\u00ebron tradit\u00ebn dhe pasurin\u00eb e varieteteve m\u00eb t\u00eb mira autoktone italiane. P\u00ebrgatitur nga rrush i zgjedhur nga rajone t\u00eb ndryshme t\u00eb Italis\u00eb Jugore, Montepulciano, Primitivo, Sangiovese, Negroamaro dhe Malvasia Nera kjo ver\u00eb kombinon eleganc\u00ebn dhe kompleksitetin n\u00eb m\u00ebnyr\u00eb perfekte. <strong>Maturimi<\/strong>: 12 muaj n\u00eb fu\u00e7i lisi francez dhe amerikan, duke i dh\u00ebn\u00eb ver\u00ebs nj\u00eb struktur\u00eb t\u00eb thell\u00eb dhe nuanca t\u00eb rafinuara t\u00eb drurit dhe er\u00ebzave<\/p>\n<hr \/>\n<h3><strong><em>Karakteristikat<\/em><\/strong><\/h3>\n<ul>\n<li><strong>Ngjyra<\/strong>: Nj\u00eb e kuqe rubin e thell\u00eb dhe intensive, me reflektime vjollc\u00eb q\u00eb tregojn\u00eb kompleksitetin dhe pjekurin\u00eb e saj.<\/li>\n<li><strong>Aroma<\/strong>: Arom\u00eb e pasur dhe e fuqishme, ku dallohen nota t\u00eb frutave t\u00eb pjekura si qershia e zez\u00eb, manaferrat dhe kumbullat. Preken gjithashtu nuanca t\u00eb er\u00ebzave t\u00eb \u00ebmbla, vaniljes, \u00e7okollat\u00ebs dhe duhanit, t\u00eb cilat vijn\u00eb nga maturimi n\u00eb fu\u00e7i lisi.<\/li>\n<li><strong>Shija<\/strong>: N\u00eb goj\u00eb \u00ebsht\u00eb e plot\u00eb, e ekuilibruar dhe me struktur\u00eb t\u00eb fuqishme. Taninat jan\u00eb t\u00eb buta dhe t\u00eb rafinuara, duke krijuar nj\u00eb harmoni perfekte me aciditetin e moderuar dhe p\u00ebrfundimin e gjat\u00eb e elegant. Ndjesia e but\u00eb dhe e kadifenjt\u00eb e b\u00ebn k\u00ebt\u00eb ver\u00eb nj\u00eb p\u00ebrvoj\u00eb unike n\u00eb degustim.<\/li>\n<\/ul>\n<hr \/>\n<h3><em><strong>Shoq\u00ebrime t\u00eb Sugjeruara<\/strong><\/em><\/h3>\n<p><em>KombiAnohet n\u00eb m\u00ebnyr\u00eb t\u00eb shk\u00eblqyer me:<\/em><\/p>\n<ul>\n<li>Mish t\u00eb kuq t\u00eb pjekur<\/li>\n<li>Pasta<\/li>\n<li>Pjatat tradicionale<\/li>\n<li><span class=\"selectable-text copyable-text false\">Djath\u00eb i Stazhonuar<\/span><\/li>\n<\/ul>\n<p><strong>Eshte nj\u00eb zgjedhje perfekte p\u00ebr event speciale dhe darka t\u00eb ve\u00e7anta.<\/strong><\/p>","protected":false},"excerpt":{"rendered":"<p>P\u00ebrshkrimi i Ver\u00ebs: EDIZIONE COLLECTION &#8211; FANTINI Detaje t\u00eb Prodhimit: Edizione Collection Fantini \u00ebsht\u00eb nj\u00eb ver\u00eb e jasht\u00ebzakonshme q\u00eb mish\u00ebron tradit\u00ebn dhe pasurin\u00eb e varieteteve m\u00eb t\u00eb mira autoktone italiane. P\u00ebrgatitur nga rrush i zgjedhur nga rajone t\u00eb ndryshme t\u00eb Italis\u00eb Jugore, Montepulciano, Primitivo, Sangiovese, Negroamaro dhe Malvasia Nera kjo ver\u00eb kombinon eleganc\u00ebn dhe kompleksitetin [&hellip;]<\/p>\n","protected":false},"featured_media":7765,"template":"","meta":[],"product_brand":[],"product_cat":[58,46],"product_tag":[],"class_list":{"0":"post-6156","1":"product","2":"type-product","3":"status-publish","4":"has-post-thumbnail","6":"product_cat-vere","7":"product_cat-vere-e-kuqe","9":"first","10":"instock","11":"shipping-taxable","12":"purchasable","13":"product-type-simple"},"_links":{"self":[{"href":"https:\/\/alehandrogroup.al\/en\/wp-json\/wp\/v2\/product\/6156","targetHints":{"allow":["GET"]}}],"collection":[{"href":"https:\/\/alehandrogroup.al\/en\/wp-json\/wp\/v2\/product"}],"about":[{"href":"https:\/\/alehandrogroup.al\/en\/wp-json\/wp\/v2\/types\/product"}],"version-history":[{"count":1,"href":"https:\/\/alehandrogroup.al\/en\/wp-json\/wp\/v2\/product\/6156\/revisions"}],"predecessor-version":[{"id":7766,"href":"https:\/\/alehandrogroup.al\/en\/wp-json\/wp\/v2\/product\/6156\/revisions\/7766"}],"wp:featuredmedia":[{"embeddable":true,"href":"https:\/\/alehandrogroup.al\/en\/wp-json\/wp\/v2\/media\/7765"}],"wp:attachment":[{"href":"https:\/\/alehandrogroup.al\/en\/wp-json\/wp\/v2\/media?parent=6156"}],"wp:term":[{"taxonomy":"product_brand","embeddable":true,"href":"https:\/\/alehandrogroup.al\/en\/wp-json\/wp\/v2\/product_brand?post=6156"},{"taxonomy":"product_cat","embeddable":true,"href":"https:\/\/alehandrogroup.al\/en\/wp-json\/wp\/v2\/product_cat?post=6156"},{"taxonomy":"product_tag","embeddable":true,"href":"https:\/\/alehandrogroup.al\/en\/wp-json\/wp\/v2\/product_tag?post=6156"}],"curies":[{"name":"wp","href":"https:\/\/api.w.org\/{rel}","templated":true}]}}