{"id":6153,"date":"2025-02-06T13:49:02","date_gmt":"2025-02-06T13:49:02","guid":{"rendered":"https:\/\/alehandrogroup.al\/?post_type=product&#038;p=6153"},"modified":"2025-12-02T13:47:39","modified_gmt":"2025-12-02T13:47:39","slug":"edizione-cinque-autoctoni-fantini","status":"publish","type":"product","link":"https:\/\/alehandrogroup.al\/en\/product\/edizione-cinque-autoctoni-fantini\/","title":{"rendered":"EDIZIONE CINQUE AUTOCTONI &#8211; FANTINI"},"content":{"rendered":"<h3><strong><em>P\u00ebrshkrimi i Ver\u00ebs: EDIZIONE CINQUE AUTOCTONI &#8211; FANTINI<\/em><\/strong><\/h3>\n<p><em><strong>Detaje t\u00eb Prodhimit:<\/strong><\/em><\/p>\n<p><strong>Edizione Cinque Autoctoni Fantini<\/strong> \u00ebsht\u00eb nj\u00eb ver\u00eb e jasht\u00ebzakonshme, rezultat i nj\u00eb kombinimi mjesht\u00ebror t\u00eb pes\u00eb varieteteve autoktone italiane nga dy rajone t\u00eb ndryshme, Abruzzo dhe Pulia. Ngjyra e saj \u00ebsht\u00eb nj\u00eb rubin e thell\u00eb me reflektime t\u00eb purpurta, nd\u00ebrsa aroma ofron nj\u00eb kompleksitet t\u00eb pasur me nuanca t\u00eb frutave t\u00eb pjekura, er\u00ebzave t\u00eb \u00ebmbla, vaniljes dhe nj\u00eb prekje t\u00eb k\u00ebndshme t\u00eb drurit.<\/p>\n<hr \/>\n<h3><strong><em>Karakteristikat<\/em><\/strong><\/h3>\n<ul>\n<li><strong>Pamja<\/strong>: Ngjyr\u00eb e thell\u00eb rubin me reflektime vjollc\u00eb, duke treguar intensitetin dhe struktur\u00ebn e saj t\u00eb pasur.<\/li>\n<li><strong>Aroma<\/strong>: Nj\u00eb arom\u00eb e fuqishme dhe komplekse me nuanca t\u00eb frutave t\u00eb pjekura si manaferra, kumbulla dhe qershia e zez\u00eb. Gjithashtu, dallohen nota t\u00eb buta t\u00eb er\u00ebzave, \u00e7okollat\u00ebs s\u00eb zez\u00eb, vaniljes dhe nj\u00eb prekje e drurit nga maturimi n\u00eb fu\u00e7i lisi.<\/li>\n<li><strong>Shija<\/strong>: Trup i plot\u00eb dhe i strukturuar me tanin\u00eb t\u00eb buta dhe t\u00eb mir\u00ebintegruara. Aciditeti i ekuilibruar i jep freski dhe vitalitet, nd\u00ebrsa shija p\u00ebrfundon me nj\u00eb pasgjat\u00ebsi t\u00eb gjat\u00eb dhe elegante<\/li>\n<\/ul>\n<p>&nbsp;<\/p>\n<hr \/>\n<h3><em><strong>Shoq\u00ebrime t\u00eb Sugjeruara<\/strong><\/em><\/h3>\n<p><em>KombiAnohet n\u00eb m\u00ebnyr\u00eb t\u00eb shk\u00eblqyer me:<\/em><\/p>\n<ul>\n<li>Mish t\u00eb kuq t\u00eb pjekur<\/li>\n<li>Pasta<\/li>\n<li>Pjatat tradicionale<\/li>\n<li><span class=\"selectable-text copyable-text false\">Djath\u00eb i Stazhonuar<\/span><\/li>\n<\/ul>\n<p><strong>Eshte nj\u00eb zgjedhje perfekte p\u00ebr event speciale dhe darka t\u00eb ve\u00e7anta.<\/strong><\/p>","protected":false},"excerpt":{"rendered":"<p>P\u00ebrshkrimi i Ver\u00ebs: EDIZIONE CINQUE AUTOCTONI &#8211; FANTINI Detaje t\u00eb Prodhimit: Edizione Cinque Autoctoni Fantini \u00ebsht\u00eb nj\u00eb ver\u00eb e jasht\u00ebzakonshme, rezultat i nj\u00eb kombinimi mjesht\u00ebror t\u00eb pes\u00eb varieteteve autoktone italiane nga dy rajone t\u00eb ndryshme, Abruzzo dhe Pulia. Ngjyra e saj \u00ebsht\u00eb nj\u00eb rubin e thell\u00eb me reflektime t\u00eb purpurta, nd\u00ebrsa aroma ofron nj\u00eb kompleksitet [&hellip;]<\/p>\n","protected":false},"featured_media":7763,"template":"","meta":[],"product_brand":[],"product_cat":[58,46],"product_tag":[],"class_list":{"0":"post-6153","1":"product","2":"type-product","3":"status-publish","4":"has-post-thumbnail","6":"product_cat-vere","7":"product_cat-vere-e-kuqe","9":"first","10":"instock","11":"shipping-taxable","12":"purchasable","13":"product-type-simple"},"_links":{"self":[{"href":"https:\/\/alehandrogroup.al\/en\/wp-json\/wp\/v2\/product\/6153","targetHints":{"allow":["GET"]}}],"collection":[{"href":"https:\/\/alehandrogroup.al\/en\/wp-json\/wp\/v2\/product"}],"about":[{"href":"https:\/\/alehandrogroup.al\/en\/wp-json\/wp\/v2\/types\/product"}],"version-history":[{"count":1,"href":"https:\/\/alehandrogroup.al\/en\/wp-json\/wp\/v2\/product\/6153\/revisions"}],"predecessor-version":[{"id":7764,"href":"https:\/\/alehandrogroup.al\/en\/wp-json\/wp\/v2\/product\/6153\/revisions\/7764"}],"wp:featuredmedia":[{"embeddable":true,"href":"https:\/\/alehandrogroup.al\/en\/wp-json\/wp\/v2\/media\/7763"}],"wp:attachment":[{"href":"https:\/\/alehandrogroup.al\/en\/wp-json\/wp\/v2\/media?parent=6153"}],"wp:term":[{"taxonomy":"product_brand","embeddable":true,"href":"https:\/\/alehandrogroup.al\/en\/wp-json\/wp\/v2\/product_brand?post=6153"},{"taxonomy":"product_cat","embeddable":true,"href":"https:\/\/alehandrogroup.al\/en\/wp-json\/wp\/v2\/product_cat?post=6153"},{"taxonomy":"product_tag","embeddable":true,"href":"https:\/\/alehandrogroup.al\/en\/wp-json\/wp\/v2\/product_tag?post=6153"}],"curies":[{"name":"wp","href":"https:\/\/api.w.org\/{rel}","templated":true}]}}