{"id":6151,"date":"2025-02-06T10:42:27","date_gmt":"2025-02-06T10:42:27","guid":{"rendered":"https:\/\/alehandrogroup.al\/?post_type=product&#038;p=6151"},"modified":"2025-12-24T10:40:43","modified_gmt":"2025-12-24T10:40:43","slug":"primitivo-di-manduria-il-bacca-luccarelli-fantini","status":"publish","type":"product","link":"https:\/\/alehandrogroup.al\/en\/product\/primitivo-di-manduria-il-bacca-luccarelli-fantini\/","title":{"rendered":"PRIMITIVO DI MANDURIA IL BACCA LUCCARELLI &#8211; FANTINI"},"content":{"rendered":"<h3><strong><em>P\u00ebrshkrimi i Ver\u00ebs: PRIMITIVO DI MANDURIA IL BACCA LUCCARELLI &#8211; FANTINI<\/em><\/strong><\/h3>\n<p><em><strong>Detaje t\u00eb Prodhimit:<\/strong><\/em><\/p>\n<p>Primitivo di Manduria Il Bacca Luccarelli \u00ebsht\u00eb nj\u00eb ver\u00eb e pasur dhe e fuqishme q\u00eb pasqyron tiparet karakteristike t\u00eb rajonit t\u00eb Manduria-s. Ka nj\u00eb ngjyr\u00eb t\u00eb thell\u00eb dhe t\u00eb pasur ruby, q\u00eb tregon p\u00ebr konsistenc\u00ebn dhe pasurin\u00eb e ver\u00ebs. Aromat jan\u00eb t\u00eb pasura dhe t\u00eb mbushura me nuanca t\u00eb frutave t\u00eb err\u00ebta, si qershia, boronica dhe pjep\u00ebr i pjekur, nd\u00ebrsa p\u00ebrftohen dhe nota t\u00eb buta t\u00eb er\u00ebzave dhe drurit.<\/p>\n<hr \/>\n<h3><strong><em>Karakteristikat<\/em><\/strong><\/h3>\n<ul>\n<li><strong>Ngjyra:<\/strong>Ngjyr\u00eb t\u00eb thell\u00eb, ruby t\u00eb err\u00ebt, q\u00eb ngjall menj\u00ebher\u00eb nj\u00eb ndjenj\u00eb t\u00eb pasuris\u00eb dhe kompleksitetit.<\/li>\n<li><strong>Aroma<\/strong>: Aromat jan\u00eb t\u00eb pasura dhe t\u00eb mbushura me nuanca t\u00eb frutave t\u00eb err\u00ebta si qershia, boronica dhe pjep\u00ebr i pjekur, t\u00eb cilat nd\u00ebrthuren me nota t\u00eb \u00ebmbla t\u00eb er\u00ebzave dhe me ndjesi t\u00eb lehta t\u00eb vaniljes dhe drurit.<\/li>\n<li><strong>Shije:<\/strong> N\u00eb shije, vera \u00ebsht\u00eb e pasur dhe e plote, me trup t\u00eb fuqish\u00ebm dhe tanin\u00eb t\u00eb buta dhe t\u00eb shkrira mir\u00eb, duke e b\u00ebr\u00eb at\u00eb t\u00eb k\u00ebndshme dhe t\u00eb balancuar. Acidi \u00ebsht\u00eb i p\u00ebrshtatsh\u00ebm, duke ofruar nj\u00eb freski t\u00eb k\u00ebndshme dhe nj\u00eb fund t\u00eb gjat\u00eb dhe t\u00eb k\u00ebnaqsh\u00ebm, me mbetje t\u00eb pasura t\u00eb frutave dhe er\u00ebzave.<\/li>\n<\/ul>\n<p>&nbsp;<\/p>\n<hr \/>\n<h3><em><strong>Shoq\u00ebrime t\u00eb Sugjeruara<\/strong><\/em><\/h3>\n<p><em>KombiAnohet n\u00eb m\u00ebnyr\u00eb t\u00eb shk\u00eblqyer me:<\/em><\/p>\n<ul>\n<li>Mishin e kuq<\/li>\n<li>Pasta<\/li>\n<li>Antipasta<\/li>\n<li><span class=\"selectable-text copyable-text false\">Djath\u00eb i Stazhonuar<\/span><\/li>\n<\/ul>\n<p><strong>Eshte nj\u00eb zgjedhje perfekte p\u00ebr event speciale dhe darka t\u00eb ve\u00e7anta.<\/strong><\/p>","protected":false},"excerpt":{"rendered":"<p>P\u00ebrshkrimi i Ver\u00ebs: PRIMITIVO DI MANDURIA IL BACCA LUCCARELLI &#8211; FANTINI Detaje t\u00eb Prodhimit: Primitivo di Manduria Il Bacca Luccarelli \u00ebsht\u00eb nj\u00eb ver\u00eb e pasur dhe e fuqishme q\u00eb pasqyron tiparet karakteristike t\u00eb rajonit t\u00eb Manduria-s. Ka nj\u00eb ngjyr\u00eb t\u00eb thell\u00eb dhe t\u00eb pasur ruby, q\u00eb tregon p\u00ebr konsistenc\u00ebn dhe pasurin\u00eb e ver\u00ebs. Aromat jan\u00eb [&hellip;]<\/p>\n","protected":false},"featured_media":7933,"template":"","meta":[],"product_brand":[],"product_cat":[58,46],"product_tag":[],"class_list":{"0":"post-6151","1":"product","2":"type-product","3":"status-publish","4":"has-post-thumbnail","6":"product_cat-vere","7":"product_cat-vere-e-kuqe","9":"first","10":"instock","11":"shipping-taxable","12":"purchasable","13":"product-type-simple"},"_links":{"self":[{"href":"https:\/\/alehandrogroup.al\/en\/wp-json\/wp\/v2\/product\/6151","targetHints":{"allow":["GET"]}}],"collection":[{"href":"https:\/\/alehandrogroup.al\/en\/wp-json\/wp\/v2\/product"}],"about":[{"href":"https:\/\/alehandrogroup.al\/en\/wp-json\/wp\/v2\/types\/product"}],"version-history":[{"count":1,"href":"https:\/\/alehandrogroup.al\/en\/wp-json\/wp\/v2\/product\/6151\/revisions"}],"predecessor-version":[{"id":7934,"href":"https:\/\/alehandrogroup.al\/en\/wp-json\/wp\/v2\/product\/6151\/revisions\/7934"}],"wp:featuredmedia":[{"embeddable":true,"href":"https:\/\/alehandrogroup.al\/en\/wp-json\/wp\/v2\/media\/7933"}],"wp:attachment":[{"href":"https:\/\/alehandrogroup.al\/en\/wp-json\/wp\/v2\/media?parent=6151"}],"wp:term":[{"taxonomy":"product_brand","embeddable":true,"href":"https:\/\/alehandrogroup.al\/en\/wp-json\/wp\/v2\/product_brand?post=6151"},{"taxonomy":"product_cat","embeddable":true,"href":"https:\/\/alehandrogroup.al\/en\/wp-json\/wp\/v2\/product_cat?post=6151"},{"taxonomy":"product_tag","embeddable":true,"href":"https:\/\/alehandrogroup.al\/en\/wp-json\/wp\/v2\/product_tag?post=6151"}],"curies":[{"name":"wp","href":"https:\/\/api.w.org\/{rel}","templated":true}]}}