{"id":6149,"date":"2025-02-06T10:36:42","date_gmt":"2025-02-06T10:36:42","guid":{"rendered":"https:\/\/alehandrogroup.al\/?post_type=product&#038;p=6149"},"modified":"2025-12-24T10:59:03","modified_gmt":"2025-12-24T10:59:03","slug":"primitivo-puglia-luccarelli-tre-stelle-fantini","status":"publish","type":"product","link":"https:\/\/alehandrogroup.al\/en\/product\/primitivo-puglia-luccarelli-tre-stelle-fantini\/","title":{"rendered":"PRIMITIVO PUGLIA LUCCARELLI TRE STELLE &#8211; FANTINI"},"content":{"rendered":"<h3><strong><em>P\u00ebrshkrimi i Ver\u00ebs: PRIMITIVO PUGLIA LUCCARELLI TRE STELLE &#8211; FANTINI<\/em><\/strong><\/h3>\n<p><em><strong>Detaje t\u00eb Prodhimit:<\/strong><\/em><\/p>\n<p>Primitivo Puglia Luccarelli Tre Stelle \u00ebsht\u00eb nj\u00eb ver\u00eb e pasur dhe e fuqishme, q\u00eb pasqyron karakteristikat tipike t\u00eb Puglias. Vera ka nj\u00eb ngjyr\u00eb t\u00eb thell\u00eb dhe t\u00eb pasur ruby dhe nj\u00eb arom\u00eb t\u00eb shijshme q\u00eb p\u00ebrfshin nuanca t\u00eb frutave t\u00eb err\u00ebta si qershia dhe boronica, nd\u00ebrsa ka edhe nuanca t\u00eb pjekura dhe er\u00ebza t\u00eb buta q\u00eb i japin nj\u00eb kompleksitet t\u00eb ve\u00e7ant\u00eb.<\/p>\n<hr \/>\n<h3><strong><em>Karakteristikat<\/em><\/strong><\/h3>\n<ul>\n<li><strong>Ngjyra:<\/strong>Me nj\u00eb ngjyr\u00eb t\u00eb thell\u00eb ruby t\u00eb err\u00ebt, ajo t\u00ebrheq menj\u00ebher\u00eb v\u00ebmendjen dhe premton nj\u00eb p\u00ebrvoj\u00eb t\u00eb pasur.<\/li>\n<li><strong>Aroma<\/strong>: N\u00eb hund\u00eb, aromat jan\u00eb t\u00eb pasura dhe komplekse, me nuanca t\u00eb frutave t\u00eb err\u00ebta si qershia, boronica dhe arrat e pjekura, t\u00eb cilat nd\u00ebrthuren me nuanca t\u00eb buta t\u00eb er\u00ebzave dhe shenjave t\u00eb drurit t\u00eb pjekur. Ky kombinim i aromave t\u00eb pasura ofron nj\u00eb p\u00ebrvoj\u00eb t\u00ebrheq\u00ebse dhe elegante.<\/li>\n<li><strong>Shije:<\/strong> N\u00eb shije, ver\u00eb \u00ebsht\u00eb e mbushur me trup dhe ka tanin\u00eb t\u00eb buta, por t\u00eb mir\u00ebintegruara q\u00eb i japin asaj nj\u00eb struktur\u00eb t\u00eb fuqishme. Acidi \u00ebsht\u00eb i k\u00ebndsh\u00ebm dhe kontribuon n\u00eb ekuilibrin e shijes, duke i dh\u00ebn\u00eb ver\u00ebs nj\u00eb freski t\u00eb k\u00ebndshme. Fundi \u00ebsht\u00eb i gjat\u00eb dhe i pasur, me nj\u00eb mbetje t\u00eb frutave dhe er\u00ebzave q\u00eb mbetet n\u00eb goj\u00eb.<\/li>\n<\/ul>\n<p>&nbsp;<\/p>\n<hr \/>\n<h3><em><strong>Shoq\u00ebrime t\u00eb Sugjeruara<\/strong><\/em><\/h3>\n<p><em>KombiAnohet n\u00eb m\u00ebnyr\u00eb t\u00eb shk\u00eblqyer me:<\/em><\/p>\n<ul>\n<li>Mishin e kuq<\/li>\n<li>Pasta<\/li>\n<li>Antipasta<\/li>\n<li><span class=\"selectable-text copyable-text false\">Djath\u00eb i Stazhonuar <\/span><\/li>\n<\/ul>","protected":false},"excerpt":{"rendered":"<p>P\u00ebrshkrimi i Ver\u00ebs: PRIMITIVO PUGLIA LUCCARELLI TRE STELLE &#8211; FANTINI Detaje t\u00eb Prodhimit: Primitivo Puglia Luccarelli Tre Stelle \u00ebsht\u00eb nj\u00eb ver\u00eb e pasur dhe e fuqishme, q\u00eb pasqyron karakteristikat tipike t\u00eb Puglias. Vera ka nj\u00eb ngjyr\u00eb t\u00eb thell\u00eb dhe t\u00eb pasur ruby dhe nj\u00eb arom\u00eb t\u00eb shijshme q\u00eb p\u00ebrfshin nuanca t\u00eb frutave t\u00eb err\u00ebta si [&hellip;]<\/p>\n","protected":false},"featured_media":7939,"template":"","meta":[],"product_brand":[],"product_cat":[58,46],"product_tag":[],"class_list":{"0":"post-6149","1":"product","2":"type-product","3":"status-publish","4":"has-post-thumbnail","6":"product_cat-vere","7":"product_cat-vere-e-kuqe","9":"first","10":"instock","11":"shipping-taxable","12":"purchasable","13":"product-type-simple"},"_links":{"self":[{"href":"https:\/\/alehandrogroup.al\/en\/wp-json\/wp\/v2\/product\/6149","targetHints":{"allow":["GET"]}}],"collection":[{"href":"https:\/\/alehandrogroup.al\/en\/wp-json\/wp\/v2\/product"}],"about":[{"href":"https:\/\/alehandrogroup.al\/en\/wp-json\/wp\/v2\/types\/product"}],"version-history":[{"count":1,"href":"https:\/\/alehandrogroup.al\/en\/wp-json\/wp\/v2\/product\/6149\/revisions"}],"predecessor-version":[{"id":7940,"href":"https:\/\/alehandrogroup.al\/en\/wp-json\/wp\/v2\/product\/6149\/revisions\/7940"}],"wp:featuredmedia":[{"embeddable":true,"href":"https:\/\/alehandrogroup.al\/en\/wp-json\/wp\/v2\/media\/7939"}],"wp:attachment":[{"href":"https:\/\/alehandrogroup.al\/en\/wp-json\/wp\/v2\/media?parent=6149"}],"wp:term":[{"taxonomy":"product_brand","embeddable":true,"href":"https:\/\/alehandrogroup.al\/en\/wp-json\/wp\/v2\/product_brand?post=6149"},{"taxonomy":"product_cat","embeddable":true,"href":"https:\/\/alehandrogroup.al\/en\/wp-json\/wp\/v2\/product_cat?post=6149"},{"taxonomy":"product_tag","embeddable":true,"href":"https:\/\/alehandrogroup.al\/en\/wp-json\/wp\/v2\/product_tag?post=6149"}],"curies":[{"name":"wp","href":"https:\/\/api.w.org\/{rel}","templated":true}]}}