{"id":6147,"date":"2025-02-06T10:32:12","date_gmt":"2025-02-06T10:32:12","guid":{"rendered":"https:\/\/alehandrogroup.al\/?post_type=product&#038;p=6147"},"modified":"2025-12-24T09:51:46","modified_gmt":"2025-12-24T09:51:46","slug":"negroamaro-luccareli-tre-stelle-fantini","status":"publish","type":"product","link":"https:\/\/alehandrogroup.al\/en\/product\/negroamaro-luccareli-tre-stelle-fantini\/","title":{"rendered":"NEGROAMARO LUCCARELI TRE STELLE &#8211; FANTINI"},"content":{"rendered":"<h3><strong><em>P\u00ebrshkrimi i Ver\u00ebs: NEGROAMARO LUCCARELI TRE STELLE &#8211; FANTINI<\/em><\/strong><\/h3>\n<p><em><strong>Detaje t\u00eb Prodhimit:<\/strong><\/em><\/p>\n<p>Negroamaro Luccarelli Tre Stelle \u00ebsht\u00eb nj\u00eb ver\u00eb e pasur dhe e thell\u00eb, q\u00eb \u00ebsht\u00eb b\u00ebr\u00eb nga 100% rrush Negroamaro, nj\u00eb varietet tipik i rajonit t\u00eb Puglias. Ngjyra e thell\u00eb ruby e ver\u00ebs \u00ebsht\u00eb e karakterizuar nga pasuri dhe intensitet. Aromat e ver\u00ebs jan\u00eb t\u00eb pasura, duke p\u00ebrfshir\u00eb frutat e err\u00ebta si qershia dhe boronica, s\u00eb bashku me nuanca t\u00eb er\u00ebzave dhe drurit t\u00eb pjekur.<\/p>\n<hr \/>\n<h3><strong><em>Karakteristikat<\/em><\/strong><\/h3>\n<ul>\n<li><strong>Ngjyra: <\/strong>Me ngjyr\u00eb t\u00eb thell\u00eb ruby dhe reflektime t\u00eb err\u00ebta, kjo ver\u00eb ka nj\u00eb pamje t\u00ebrheq\u00ebse dhe elegante.<\/li>\n<li><strong>Aroma<\/strong>: N\u00eb hund\u00eb, aromat jan\u00eb t\u00eb pasura dhe komplekse, ku dominon fruti i err\u00ebt si qershia, boronica dhe mjedra, duke u pasuar nga nuanca t\u00eb lehta t\u00eb er\u00ebzave dhe drurit t\u00eb pjekur, q\u00eb e b\u00ebjn\u00eb arom\u00ebn edhe m\u00eb t\u00eb thell\u00eb dhe interesante.<\/li>\n<li><strong>Shije:<\/strong> N\u00eb shije, ver\u00eb \u00ebsht\u00eb e balancuar, me nj\u00eb trup t\u00eb plot\u00eb dhe me tanin\u00eb t\u00eb but\u00eb, por t\u00eb mir\u00ebintegruar. Acidi \u00ebsht\u00eb i k\u00ebndsh\u00ebm dhe i fresk\u00ebt, duke i dh\u00ebn\u00eb ver\u00ebs nj\u00eb eleganc\u00eb t\u00eb ve\u00e7ant\u00eb. Fundi \u00ebsht\u00eb i gjat\u00eb, i k\u00ebndsh\u00ebm dhe i pasur, me nj\u00eb mbetje frutash dhe er\u00ebzash q\u00eb mbetet n\u00eb goj\u00eb p\u00ebr nj\u00eb koh\u00eb t\u00eb gjat\u00eb.<\/li>\n<\/ul>\n<p>&nbsp;<\/p>\n<hr \/>\n<h3><em><strong>Shoq\u00ebrime t\u00eb Sugjeruara<\/strong><\/em><\/h3>\n<p><em>KombiAnohet n\u00eb m\u00ebnyr\u00eb t\u00eb shk\u00eblqyer me:<\/em><\/p>\n<ul>\n<li>Mishin e kuq<\/li>\n<li>Pasta<\/li>\n<li>Antipasta<\/li>\n<li><span class=\"selectable-text copyable-text false\">Djath\u00eb i Stazhonuar <\/span><\/li>\n<\/ul>","protected":false},"excerpt":{"rendered":"<p>P\u00ebrshkrimi i Ver\u00ebs: NEGROAMARO LUCCARELI TRE STELLE &#8211; FANTINI Detaje t\u00eb Prodhimit: Negroamaro Luccarelli Tre Stelle \u00ebsht\u00eb nj\u00eb ver\u00eb e pasur dhe e thell\u00eb, q\u00eb \u00ebsht\u00eb b\u00ebr\u00eb nga 100% rrush Negroamaro, nj\u00eb varietet tipik i rajonit t\u00eb Puglias. Ngjyra e thell\u00eb ruby e ver\u00ebs \u00ebsht\u00eb e karakterizuar nga pasuri dhe intensitet. Aromat e ver\u00ebs jan\u00eb [&hellip;]<\/p>\n","protected":false},"featured_media":7897,"template":"","meta":[],"product_brand":[],"product_cat":[58,46],"product_tag":[],"class_list":{"0":"post-6147","1":"product","2":"type-product","3":"status-publish","4":"has-post-thumbnail","6":"product_cat-vere","7":"product_cat-vere-e-kuqe","9":"first","10":"instock","11":"shipping-taxable","12":"purchasable","13":"product-type-simple"},"_links":{"self":[{"href":"https:\/\/alehandrogroup.al\/en\/wp-json\/wp\/v2\/product\/6147","targetHints":{"allow":["GET"]}}],"collection":[{"href":"https:\/\/alehandrogroup.al\/en\/wp-json\/wp\/v2\/product"}],"about":[{"href":"https:\/\/alehandrogroup.al\/en\/wp-json\/wp\/v2\/types\/product"}],"version-history":[{"count":1,"href":"https:\/\/alehandrogroup.al\/en\/wp-json\/wp\/v2\/product\/6147\/revisions"}],"predecessor-version":[{"id":7898,"href":"https:\/\/alehandrogroup.al\/en\/wp-json\/wp\/v2\/product\/6147\/revisions\/7898"}],"wp:featuredmedia":[{"embeddable":true,"href":"https:\/\/alehandrogroup.al\/en\/wp-json\/wp\/v2\/media\/7897"}],"wp:attachment":[{"href":"https:\/\/alehandrogroup.al\/en\/wp-json\/wp\/v2\/media?parent=6147"}],"wp:term":[{"taxonomy":"product_brand","embeddable":true,"href":"https:\/\/alehandrogroup.al\/en\/wp-json\/wp\/v2\/product_brand?post=6147"},{"taxonomy":"product_cat","embeddable":true,"href":"https:\/\/alehandrogroup.al\/en\/wp-json\/wp\/v2\/product_cat?post=6147"},{"taxonomy":"product_tag","embeddable":true,"href":"https:\/\/alehandrogroup.al\/en\/wp-json\/wp\/v2\/product_tag?post=6147"}],"curies":[{"name":"wp","href":"https:\/\/api.w.org\/{rel}","templated":true}]}}