{"id":6144,"date":"2025-02-06T09:47:15","date_gmt":"2025-02-06T09:47:15","guid":{"rendered":"https:\/\/alehandrogroup.al\/?post_type=product&#038;p=6144"},"modified":"2025-11-20T15:30:34","modified_gmt":"2025-11-20T15:30:34","slug":"10-vendemmie-limited-edition-rosso-tenuta-ulisse","status":"publish","type":"product","link":"https:\/\/alehandrogroup.al\/en\/product\/10-vendemmie-limited-edition-rosso-tenuta-ulisse\/","title":{"rendered":"10 VENDEMMIE LIMITED EDITION ROSSO &#8211; TENUTA ULISSE"},"content":{"rendered":"<h3><strong><em>P\u00ebrshkrimi i Ver\u00ebs: 10 VENDEMMIE LIMITED EDITION ROSSO &#8211; TENUTA ULISSE<\/em><\/strong><\/h3>\n<p><em><strong>Detaje t\u00eb Prodhimit:<\/strong><\/em><\/p>\n<p>10 Vendemmie Limited Edition Rosso \u00ebsht\u00eb nj\u00eb ver\u00eb e pasur dhe e sofistikuar, q\u00eb pasqyron bukurin\u00eb dhe potencialin e rajonit t\u00eb Abruzzo-s me nj\u00eb p\u00ebrzgjedhje t\u00eb vjelave t\u00eb ndryshme t\u00eb Montepulciano-s. Me ngjyr\u00ebn e tij t\u00eb thell\u00eb t\u00eb kuqe, ky ver\u00eb ofron nj\u00eb arom\u00eb t\u00eb pasur dhe komplekse, ku ndihen frutat e kuq si qershia dhe boronica, t\u00eb shoq\u00ebruara me nuanca t\u00eb lehta t\u00eb er\u00ebzave dhe drurit t\u00eb lisi.<\/p>\n<hr \/>\n<h3><strong><em>Karakteristikat<\/em><\/strong><\/h3>\n<ul>\n<li><strong>Ngjyra: <\/strong>Ngjyr\u00eb t\u00eb thell\u00eb t\u00eb kuqe ruby dhe reflektime t\u00eb ndritshme, kjo ver\u00eb ka nj\u00eb pamje t\u00ebrheq\u00ebse dhe elegante.<\/li>\n<li><strong>Aroma<\/strong>: N\u00eb hund\u00eb, 10 Vendemmie Rosso ka nj\u00eb arom\u00eb t\u00eb pasur dhe t\u00eb ngroht\u00eb, ku dominon fruti i kuq si qershia, boronica dhe mjedra, t\u00eb shoq\u00ebruara nga nuanca t\u00eb lehta t\u00eb er\u00ebzave, drurit t\u00eb lisi dhe taktilitetit t\u00eb mjaltit, duke krijuar nj\u00eb profil aromatik t\u00eb pasur dhe t\u00eb rafinuar.<\/li>\n<li><strong>Shije:<\/strong> N\u00eb shije, ver\u00eb \u00ebsht\u00eb e balancuar, me nj\u00eb trup t\u00eb plot\u00eb dhe t\u00eb ngroht\u00eb. Ka nj\u00eb struktur\u00eb t\u00eb q\u00ebndrueshme dhe nj\u00eb aciditet t\u00eb k\u00ebndsh\u00ebm q\u00eb i jep shijes freski dhe eleganc\u00eb. Tanin\u00ebt jan\u00eb t\u00eb but\u00eb dhe t\u00eb mir\u00ebintegruar, duke ofruar nj\u00eb ndjesi t\u00eb but\u00eb dhe t\u00eb l\u00ebmuar n\u00eb goj\u00eb. Fundi \u00ebsht\u00eb i gjat\u00eb dhe i k\u00ebndsh\u00ebm, me nj\u00eb mbetje t\u00eb pasur dhe t\u00eb k\u00ebndshme.<\/li>\n<\/ul>\n<p>&nbsp;<\/p>\n<hr \/>\n<h3><em><strong>Shoq\u00ebrime t\u00eb Sugjeruara<\/strong><\/em><\/h3>\n<p><em>KombiAnohet n\u00eb m\u00ebnyr\u00eb t\u00eb shk\u00eblqyer me:<\/em><\/p>\n<ul>\n<li>Mishin e kuq<\/li>\n<li>Pasta<\/li>\n<li>Antipasta<\/li>\n<li><span class=\"selectable-text copyable-text false\">Djath\u00eb i Stazhonuar <\/span><\/li>\n<\/ul>","protected":false},"excerpt":{"rendered":"<p>P\u00ebrshkrimi i Ver\u00ebs: 10 VENDEMMIE LIMITED EDITION ROSSO &#8211; TENUTA ULISSE Detaje t\u00eb Prodhimit: 10 Vendemmie Limited Edition Rosso \u00ebsht\u00eb nj\u00eb ver\u00eb e pasur dhe e sofistikuar, q\u00eb pasqyron bukurin\u00eb dhe potencialin e rajonit t\u00eb Abruzzo-s me nj\u00eb p\u00ebrzgjedhje t\u00eb vjelave t\u00eb ndryshme t\u00eb Montepulciano-s. Me ngjyr\u00ebn e tij t\u00eb thell\u00eb t\u00eb kuqe, ky ver\u00eb [&hellip;]<\/p>\n","protected":false},"featured_media":7486,"template":"","meta":[],"product_brand":[],"product_cat":[58,46],"product_tag":[],"class_list":{"0":"post-6144","1":"product","2":"type-product","3":"status-publish","4":"has-post-thumbnail","6":"product_cat-vere","7":"product_cat-vere-e-kuqe","9":"first","10":"instock","11":"shipping-taxable","12":"purchasable","13":"product-type-simple"},"_links":{"self":[{"href":"https:\/\/alehandrogroup.al\/en\/wp-json\/wp\/v2\/product\/6144","targetHints":{"allow":["GET"]}}],"collection":[{"href":"https:\/\/alehandrogroup.al\/en\/wp-json\/wp\/v2\/product"}],"about":[{"href":"https:\/\/alehandrogroup.al\/en\/wp-json\/wp\/v2\/types\/product"}],"version-history":[{"count":1,"href":"https:\/\/alehandrogroup.al\/en\/wp-json\/wp\/v2\/product\/6144\/revisions"}],"predecessor-version":[{"id":7487,"href":"https:\/\/alehandrogroup.al\/en\/wp-json\/wp\/v2\/product\/6144\/revisions\/7487"}],"wp:featuredmedia":[{"embeddable":true,"href":"https:\/\/alehandrogroup.al\/en\/wp-json\/wp\/v2\/media\/7486"}],"wp:attachment":[{"href":"https:\/\/alehandrogroup.al\/en\/wp-json\/wp\/v2\/media?parent=6144"}],"wp:term":[{"taxonomy":"product_brand","embeddable":true,"href":"https:\/\/alehandrogroup.al\/en\/wp-json\/wp\/v2\/product_brand?post=6144"},{"taxonomy":"product_cat","embeddable":true,"href":"https:\/\/alehandrogroup.al\/en\/wp-json\/wp\/v2\/product_cat?post=6144"},{"taxonomy":"product_tag","embeddable":true,"href":"https:\/\/alehandrogroup.al\/en\/wp-json\/wp\/v2\/product_tag?post=6144"}],"curies":[{"name":"wp","href":"https:\/\/api.w.org\/{rel}","templated":true}]}}