{"id":6140,"date":"2025-02-06T09:31:03","date_gmt":"2025-02-06T09:31:03","guid":{"rendered":"https:\/\/alehandrogroup.al\/?post_type=product&#038;p=6140"},"modified":"2025-11-21T14:28:27","modified_gmt":"2025-11-21T14:28:27","slug":"amaranta-montepulciano-dabruzzo-tenuta-ulisse","status":"publish","type":"product","link":"https:\/\/alehandrogroup.al\/en\/product\/amaranta-montepulciano-dabruzzo-tenuta-ulisse\/","title":{"rendered":"AMARANTA MONTEPULCIANO D&#8217;ABRUZZO &#8211; TENUTA ULISSE"},"content":{"rendered":"<h3><strong><em>P\u00ebrshkrimi i Ver\u00ebs: AMARANTA MONTEPULCIANO D&#8217;ABRUZZO &#8211; TENUTA ULISSE<\/em><\/strong><\/h3>\n<p><em><strong>Detaje t\u00eb Prodhimit:<\/strong><\/em><\/p>\n<p>Amaranta Montepulciano d&#8217;Abruzzo \u00ebsht\u00eb nj\u00eb ver\u00eb kuqe e pasur, q\u00eb pasqyron perfekt karakteristikat e varietetit Montepulciano t\u00eb Abruzzo-s. Kjo ver\u00eb ka nj\u00eb ngjyr\u00eb t\u00eb thell\u00eb rubin dhe ofron nj\u00eb arom\u00eb t\u00eb pasur me nuanca t\u00eb frutave t\u00eb pjekura si qershi, boronica dhe rrush t\u00eb zi, nd\u00ebrsa shoq\u00ebrohet me aromat t\u00eb buta t\u00eb er\u00ebzave dhe l\u00ebkur\u00ebs s\u00eb n\u00ebnave, q\u00eb i japin nj\u00eb kompleksitet t\u00eb duksh\u00ebm.<\/p>\n<hr \/>\n<h3><strong><em>Karakteristikat<\/em><\/strong><\/h3>\n<ul>\n<li><strong>Ngjyra: <\/strong>Ky ver\u00eb ka nj\u00eb ngjyr\u00eb t\u00eb thell\u00eb rubin me reflektime violet dhe nj\u00eb arom\u00eb t\u00eb pasur dhe t\u00eb ngroht\u00eb.<\/li>\n<li><strong>Aroma<\/strong>: N\u00eb hund\u00eb, ofron nota t\u00eb theksuara t\u00eb frutave t\u00eb pjekura, si qershi, boronica dhe rrush t\u00eb zi, t\u00eb shoq\u00ebruara nga nuanca t\u00eb lehta t\u00eb l\u00ebkur\u00ebs s\u00eb n\u00ebnave dhe er\u00ebzave t\u00eb buta, q\u00eb krijojn\u00eb nj\u00eb profil aromatik t\u00ebrheq\u00ebs dhe kompleks.<\/li>\n<li><strong>Shije:<\/strong> N\u00eb shije, Amaranta Montepulciano d&#8217;Abruzzo \u00ebsht\u00eb e pasur dhe e strukturuar, me tanin\u00eb t\u00eb sh\u00ebndetshme dhe nj\u00eb aciditet t\u00eb ekuilibruar. Trupi i ver\u00ebs \u00ebsht\u00eb i plota dhe i pasur, duke ofruar nj\u00eb p\u00ebrvoj\u00eb t\u00eb ngroht\u00eb dhe elegante. Pjesa finale \u00ebsht\u00eb e gjat\u00eb dhe e pasur me nota t\u00eb buta druri dhe shije t\u00eb pasura frutash, q\u00eb l\u00ebn\u00eb nj\u00eb p\u00ebrshtypje t\u00eb q\u00ebndrueshme.<\/li>\n<\/ul>\n<p>&nbsp;<\/p>\n<hr \/>\n<h3><em><strong>Shoq\u00ebrime t\u00eb Sugjeruara<\/strong><\/em><\/h3>\n<p><em>KombiAnohet n\u00eb m\u00ebnyr\u00eb t\u00eb shk\u00eblqyer me:<\/em><\/p>\n<ul>\n<li>Mish t\u00eb pjekur<\/li>\n<li>Gatime tradicionale<\/li>\n<li>Djath\u00ebra t\u00eb stazhionuar<\/li>\n<li>Pasta<\/li>\n<\/ul>","protected":false},"excerpt":{"rendered":"<p>P\u00ebrshkrimi i Ver\u00ebs: AMARANTA MONTEPULCIANO D&#8217;ABRUZZO &#8211; TENUTA ULISSE Detaje t\u00eb Prodhimit: Amaranta Montepulciano d&#8217;Abruzzo \u00ebsht\u00eb nj\u00eb ver\u00eb kuqe e pasur, q\u00eb pasqyron perfekt karakteristikat e varietetit Montepulciano t\u00eb Abruzzo-s. Kjo ver\u00eb ka nj\u00eb ngjyr\u00eb t\u00eb thell\u00eb rubin dhe ofron nj\u00eb arom\u00eb t\u00eb pasur me nuanca t\u00eb frutave t\u00eb pjekura si qershi, boronica dhe rrush [&hellip;]<\/p>\n","protected":false},"featured_media":7496,"template":"","meta":[],"product_brand":[],"product_cat":[58,46],"product_tag":[],"class_list":{"0":"post-6140","1":"product","2":"type-product","3":"status-publish","4":"has-post-thumbnail","6":"product_cat-vere","7":"product_cat-vere-e-kuqe","9":"first","10":"instock","11":"shipping-taxable","12":"purchasable","13":"product-type-simple"},"_links":{"self":[{"href":"https:\/\/alehandrogroup.al\/en\/wp-json\/wp\/v2\/product\/6140","targetHints":{"allow":["GET"]}}],"collection":[{"href":"https:\/\/alehandrogroup.al\/en\/wp-json\/wp\/v2\/product"}],"about":[{"href":"https:\/\/alehandrogroup.al\/en\/wp-json\/wp\/v2\/types\/product"}],"version-history":[{"count":1,"href":"https:\/\/alehandrogroup.al\/en\/wp-json\/wp\/v2\/product\/6140\/revisions"}],"predecessor-version":[{"id":7497,"href":"https:\/\/alehandrogroup.al\/en\/wp-json\/wp\/v2\/product\/6140\/revisions\/7497"}],"wp:featuredmedia":[{"embeddable":true,"href":"https:\/\/alehandrogroup.al\/en\/wp-json\/wp\/v2\/media\/7496"}],"wp:attachment":[{"href":"https:\/\/alehandrogroup.al\/en\/wp-json\/wp\/v2\/media?parent=6140"}],"wp:term":[{"taxonomy":"product_brand","embeddable":true,"href":"https:\/\/alehandrogroup.al\/en\/wp-json\/wp\/v2\/product_brand?post=6140"},{"taxonomy":"product_cat","embeddable":true,"href":"https:\/\/alehandrogroup.al\/en\/wp-json\/wp\/v2\/product_cat?post=6140"},{"taxonomy":"product_tag","embeddable":true,"href":"https:\/\/alehandrogroup.al\/en\/wp-json\/wp\/v2\/product_tag?post=6140"}],"curies":[{"name":"wp","href":"https:\/\/api.w.org\/{rel}","templated":true}]}}