{"id":6137,"date":"2025-02-06T09:25:32","date_gmt":"2025-02-06T09:25:32","guid":{"rendered":"https:\/\/alehandrogroup.al\/?post_type=product&#038;p=6137"},"modified":"2025-12-24T09:58:40","modified_gmt":"2025-12-24T09:58:40","slug":"pecorino-terre-di-chieti-tenuta-ulisse","status":"publish","type":"product","link":"https:\/\/alehandrogroup.al\/en\/product\/pecorino-terre-di-chieti-tenuta-ulisse\/","title":{"rendered":"PECORINO TERRE DI CHIETI &#8211; TENUTA ULISSE"},"content":{"rendered":"<h3><strong><em>P\u00ebrshkrimi i Ver\u00ebs: PECORINO TERRE DI CHIETI &#8211; TENUTA ULISSE<\/em><\/strong><\/h3>\n<p><em><strong>Detaje t\u00eb Prodhimit:<\/strong><\/em><\/p>\n<p>Pecorino Terre di Chieti nga Tenuta Ulisse \u00ebsht\u00eb nj\u00eb ver\u00eb e bardh\u00eb e fresk\u00ebt dhe e shijshme, q\u00eb pasqyron perfekt karakteristikat e varietetit Pecorino, t\u00eb kultivuar n\u00eb nj\u00eb nga zonat m\u00eb t\u00eb njohura p\u00ebr prodhimin e ver\u00ebrave t\u00eb bardha n\u00eb Itali.<\/p>\n<hr \/>\n<h3><strong><em>Karakteristikat<\/em><\/strong><\/h3>\n<ul>\n<li><strong>Ngjyra: <\/strong>Me nj\u00eb ngjyr\u00eb t\u00eb art\u00eb t\u00eb leht\u00eb dhe nj\u00eb arom\u00eb t\u00eb pasur frutore.<\/li>\n<li><strong>Aroma<\/strong>: Kjo ver\u00eb ofron nota t\u00eb fresk\u00ebta t\u00eb agrumeve, si limoni dhe pomelo, dhe nj\u00eb shenj\u00eb t\u00eb but\u00eb t\u00eb luleve t\u00eb bardha, q\u00eb e b\u00ebjn\u00eb at\u00eb t\u00ebrheq\u00ebse dhe t\u00eb k\u00ebndshme.<\/li>\n<li><strong>Shije:<\/strong> N\u00eb shije, Pecorino Terre di Chieti \u00ebsht\u00eb e sh\u00ebndetshme dhe e balancuar, me aciditet t\u00eb fresk\u00ebt dhe trup t\u00eb leht\u00eb deri mesatar, q\u00eb i jep k\u00ebsaj vere nj\u00eb ndjesi t\u00eb rafinuar dhe t\u00eb pasur. Pavar\u00ebsisht leht\u00ebsis\u00eb s\u00eb shijes, ka nj\u00eb p\u00ebrfundim t\u00eb gjat\u00eb dhe t\u00eb pasur me nota delikate, q\u00eb ndihmojn\u00eb n\u00eb balancimin e saj.<\/li>\n<\/ul>\n<p>&nbsp;<\/p>\n<hr \/>\n<h3><em><strong>Shoq\u00ebrime t\u00eb Sugjeruara<\/strong><\/em><\/h3>\n<p><em>KombiAnohet n\u00eb m\u00ebnyr\u00eb t\u00eb shk\u00eblqyer me:<\/em><\/p>\n<ul>\n<li>Pjatat Deti<\/li>\n<li>Sallata<\/li>\n<li>Pasta<\/li>\n<\/ul>","protected":false},"excerpt":{"rendered":"<p>P\u00ebrshkrimi i Ver\u00ebs: PECORINO TERRE DI CHIETI &#8211; TENUTA ULISSE Detaje t\u00eb Prodhimit: Pecorino Terre di Chieti nga Tenuta Ulisse \u00ebsht\u00eb nj\u00eb ver\u00eb e bardh\u00eb e fresk\u00ebt dhe e shijshme, q\u00eb pasqyron perfekt karakteristikat e varietetit Pecorino, t\u00eb kultivuar n\u00eb nj\u00eb nga zonat m\u00eb t\u00eb njohura p\u00ebr prodhimin e ver\u00ebrave t\u00eb bardha n\u00eb Itali. Karakteristikat [&hellip;]<\/p>\n","protected":false},"featured_media":7903,"template":"","meta":[],"product_brand":[],"product_cat":[58,41],"product_tag":[],"class_list":{"0":"post-6137","1":"product","2":"type-product","3":"status-publish","4":"has-post-thumbnail","6":"product_cat-vere","7":"product_cat-vere-e-bardhe","9":"first","10":"instock","11":"shipping-taxable","12":"purchasable","13":"product-type-simple"},"_links":{"self":[{"href":"https:\/\/alehandrogroup.al\/en\/wp-json\/wp\/v2\/product\/6137","targetHints":{"allow":["GET"]}}],"collection":[{"href":"https:\/\/alehandrogroup.al\/en\/wp-json\/wp\/v2\/product"}],"about":[{"href":"https:\/\/alehandrogroup.al\/en\/wp-json\/wp\/v2\/types\/product"}],"version-history":[{"count":1,"href":"https:\/\/alehandrogroup.al\/en\/wp-json\/wp\/v2\/product\/6137\/revisions"}],"predecessor-version":[{"id":7904,"href":"https:\/\/alehandrogroup.al\/en\/wp-json\/wp\/v2\/product\/6137\/revisions\/7904"}],"wp:featuredmedia":[{"embeddable":true,"href":"https:\/\/alehandrogroup.al\/en\/wp-json\/wp\/v2\/media\/7903"}],"wp:attachment":[{"href":"https:\/\/alehandrogroup.al\/en\/wp-json\/wp\/v2\/media?parent=6137"}],"wp:term":[{"taxonomy":"product_brand","embeddable":true,"href":"https:\/\/alehandrogroup.al\/en\/wp-json\/wp\/v2\/product_brand?post=6137"},{"taxonomy":"product_cat","embeddable":true,"href":"https:\/\/alehandrogroup.al\/en\/wp-json\/wp\/v2\/product_cat?post=6137"},{"taxonomy":"product_tag","embeddable":true,"href":"https:\/\/alehandrogroup.al\/en\/wp-json\/wp\/v2\/product_tag?post=6137"}],"curies":[{"name":"wp","href":"https:\/\/api.w.org\/{rel}","templated":true}]}}