{"id":6135,"date":"2025-02-06T09:17:46","date_gmt":"2025-02-06T09:17:46","guid":{"rendered":"https:\/\/alehandrogroup.al\/?post_type=product&#038;p=6135"},"modified":"2025-12-24T09:38:46","modified_gmt":"2025-12-24T09:38:46","slug":"montelpuciano-dabruzzo-tenuta-ulisse","status":"publish","type":"product","link":"https:\/\/alehandrogroup.al\/en\/product\/montelpuciano-dabruzzo-tenuta-ulisse\/","title":{"rendered":"MONTELPUCIANO D&#8217;ABRUZZO &#8211; TENUTA ULISSE"},"content":{"rendered":"<h3><strong><em>P\u00ebrshkrimi i Ver\u00ebs: MONTELPUCIANO D&#8217;ABRUZZO &#8211; TENUTA ULISSE<\/em><\/strong><\/h3>\n<p><em><strong>Detaje t\u00eb Prodhimit:<\/strong><\/em><\/p>\n<p>Montepulciano d&#8217;Abruzzo nga Tenuta Ulisse \u00ebsht\u00eb nj\u00eb ver\u00eb e kuqe elegante dhe e fuqishme, q\u00eb p\u00ebrfaq\u00ebson m\u00eb s\u00eb miri tradit\u00ebn e ver\u00ebrave t\u00eb Abruzzos. E prodhuar 100% nga rrushi Montepulciano, kjo ver\u00eb shquhet p\u00ebr ngjyr\u00ebn e saj t\u00eb thell\u00eb rubin me reflektime vjollc\u00eb dhe nj\u00eb profil aromatik t\u00eb pasur.<\/p>\n<hr \/>\n<h3><strong><em>Karakteristikat<\/em><\/strong><\/h3>\n<ul>\n<li><strong>Ngjyra:<\/strong>Ngjyra e saj \u00ebsht\u00eb rubin e thell\u00eb me reflektime vjollc\u00eb, duke sinjalizuar nj\u00eb struktur\u00eb t\u00eb fort\u00eb dhe nj\u00eb potencial t\u00eb lart\u00eb evolucioni.<\/li>\n<li><strong>Aroma<\/strong>: N\u00eb hund\u00eb, kjo ver\u00eb ofron aroma t\u00eb plota dhe komplekse me nota intensive t\u00eb frutave t\u00eb zeza si manaferrat, kumbullat dhe qershit\u00eb e pjekura, t\u00eb shoq\u00ebruara nga nuanca pikante t\u00eb vaniljes, kakaos dhe duhanit, fal\u00eb maturimit n\u00eb fu\u00e7i lisi.<\/li>\n<li><strong>Shije:<\/strong> N\u00eb shije, Montepulciano d&#8217;Abruzzo nga Tenuta Ulisse \u00ebsht\u00eb e mbushur me trup, me tanine t\u00eb buta dhe t\u00eb mir\u00ebstrukturuara q\u00eb krijojn\u00eb nj\u00eb ndjesi t\u00eb ekuilibruar dhe t\u00eb q\u00ebndrueshme. Acidity e balancuar dhe p\u00ebrfundimi i gjat\u00eb me nota frutash dhe er\u00ebzash<\/li>\n<\/ul>\n<p>&nbsp;<\/p>\n<hr \/>\n<h3><em><strong>Shoq\u00ebrime t\u00eb Sugjeruara<\/strong><\/em><\/h3>\n<p><em>KombiAnohet n\u00eb m\u00ebnyr\u00eb t\u00eb shk\u00eblqyer me:<\/em><\/p>\n<ul>\n<li>Mish t\u00eb kuq t\u00eb pjekur<\/li>\n<li>Gatime tradicionale<\/li>\n<li>Djath\u00ebra t\u00eb stazhionuar<\/li>\n<li>Pasta<\/li>\n<\/ul>","protected":false},"excerpt":{"rendered":"<p>P\u00ebrshkrimi i Ver\u00ebs: MONTELPUCIANO D&#8217;ABRUZZO &#8211; TENUTA ULISSE Detaje t\u00eb Prodhimit: Montepulciano d&#8217;Abruzzo nga Tenuta Ulisse \u00ebsht\u00eb nj\u00eb ver\u00eb e kuqe elegante dhe e fuqishme, q\u00eb p\u00ebrfaq\u00ebson m\u00eb s\u00eb miri tradit\u00ebn e ver\u00ebrave t\u00eb Abruzzos. E prodhuar 100% nga rrushi Montepulciano, kjo ver\u00eb shquhet p\u00ebr ngjyr\u00ebn e saj t\u00eb thell\u00eb rubin me reflektime vjollc\u00eb dhe [&hellip;]<\/p>\n","protected":false},"featured_media":7889,"template":"","meta":[],"product_brand":[],"product_cat":[58,46],"product_tag":[],"class_list":{"0":"post-6135","1":"product","2":"type-product","3":"status-publish","4":"has-post-thumbnail","6":"product_cat-vere","7":"product_cat-vere-e-kuqe","9":"first","10":"instock","11":"shipping-taxable","12":"purchasable","13":"product-type-simple"},"_links":{"self":[{"href":"https:\/\/alehandrogroup.al\/en\/wp-json\/wp\/v2\/product\/6135","targetHints":{"allow":["GET"]}}],"collection":[{"href":"https:\/\/alehandrogroup.al\/en\/wp-json\/wp\/v2\/product"}],"about":[{"href":"https:\/\/alehandrogroup.al\/en\/wp-json\/wp\/v2\/types\/product"}],"version-history":[{"count":1,"href":"https:\/\/alehandrogroup.al\/en\/wp-json\/wp\/v2\/product\/6135\/revisions"}],"predecessor-version":[{"id":7890,"href":"https:\/\/alehandrogroup.al\/en\/wp-json\/wp\/v2\/product\/6135\/revisions\/7890"}],"wp:featuredmedia":[{"embeddable":true,"href":"https:\/\/alehandrogroup.al\/en\/wp-json\/wp\/v2\/media\/7889"}],"wp:attachment":[{"href":"https:\/\/alehandrogroup.al\/en\/wp-json\/wp\/v2\/media?parent=6135"}],"wp:term":[{"taxonomy":"product_brand","embeddable":true,"href":"https:\/\/alehandrogroup.al\/en\/wp-json\/wp\/v2\/product_brand?post=6135"},{"taxonomy":"product_cat","embeddable":true,"href":"https:\/\/alehandrogroup.al\/en\/wp-json\/wp\/v2\/product_cat?post=6135"},{"taxonomy":"product_tag","embeddable":true,"href":"https:\/\/alehandrogroup.al\/en\/wp-json\/wp\/v2\/product_tag?post=6135"}],"curies":[{"name":"wp","href":"https:\/\/api.w.org\/{rel}","templated":true}]}}