{"id":6133,"date":"2025-02-06T09:10:31","date_gmt":"2025-02-06T09:10:31","guid":{"rendered":"https:\/\/alehandrogroup.al\/?post_type=product&#038;p=6133"},"modified":"2025-11-24T14:07:22","modified_gmt":"2025-11-24T14:07:22","slug":"cabernet-suvignon-doc-villa-sandi","status":"publish","type":"product","link":"https:\/\/alehandrogroup.al\/en\/product\/cabernet-suvignon-doc-villa-sandi\/","title":{"rendered":"CABERNET SUVIGNON DOC  &#8211; VILLA SANDI"},"content":{"rendered":"<h3><strong><em>P\u00ebrshkrimi i Ver\u00ebs: CABERNET SUVIGNON DOC &#8211; VILLA SANDI<\/em><\/strong><\/h3>\n<p><em><strong>Detaje t\u00eb Prodhimit:<\/strong><\/em><\/p>\n<p>Cabernet Sauvignon DOC nga Villa Sandi \u00ebsht\u00eb nj\u00eb ver\u00eb e kuqe elegante dhe e fuqishme, q\u00eb reflekton karakteristikat m\u00eb t\u00eb mira t\u00eb k\u00ebtij varieteti. E prodhuar n\u00eb rajonin e Venetos, kjo ver\u00eb vjen nga vreshta me tok\u00eb t\u00eb pasur minerale, duke i dh\u00ebn\u00eb nj\u00eb struktur\u00eb t\u00eb q\u00ebndrueshme dhe nj\u00eb profil aromatik t\u00eb pasur.<\/p>\n<p>Pas fermentimit n\u00eb temperatura t\u00eb kontrolluara, vera kalon nj\u00eb maturim t\u00eb kujdessh\u00ebm, pjes\u00ebrisht n\u00eb fu\u00e7i lisi, p\u00ebr t\u00eb thelluar shijet dhe p\u00ebr t\u00eb sjell\u00eb nota pikante dhe vaniljeje. Rezultati \u00ebsht\u00eb nj\u00eb ver\u00eb me ngjyr\u00eb rubin t\u00eb err\u00ebt, aroma t\u00eb frutave t\u00eb pjekura si manaferra dhe kumbulla, si dhe nj\u00eb struktur\u00eb t\u00eb fort\u00eb taninike.<\/p>\n<hr \/>\n<h3><strong><em>Karakteristikat<\/em><\/strong><\/h3>\n<ul>\n<li><strong>Ngjyra: <\/strong>Esht\u00eb nj\u00eb ver\u00eb e kuqe me karakter t\u00eb fort\u00eb dhe t\u00eb strukturuar, e cila pasqyron plot\u00ebsisht tiparet e k\u00ebtij varieteti t\u00eb njohur nd\u00ebrkomb\u00ebtar. N\u00eb got\u00eb shfaqet me nj\u00eb ngjyr\u00eb t\u00eb thell\u00eb rubin t\u00eb err\u00ebt, me reflektime vjollc\u00eb.<\/li>\n<li><strong>Aroma<\/strong>: Aromat jan\u00eb t\u00eb pasura dhe komplekse, duke shfaqur nuanca frutash t\u00eb pjekura si manaferra, kumbulla t\u00eb zeza dhe rrush i that\u00eb, t\u00eb nd\u00ebrthurura me nota pikante t\u00eb piperit t\u00eb zi, vaniljes dhe nj\u00eb prekje delikate t\u00eb lisit nga maturimi.<\/li>\n<li><strong>Shije:<\/strong> N\u00eb shije, vera \u00ebsht\u00eb e plot\u00eb dhe harmonike, me nj\u00eb struktur\u00eb t\u00eb mir\u00eb taninike dhe nj\u00eb ekuilib\u00ebr mes intensitetit dhe eleganc\u00ebs. Pasl\u00ebnia \u00ebsht\u00eb e gjat\u00eb dhe e k\u00ebndshme, me nota t\u00eb lehta balsamike dhe nj\u00eb ndjesi t\u00eb but\u00eb n\u00eb qiellz\u00eb.<\/li>\n<\/ul>\n<p>&nbsp;<\/p>\n<hr \/>\n<h3><em><strong>Shoq\u00ebrime t\u00eb Sugjeruara<\/strong><\/em><\/h3>\n<p><em>KombiAnohet n\u00eb m\u00ebnyr\u00eb t\u00eb shk\u00eblqyer me:<\/em><\/p>\n<ul>\n<li>Mish t\u00eb kuq t\u00eb pjekur<\/li>\n<li>Gjah<\/li>\n<li>Djath\u00ebra t\u00eb stazhionuar<\/li>\n<li>Pjata t\u00eb pasura me er\u00ebza<\/li>\n<\/ul>","protected":false},"excerpt":{"rendered":"<p>P\u00ebrshkrimi i Ver\u00ebs: CABERNET SUVIGNON DOC &#8211; VILLA SANDI Detaje t\u00eb Prodhimit: Cabernet Sauvignon DOC nga Villa Sandi \u00ebsht\u00eb nj\u00eb ver\u00eb e kuqe elegante dhe e fuqishme, q\u00eb reflekton karakteristikat m\u00eb t\u00eb mira t\u00eb k\u00ebtij varieteti. E prodhuar n\u00eb rajonin e Venetos, kjo ver\u00eb vjen nga vreshta me tok\u00eb t\u00eb pasur minerale, duke i dh\u00ebn\u00eb [&hellip;]<\/p>\n","protected":false},"featured_media":7675,"template":"","meta":[],"product_brand":[],"product_cat":[58,46],"product_tag":[],"class_list":{"0":"post-6133","1":"product","2":"type-product","3":"status-publish","4":"has-post-thumbnail","6":"product_cat-vere","7":"product_cat-vere-e-kuqe","9":"first","10":"instock","11":"shipping-taxable","12":"purchasable","13":"product-type-simple"},"_links":{"self":[{"href":"https:\/\/alehandrogroup.al\/en\/wp-json\/wp\/v2\/product\/6133","targetHints":{"allow":["GET"]}}],"collection":[{"href":"https:\/\/alehandrogroup.al\/en\/wp-json\/wp\/v2\/product"}],"about":[{"href":"https:\/\/alehandrogroup.al\/en\/wp-json\/wp\/v2\/types\/product"}],"version-history":[{"count":1,"href":"https:\/\/alehandrogroup.al\/en\/wp-json\/wp\/v2\/product\/6133\/revisions"}],"predecessor-version":[{"id":7676,"href":"https:\/\/alehandrogroup.al\/en\/wp-json\/wp\/v2\/product\/6133\/revisions\/7676"}],"wp:featuredmedia":[{"embeddable":true,"href":"https:\/\/alehandrogroup.al\/en\/wp-json\/wp\/v2\/media\/7675"}],"wp:attachment":[{"href":"https:\/\/alehandrogroup.al\/en\/wp-json\/wp\/v2\/media?parent=6133"}],"wp:term":[{"taxonomy":"product_brand","embeddable":true,"href":"https:\/\/alehandrogroup.al\/en\/wp-json\/wp\/v2\/product_brand?post=6133"},{"taxonomy":"product_cat","embeddable":true,"href":"https:\/\/alehandrogroup.al\/en\/wp-json\/wp\/v2\/product_cat?post=6133"},{"taxonomy":"product_tag","embeddable":true,"href":"https:\/\/alehandrogroup.al\/en\/wp-json\/wp\/v2\/product_tag?post=6133"}],"curies":[{"name":"wp","href":"https:\/\/api.w.org\/{rel}","templated":true}]}}