{"id":6131,"date":"2025-02-06T09:04:20","date_gmt":"2025-02-06T09:04:20","guid":{"rendered":"https:\/\/alehandrogroup.al\/?post_type=product&#038;p=6131"},"modified":"2025-11-22T12:11:32","modified_gmt":"2025-11-22T12:11:32","slug":"pinot-grigio-doc-villa-sandi","status":"publish","type":"product","link":"https:\/\/alehandrogroup.al\/en\/product\/pinot-grigio-doc-villa-sandi\/","title":{"rendered":"PINOT GRIGIO DOC  &#8211; VILLA SANDI"},"content":{"rendered":"<h3><strong><em>P\u00ebrshkrimi i Ver\u00ebs: PINOT GRIGIO DOC &#8211; VILLA SANDI<\/em><\/strong><\/h3>\n<p><em><strong>Detaje t\u00eb Prodhimit:<\/strong><\/em><\/p>\n<p>Pinot Grigio DOC Villa Sandi \u00ebsht\u00eb nj\u00eb ver\u00eb e bardh\u00eb e fresk\u00ebt dhe elegante, e prodhuar n\u00eb rajonin e Venetos, Itali. Rrushi Pinot Grigio kultivohet n\u00eb toka argjilore t\u00eb pasura me minerale, duke i dh\u00ebn\u00eb ver\u00ebs nj\u00eb karakter t\u00eb ve\u00e7ant\u00eb dhe nj\u00eb struktur\u00eb t\u00eb ekuilibruar.<\/p>\n<p>Procesi i prodhimit p\u00ebrfshin vjeljen me dor\u00eb n\u00eb pjekurin\u00eb optimale dhe fermentimin n\u00eb tanka \u00e7eliku inox me temperatura t\u00eb kontrolluara, p\u00ebr t\u00eb ruajtur aromat frutore dhe freskin\u00eb natyrale. Me nj\u00eb p\u00ebrmbajtje alkoolike rreth 12%, vera paraqitet e that\u00eb, me aciditet t\u00eb balancuar dhe nj\u00eb shije t\u00eb leht\u00eb e t\u00eb k\u00ebndshme.<\/p>\n<hr \/>\n<h3><strong><em>Karakteristikat<\/em><\/strong><\/h3>\n<ul>\n<li><strong>Ngjyra: <\/strong>ngjyr\u00eb t\u00eb verdh\u00eb t\u00eb \u00e7el\u00ebt dhe reflektime t\u00eb arta.<\/li>\n<li><strong>Aroma<\/strong>: Esht\u00eb e fresk\u00ebt dhe e k\u00ebndshme, me nota frutash t\u00eb bardha si dardha dhe molla, t\u00eb shoq\u00ebruara nga nuanca agrumesh dhe luleve t\u00eb bardha.<\/li>\n<li><strong>Shije:<\/strong> Paraqitet e ekuilibruar dhe e but\u00eb, me nj\u00eb struktur\u00eb delikate dhe nj\u00eb aciditet t\u00eb gjall\u00eb q\u00eb i jep freski dhe gjall\u00ebri.<\/li>\n<\/ul>\n<p>&nbsp;<\/p>\n<hr \/>\n<h3><em><strong>Shoq\u00ebrime t\u00eb Sugjeruara<\/strong><\/em><\/h3>\n<p><em>KombiAnohet n\u00eb m\u00ebnyr\u00eb t\u00eb shk\u00eblqyer me:<\/em><\/p>\n<ul>\n<li>Sallata<\/li>\n<li>Djath\u00ebra t\u00eb but\u00eb<\/li>\n<li>Antipasta<\/li>\n<li>Peshk<\/li>\n<\/ul>","protected":false},"excerpt":{"rendered":"<p>P\u00ebrshkrimi i Ver\u00ebs: PINOT GRIGIO DOC &#8211; VILLA SANDI Detaje t\u00eb Prodhimit: Pinot Grigio DOC Villa Sandi \u00ebsht\u00eb nj\u00eb ver\u00eb e bardh\u00eb e fresk\u00ebt dhe elegante, e prodhuar n\u00eb rajonin e Venetos, Itali. Rrushi Pinot Grigio kultivohet n\u00eb toka argjilore t\u00eb pasura me minerale, duke i dh\u00ebn\u00eb ver\u00ebs nj\u00eb karakter t\u00eb ve\u00e7ant\u00eb dhe nj\u00eb struktur\u00eb [&hellip;]<\/p>\n","protected":false},"featured_media":7629,"template":"","meta":[],"product_brand":[],"product_cat":[58,41],"product_tag":[],"class_list":{"0":"post-6131","1":"product","2":"type-product","3":"status-publish","4":"has-post-thumbnail","6":"product_cat-vere","7":"product_cat-vere-e-bardhe","9":"first","10":"instock","11":"shipping-taxable","12":"purchasable","13":"product-type-simple"},"_links":{"self":[{"href":"https:\/\/alehandrogroup.al\/en\/wp-json\/wp\/v2\/product\/6131","targetHints":{"allow":["GET"]}}],"collection":[{"href":"https:\/\/alehandrogroup.al\/en\/wp-json\/wp\/v2\/product"}],"about":[{"href":"https:\/\/alehandrogroup.al\/en\/wp-json\/wp\/v2\/types\/product"}],"version-history":[{"count":1,"href":"https:\/\/alehandrogroup.al\/en\/wp-json\/wp\/v2\/product\/6131\/revisions"}],"predecessor-version":[{"id":7630,"href":"https:\/\/alehandrogroup.al\/en\/wp-json\/wp\/v2\/product\/6131\/revisions\/7630"}],"wp:featuredmedia":[{"embeddable":true,"href":"https:\/\/alehandrogroup.al\/en\/wp-json\/wp\/v2\/media\/7629"}],"wp:attachment":[{"href":"https:\/\/alehandrogroup.al\/en\/wp-json\/wp\/v2\/media?parent=6131"}],"wp:term":[{"taxonomy":"product_brand","embeddable":true,"href":"https:\/\/alehandrogroup.al\/en\/wp-json\/wp\/v2\/product_brand?post=6131"},{"taxonomy":"product_cat","embeddable":true,"href":"https:\/\/alehandrogroup.al\/en\/wp-json\/wp\/v2\/product_cat?post=6131"},{"taxonomy":"product_tag","embeddable":true,"href":"https:\/\/alehandrogroup.al\/en\/wp-json\/wp\/v2\/product_tag?post=6131"}],"curies":[{"name":"wp","href":"https:\/\/api.w.org\/{rel}","templated":true}]}}