{"id":6127,"date":"2025-02-06T08:53:10","date_gmt":"2025-02-06T08:53:10","guid":{"rendered":"https:\/\/alehandrogroup.al\/?post_type=product&#038;p=6127"},"modified":"2025-12-30T10:35:31","modified_gmt":"2025-12-30T10:35:31","slug":"prosecco-il-fresco-0-200l-villa-sandi","status":"publish","type":"product","link":"https:\/\/alehandrogroup.al\/en\/product\/prosecco-il-fresco-0-200l-villa-sandi\/","title":{"rendered":"PROSECCO IL FRESCO 0.200L &#8211; VILLA SANDI"},"content":{"rendered":"<h3><strong><em>P\u00ebrshkrimi i Ver\u00ebs: PROSECCO IL FRESCO 0.200L &#8211; VILLA SANDI<\/em><\/strong><\/h3>\n<p><em><strong>Detaje t\u00eb Prodhimit:<\/strong><\/em><\/p>\n<p>Prosecco Il Fresco Villa Sandi \u00ebsht\u00eb nj\u00eb ver\u00eb e gazuar e leht\u00eb dhe elegante, prodhuar n\u00eb rajonin e Venetos, Itali. E b\u00ebr\u00eb 100% nga rrushi Glera, kjo ver\u00eb ndjek metod\u00ebn Charmat, ku fermentimi i dyt\u00eb zhvillohet n\u00eb tanka \u00e7eliku inox p\u00ebr rreth 60 dit\u00eb, duke i dh\u00ebn\u00eb nj\u00eb perlazh t\u00eb im\u00ebt dhe t\u00eb q\u00ebndruesh\u00ebm.<\/p>\n<hr \/>\n<h3><strong><em>Karakteristikat<\/em><\/strong><\/h3>\n<ul>\n<li><strong>Ngjyra: <\/strong>t\u00eb verdh\u00eb t\u00eb \u00e7el\u00ebt me reflektime t\u00eb arta dhe nj\u00eb arom\u00eb t\u00eb k\u00ebndshme dhe t\u00eb rafinuar.<\/li>\n<li><strong>Aroma:<\/strong> Ne hund\u00eb dallohen nota t\u00eb luleve t\u00eb bardha, moll\u00ebs jeshile, dardh\u00ebs dhe agrumeve, duke krijuar nj\u00eb profil aromatik t\u00eb gjall\u00eb dhe t\u00eb fresk\u00ebt.<\/li>\n<li><strong>Shije:<\/strong> Shija e frutave t\u00eb fresk\u00ebta dhe ndjesia e leht\u00eb dhe e k\u00ebndshme n\u00eb goj\u00eb e b\u00ebjn\u00eb k\u00ebt\u00eb Prosecco perfekt p\u00ebr aperitiv.<\/li>\n<\/ul>\n<p>&nbsp;<\/p>\n<hr \/>\n<h3><em><strong>Shoq\u00ebrime t\u00eb Sugjeruara<\/strong><\/em><\/h3>\n<p><em>KombiAnohet n\u00eb m\u00ebnyr\u00eb t\u00eb shk\u00eblqyer me:<\/em><\/p>\n<ul>\n<li>Antipasta<\/li>\n<li>Djath\u00ebra t\u00eb but\u00eb<\/li>\n<li>Ushqime deti<\/li>\n<\/ul>","protected":false},"excerpt":{"rendered":"<p>P\u00ebrshkrimi i Ver\u00ebs: PROSECCO IL FRESCO 0.200L &#8211; VILLA SANDI Detaje t\u00eb Prodhimit: Prosecco Il Fresco Villa Sandi \u00ebsht\u00eb nj\u00eb ver\u00eb e gazuar e leht\u00eb dhe elegante, prodhuar n\u00eb rajonin e Venetos, Itali. E b\u00ebr\u00eb 100% nga rrushi Glera, kjo ver\u00eb ndjek metod\u00ebn Charmat, ku fermentimi i dyt\u00eb zhvillohet n\u00eb tanka \u00e7eliku inox p\u00ebr rreth [&hellip;]<\/p>\n","protected":false},"featured_media":8084,"template":"","meta":[],"product_brand":[],"product_cat":[49],"product_tag":[],"class_list":{"0":"post-6127","1":"product","2":"type-product","3":"status-publish","4":"has-post-thumbnail","6":"product_cat-prosecco-champagne","8":"first","9":"instock","10":"shipping-taxable","11":"purchasable","12":"product-type-simple"},"_links":{"self":[{"href":"https:\/\/alehandrogroup.al\/en\/wp-json\/wp\/v2\/product\/6127","targetHints":{"allow":["GET"]}}],"collection":[{"href":"https:\/\/alehandrogroup.al\/en\/wp-json\/wp\/v2\/product"}],"about":[{"href":"https:\/\/alehandrogroup.al\/en\/wp-json\/wp\/v2\/types\/product"}],"version-history":[{"count":1,"href":"https:\/\/alehandrogroup.al\/en\/wp-json\/wp\/v2\/product\/6127\/revisions"}],"predecessor-version":[{"id":8085,"href":"https:\/\/alehandrogroup.al\/en\/wp-json\/wp\/v2\/product\/6127\/revisions\/8085"}],"wp:featuredmedia":[{"embeddable":true,"href":"https:\/\/alehandrogroup.al\/en\/wp-json\/wp\/v2\/media\/8084"}],"wp:attachment":[{"href":"https:\/\/alehandrogroup.al\/en\/wp-json\/wp\/v2\/media?parent=6127"}],"wp:term":[{"taxonomy":"product_brand","embeddable":true,"href":"https:\/\/alehandrogroup.al\/en\/wp-json\/wp\/v2\/product_brand?post=6127"},{"taxonomy":"product_cat","embeddable":true,"href":"https:\/\/alehandrogroup.al\/en\/wp-json\/wp\/v2\/product_cat?post=6127"},{"taxonomy":"product_tag","embeddable":true,"href":"https:\/\/alehandrogroup.al\/en\/wp-json\/wp\/v2\/product_tag?post=6127"}],"curies":[{"name":"wp","href":"https:\/\/api.w.org\/{rel}","templated":true}]}}