{"id":6122,"date":"2025-02-05T14:48:31","date_gmt":"2025-02-05T14:48:31","guid":{"rendered":"https:\/\/alehandrogroup.al\/?post_type=product&#038;p=6122"},"modified":"2025-12-08T14:30:05","modified_gmt":"2025-12-08T14:30:05","slug":"il-fresco-rose-brut-villa-sandi","status":"publish","type":"product","link":"https:\/\/alehandrogroup.al\/en\/product\/il-fresco-rose-brut-villa-sandi\/","title":{"rendered":"IL FRESCO ROSE&#8217; BRUT &#8211; VILLA SANDI"},"content":{"rendered":"<h3><strong><em>P\u00ebrshkrimi i Ver\u00ebs: IL FRESCO ROSE&#8217; BRUT &#8211; VILLA SANDI<\/em><\/strong><\/h3>\n<p><em><strong>Detaje t\u00eb Prodhimit:<\/strong><\/em><\/p>\n<p>Il Fresco Ros\u00e9 Brut Villa Sandi \u00ebsht\u00eb nj\u00eb Prosecco elegant dhe i rafinuar, prodhuar n\u00eb rajonin e Venetos, Itali. Krijohet nga nj\u00eb p\u00ebrzierje e rrushit Glera dhe Pinot Noir, ku ky i fundit i n\u00ebnshtrohet nj\u00eb macerimi t\u00eb shkurt\u00ebr p\u00ebr t\u00eb dh\u00ebn\u00eb ngjyr\u00ebn roz\u00eb delikate dhe aromat karakteristike.<\/p>\n<hr \/>\n<h3><strong><em>Karakteristikat<\/em><\/strong><\/h3>\n<ul>\n<li><strong><strong>Ngjyra:<\/strong><\/strong>Il Fresco Ros\u00e9 Brut nga Villa Sandi \u00ebsht\u00eb nj\u00eb Prosecco elegant dhe i rafinuar, me nj\u00eb ngjyr\u00eb roz\u00eb t\u00eb but\u00eb dhe nj\u00eb perlazh t\u00eb im\u00ebt dhe t\u00eb q\u00ebndruesh\u00ebm.<\/li>\n<li><strong>Aroma<\/strong>: Esht\u00eb e fresk\u00ebt dhe e k\u00ebndshme, me nota t\u00eb frutave t\u00eb kuqe si luleshtrydhet dhe mjedrat, t\u00eb nd\u00ebrthurura me nuanca delikate lulesh dhe agrumesh.<\/li>\n<li><strong>Shije:<\/strong> Paraqitet i fresk\u00ebt, harmonik dhe me nj\u00eb struktur\u00eb t\u00eb balancuar. Aciditeti i tij i gjall\u00eb dhe p\u00ebrmbajtja e moderuar e sheqerit krijojn\u00eb nj\u00eb ndjesi t\u00eb k\u00ebndshme n\u00eb goj\u00eb, duke i dh\u00ebn\u00eb fines\u00eb dhe q\u00ebndrueshm\u00ebri.<\/li>\n<\/ul>\n<p>&nbsp;<\/p>\n<hr \/>\n<h3><em><strong>Shoq\u00ebrime t\u00eb Sugjeruara<\/strong><\/em><\/h3>\n<p><em>KombiAnohet n\u00eb m\u00ebnyr\u00eb t\u00eb shk\u00eblqyer me:<\/em><\/p>\n<ul>\n<li>Ushqime deti<\/li>\n<li>Djath\u00ebra t\u00eb but\u00eb<\/li>\n<li>Antipasta<\/li>\n<li>Sushi<\/li>\n<\/ul>","protected":false},"excerpt":{"rendered":"<p>P\u00ebrshkrimi i Ver\u00ebs: IL FRESCO ROSE&#8217; BRUT &#8211; VILLA SANDI Detaje t\u00eb Prodhimit: Il Fresco Ros\u00e9 Brut Villa Sandi \u00ebsht\u00eb nj\u00eb Prosecco elegant dhe i rafinuar, prodhuar n\u00eb rajonin e Venetos, Itali. Krijohet nga nj\u00eb p\u00ebrzierje e rrushit Glera dhe Pinot Noir, ku ky i fundit i n\u00ebnshtrohet nj\u00eb macerimi t\u00eb shkurt\u00ebr p\u00ebr t\u00eb dh\u00ebn\u00eb [&hellip;]<\/p>\n","protected":false},"featured_media":7821,"template":"","meta":[],"product_brand":[],"product_cat":[49,69],"product_tag":[],"class_list":{"0":"post-6122","1":"product","2":"type-product","3":"status-publish","4":"has-post-thumbnail","6":"product_cat-prosecco-champagne","7":"product_cat-vere-roze","9":"first","10":"instock","11":"shipping-taxable","12":"purchasable","13":"product-type-simple"},"_links":{"self":[{"href":"https:\/\/alehandrogroup.al\/en\/wp-json\/wp\/v2\/product\/6122","targetHints":{"allow":["GET"]}}],"collection":[{"href":"https:\/\/alehandrogroup.al\/en\/wp-json\/wp\/v2\/product"}],"about":[{"href":"https:\/\/alehandrogroup.al\/en\/wp-json\/wp\/v2\/types\/product"}],"version-history":[{"count":2,"href":"https:\/\/alehandrogroup.al\/en\/wp-json\/wp\/v2\/product\/6122\/revisions"}],"predecessor-version":[{"id":7822,"href":"https:\/\/alehandrogroup.al\/en\/wp-json\/wp\/v2\/product\/6122\/revisions\/7822"}],"wp:featuredmedia":[{"embeddable":true,"href":"https:\/\/alehandrogroup.al\/en\/wp-json\/wp\/v2\/media\/7821"}],"wp:attachment":[{"href":"https:\/\/alehandrogroup.al\/en\/wp-json\/wp\/v2\/media?parent=6122"}],"wp:term":[{"taxonomy":"product_brand","embeddable":true,"href":"https:\/\/alehandrogroup.al\/en\/wp-json\/wp\/v2\/product_brand?post=6122"},{"taxonomy":"product_cat","embeddable":true,"href":"https:\/\/alehandrogroup.al\/en\/wp-json\/wp\/v2\/product_cat?post=6122"},{"taxonomy":"product_tag","embeddable":true,"href":"https:\/\/alehandrogroup.al\/en\/wp-json\/wp\/v2\/product_tag?post=6122"}],"curies":[{"name":"wp","href":"https:\/\/api.w.org\/{rel}","templated":true}]}}