{"id":6105,"date":"2025-02-03T14:26:33","date_gmt":"2025-02-03T14:26:33","guid":{"rendered":"https:\/\/alehandrogroup.al\/?post_type=product&#038;p=6105"},"modified":"2025-12-24T09:41:12","modified_gmt":"2025-12-24T09:41:12","slug":"montepulciano-dabruzzo-rabbit-velenosi","status":"publish","type":"product","link":"https:\/\/alehandrogroup.al\/en\/product\/montepulciano-dabruzzo-rabbit-velenosi\/","title":{"rendered":"MONTEPULCIANO D&#8217;ABRUZZO RABBIT &#8211; VELENOSI"},"content":{"rendered":"<h3><strong><em>P\u00ebrshkrimi i Ver\u00ebs: MONTEPULCIANO D&#8217;ABRUZZO RABBIT &#8211; VELENOSI<\/em><\/strong><\/h3>\n<p><em><strong>Detaje t\u00eb Prodhimit:<\/strong><\/em><\/p>\n<p>Montepulciano d&#8217;Abruzzo Rabbit Velenosi \u00ebsht\u00eb nj\u00eb ver\u00eb e kuqe e pasur dhe komplekse, prodhuar nga rrushi Montepulciano i cili kultivohet n\u00eb rajonin e Abruzzo, n\u00eb nj\u00eb klim\u00eb mesdhetare ideale p\u00ebr zhvillimin e frutave me shije t\u00eb pasura. Toka me p\u00ebrzierje argjile dhe kalcifikimi i jep ver\u00ebs nj\u00eb struktur\u00eb t\u00eb mir\u00eb dhe mineralitet t\u00eb k\u00ebndsh\u00ebm. Pas fermentimit n\u00eb temperatura t\u00eb kontrolluara, vera maturon p\u00ebr nj\u00eb periudh\u00eb t\u00eb shkurt\u00ebr n\u00eb \u00e7elik inox p\u00ebr t\u00eb ruajtur freskin\u00eb dhe aromat natyrale t\u00eb rrushit, dhe pastaj kalon n\u00eb fu\u00e7i dru p\u00ebr t\u00eb zhvilluar nuanca m\u00eb t\u00eb thella dhe kompleksitet. Pas disa muajsh n\u00eb shishe p\u00ebr rafinim, vera \u00ebsht\u00eb gati p\u00ebr t\u2019u shijuar.<\/p>\n<hr \/>\n<h3><strong><em>Karakteristikat<\/em><\/strong><\/h3>\n<ul>\n<li><em><strong>Pamja:<\/strong> E kuqe e err\u00ebt, me nuanca violacee t\u00eb theksuara q\u00eb shfaqin freskin\u00eb dhe intensitetin e ver\u00ebs.<\/em><\/li>\n<li><em><strong>Aroma:<\/strong> Arom\u00eb komplekse dhe t\u00eb pasura me nota t\u00eb frutave t\u00eb err\u00ebta si mjedra, qershia dhe boronica, t\u00eb shoq\u00ebruara nga nuanca t\u00eb lehta barishteje dhe er\u00ebzash t\u00eb \u00ebmbla q\u00eb i japin thell\u00ebsi dhe karakter.<\/em><\/li>\n<li><em><strong>Shija:<\/strong> Vera ka trup t\u00eb mir\u00eb dhe tanin\u00eb t\u00eb buta, me nj\u00eb aciditet t\u00eb k\u00ebndsh\u00ebm q\u00eb balancohet perfekt me shijen frutore. Shija \u00ebsht\u00eb e pasur dhe e plota, me nj\u00eb p\u00ebrfundim t\u00eb gjat\u00eb dhe t\u00eb ngroht\u00eb q\u00eb l\u00eb nj\u00eb mbres\u00eb t\u00eb k\u00ebndshme.<\/em><\/li>\n<\/ul>\n<hr \/>\n<h3><em><strong>Shoq\u00ebrime t\u00eb Sugjeruara<\/strong><\/em><\/h3>\n<p><em>Kombinohet n\u00eb m\u00ebnyr\u00eb t\u00eb shk\u00eblqyer me:<\/em><\/p>\n<ul>\n<li>Mish t\u00eb pjekur<\/li>\n<li>Pasta t\u00eb shoq\u00ebruara me salca t\u00eb pasura<\/li>\n<li>Djath\u00ebra t\u00eb forta si Pecorino<\/li>\n<\/ul>","protected":false},"excerpt":{"rendered":"<p>P\u00ebrshkrimi i Ver\u00ebs: MONTEPULCIANO D&#8217;ABRUZZO RABBIT &#8211; VELENOSI Detaje t\u00eb Prodhimit: Montepulciano d&#8217;Abruzzo Rabbit Velenosi \u00ebsht\u00eb nj\u00eb ver\u00eb e kuqe e pasur dhe komplekse, prodhuar nga rrushi Montepulciano i cili kultivohet n\u00eb rajonin e Abruzzo, n\u00eb nj\u00eb klim\u00eb mesdhetare ideale p\u00ebr zhvillimin e frutave me shije t\u00eb pasura. Toka me p\u00ebrzierje argjile dhe kalcifikimi i [&hellip;]<\/p>\n","protected":false},"featured_media":7891,"template":"","meta":[],"product_brand":[],"product_cat":[58,46],"product_tag":[],"class_list":{"0":"post-6105","1":"product","2":"type-product","3":"status-publish","4":"has-post-thumbnail","6":"product_cat-vere","7":"product_cat-vere-e-kuqe","9":"first","10":"instock","11":"shipping-taxable","12":"purchasable","13":"product-type-simple"},"_links":{"self":[{"href":"https:\/\/alehandrogroup.al\/en\/wp-json\/wp\/v2\/product\/6105","targetHints":{"allow":["GET"]}}],"collection":[{"href":"https:\/\/alehandrogroup.al\/en\/wp-json\/wp\/v2\/product"}],"about":[{"href":"https:\/\/alehandrogroup.al\/en\/wp-json\/wp\/v2\/types\/product"}],"version-history":[{"count":1,"href":"https:\/\/alehandrogroup.al\/en\/wp-json\/wp\/v2\/product\/6105\/revisions"}],"predecessor-version":[{"id":7892,"href":"https:\/\/alehandrogroup.al\/en\/wp-json\/wp\/v2\/product\/6105\/revisions\/7892"}],"wp:featuredmedia":[{"embeddable":true,"href":"https:\/\/alehandrogroup.al\/en\/wp-json\/wp\/v2\/media\/7891"}],"wp:attachment":[{"href":"https:\/\/alehandrogroup.al\/en\/wp-json\/wp\/v2\/media?parent=6105"}],"wp:term":[{"taxonomy":"product_brand","embeddable":true,"href":"https:\/\/alehandrogroup.al\/en\/wp-json\/wp\/v2\/product_brand?post=6105"},{"taxonomy":"product_cat","embeddable":true,"href":"https:\/\/alehandrogroup.al\/en\/wp-json\/wp\/v2\/product_cat?post=6105"},{"taxonomy":"product_tag","embeddable":true,"href":"https:\/\/alehandrogroup.al\/en\/wp-json\/wp\/v2\/product_tag?post=6105"}],"curies":[{"name":"wp","href":"https:\/\/api.w.org\/{rel}","templated":true}]}}