{"id":6095,"date":"2025-02-03T14:06:15","date_gmt":"2025-02-03T14:06:15","guid":{"rendered":"https:\/\/alehandrogroup.al\/?post_type=product&#038;p=6095"},"modified":"2025-12-03T12:55:19","modified_gmt":"2025-12-03T12:55:19","slug":"fontanelle-chardonnay-castello-banfi","status":"publish","type":"product","link":"https:\/\/alehandrogroup.al\/en\/product\/fontanelle-chardonnay-castello-banfi\/","title":{"rendered":"FONTANELLE CHARDONNAY &#8211; CASTELLO BANFI"},"content":{"rendered":"<h3><strong><em>P\u00ebrshkrimi i Ver\u00ebs: FONTANELLE CHARDONNAY CASTELLO BANFI<\/em><\/strong><\/h3>\n<p><em><strong>Detaje t\u00eb Prodhimit:<\/strong><\/em><\/p>\n<p>Fontanelle Chardonnay Castello Banfi \u00ebsht\u00eb nj\u00eb ver\u00eb e bardh\u00eb elegante dhe komplekse, e prodhuar nga rrushi Chardonnay, i kultivuar n\u00eb vreshta t\u00eb vendosura n\u00eb Toskan\u00ebn mesdhetare. Toka e pasur me minerale dhe ekspozimi ideal ndaj diellit krijojn\u00eb kushte t\u00eb shk\u00eblqyera p\u00ebr zhvillimin e frutave me arom\u00eb t\u00eb pasur dhe freski. Procesi i prodhimit nis me fermentimin n\u00eb temperatura t\u00eb kontrolluara p\u00ebr t\u00eb ruajtur aromat natyrale t\u00eb frutave, dhe m\u00eb pas vera maturon pjes\u00ebrisht n\u00eb fu\u00e7i t\u00eb vogla lisit francez, duke fituar nuanca t\u00eb vaniljes dhe mjaltit, nd\u00ebrsa pjesa tjet\u00ebr q\u00ebndron n\u00eb \u00e7elik inox p\u00ebr t\u00eb mbajtur freskin\u00eb. Pas nj\u00eb rafinimi t\u00eb m\u00ebtejsh\u00ebm n\u00eb shishe, vera \u00ebsht\u00eb gati p\u00ebr t\u2019u shijuar.<\/p>\n<hr \/>\n<h3><strong><em>Karakteristikat<\/em><\/strong><\/h3>\n<ul>\n<li><em><strong>Pamja:<\/strong> E art\u00eb, e ndritshme me nuanca t\u00eb verdha dhe reflektime t\u00eb buta.<\/em><\/li>\n<li><em><strong>Aroma:<\/strong> Nj\u00eb gam\u00eb e pasur aromash frutore, me nota t\u00eb frutave tropikale si mango, ananas dhe agrume, t\u00eb shoq\u00ebruara nga nuanca delikate t\u00eb mjaltit, lulesh dhe vanilje, q\u00eb shfaqen fal\u00eb maturimit n\u00eb fu\u00e7i.<\/em><\/li>\n<li><em><strong>Shija:<\/strong> E fresk\u00ebt, e pasur dhe e balancuar, me aciditet t\u00eb k\u00ebndsh\u00ebm dhe nj\u00eb trup t\u00eb mir\u00eb. Shija \u00ebsht\u00eb e plot\u00eb dhe e k\u00ebndshme, me nj\u00eb p\u00ebrfundim t\u00eb gjat\u00eb dhe t\u00eb \u00ebmb\u00ebl, q\u00eb mbetet n\u00eb goj\u00eb p\u00ebr nj\u00eb koh\u00eb t\u00eb gjat\u00eb.<\/em><\/li>\n<\/ul>\n<hr \/>\n<h3><em><strong>Shoq\u00ebrime t\u00eb Sugjeruara<\/strong><\/em><\/h3>\n<p><em>Kombinohet n\u00eb m\u00ebnyr\u00eb t\u00eb shk\u00eblqyer me:<\/em><\/p>\n<ul>\n<li>Peshk t\u00eb pjekur<\/li>\n<li>Pule me salca t\u00eb lehta<\/li>\n<li>Djath\u00ebra t\u00eb but\u00eb si Brie apo Camembert.<\/li>\n<\/ul>","protected":false},"excerpt":{"rendered":"<p>P\u00ebrshkrimi i Ver\u00ebs: FONTANELLE CHARDONNAY CASTELLO BANFI Detaje t\u00eb Prodhimit: Fontanelle Chardonnay Castello Banfi \u00ebsht\u00eb nj\u00eb ver\u00eb e bardh\u00eb elegante dhe komplekse, e prodhuar nga rrushi Chardonnay, i kultivuar n\u00eb vreshta t\u00eb vendosura n\u00eb Toskan\u00ebn mesdhetare. Toka e pasur me minerale dhe ekspozimi ideal ndaj diellit krijojn\u00eb kushte t\u00eb shk\u00eblqyera p\u00ebr zhvillimin e frutave me [&hellip;]<\/p>\n","protected":false},"featured_media":7784,"template":"","meta":[],"product_brand":[],"product_cat":[58,41],"product_tag":[],"class_list":{"0":"post-6095","1":"product","2":"type-product","3":"status-publish","4":"has-post-thumbnail","6":"product_cat-vere","7":"product_cat-vere-e-bardhe","9":"first","10":"instock","11":"shipping-taxable","12":"purchasable","13":"product-type-simple"},"_links":{"self":[{"href":"https:\/\/alehandrogroup.al\/en\/wp-json\/wp\/v2\/product\/6095","targetHints":{"allow":["GET"]}}],"collection":[{"href":"https:\/\/alehandrogroup.al\/en\/wp-json\/wp\/v2\/product"}],"about":[{"href":"https:\/\/alehandrogroup.al\/en\/wp-json\/wp\/v2\/types\/product"}],"version-history":[{"count":1,"href":"https:\/\/alehandrogroup.al\/en\/wp-json\/wp\/v2\/product\/6095\/revisions"}],"predecessor-version":[{"id":7782,"href":"https:\/\/alehandrogroup.al\/en\/wp-json\/wp\/v2\/product\/6095\/revisions\/7782"}],"wp:featuredmedia":[{"embeddable":true,"href":"https:\/\/alehandrogroup.al\/en\/wp-json\/wp\/v2\/media\/7784"}],"wp:attachment":[{"href":"https:\/\/alehandrogroup.al\/en\/wp-json\/wp\/v2\/media?parent=6095"}],"wp:term":[{"taxonomy":"product_brand","embeddable":true,"href":"https:\/\/alehandrogroup.al\/en\/wp-json\/wp\/v2\/product_brand?post=6095"},{"taxonomy":"product_cat","embeddable":true,"href":"https:\/\/alehandrogroup.al\/en\/wp-json\/wp\/v2\/product_cat?post=6095"},{"taxonomy":"product_tag","embeddable":true,"href":"https:\/\/alehandrogroup.al\/en\/wp-json\/wp\/v2\/product_tag?post=6095"}],"curies":[{"name":"wp","href":"https:\/\/api.w.org\/{rel}","templated":true}]}}