{"id":6093,"date":"2025-02-03T13:20:23","date_gmt":"2025-02-03T13:20:23","guid":{"rendered":"https:\/\/alehandrogroup.al\/?post_type=product&#038;p=6093"},"modified":"2025-12-02T12:38:56","modified_gmt":"2025-12-02T12:38:56","slug":"chianti-castello-banfi","status":"publish","type":"product","link":"https:\/\/alehandrogroup.al\/en\/product\/chianti-castello-banfi\/","title":{"rendered":"CHIANTI &#8211; CASTELLO BANFI"},"content":{"rendered":"<h3><strong><em>P\u00ebrshkrimi i Ver\u00ebs: CHIANTI CASTELLO BANFI<\/em><\/strong><\/h3>\n<p><em><strong>Detaje t\u00eb Prodhimit:<\/strong><\/em><br \/>\nChianti Banfi \u00ebsht\u00eb nj\u00eb ver\u00eb e kuqe e fresk\u00ebt dhe e ekuilibruar, e prodhuar n\u00eb kodrat e Toskan\u00ebs nga varietetet m\u00eb t\u00eb mira t\u00eb rrushit, kryesisht Sangiovese. Klima mesdhetare dhe tokat me p\u00ebrzierje argjile dhe r\u00ebre i japin ver\u00ebs nj\u00eb karakter t\u00eb ve\u00e7ant\u00eb, me freski dhe mineralitet t\u00eb k\u00ebndsh\u00ebm.<\/p>\n<hr \/>\n<h3><strong><em>Karakteristikat<\/em><\/strong><\/h3>\n<ul>\n<li><em><strong>Pamja:<\/strong> E kuqe rubini e ndezur, me reflektime t\u00eb lehta vjollc\u00eb.<\/em><\/li>\n<li><em><strong>Aroma:<\/strong> Delikate dhe e fresk\u00ebt, me nota t\u00eb theksuara frutash t\u00eb kuqe si qershia dhe mjedra, t\u00eb shoq\u00ebruara nga nuanca t\u00eb lehta er\u00ebzash dhe lulesh.<\/em><\/li>\n<li><em><strong>Shija:<\/strong> E but\u00eb dhe e balancuar, me aciditet t\u00eb k\u00ebndsh\u00ebm dhe tanin\u00eb t\u00eb lehta. Struktura \u00ebsht\u00eb elegante dhe e leht\u00eb p\u00ebr t\u2019u shijuar, me nj\u00eb p\u00ebrfundim t\u00eb fresk\u00ebt dhe t\u00eb k\u00ebndsh\u00ebm.<\/em><\/li>\n<\/ul>\n<hr \/>\n<h3><em><strong>Shoq\u00ebrime t\u00eb Sugjeruara<\/strong><\/em><\/h3>\n<p><em>Kombinohet n\u00eb m\u00ebnyr\u00eb t\u00eb shk\u00eblqyer me:<\/em><\/p>\n<ul>\n<li><em>Pasta<\/em><\/li>\n<li>Mish t\u00eb bardh\u00eb<\/li>\n<li>Pic\u00eb dhe djath\u00ebra t\u00eb but\u00eb.<\/li>\n<\/ul>","protected":false},"excerpt":{"rendered":"<p>P\u00ebrshkrimi i Ver\u00ebs: CHIANTI CASTELLO BANFI Detaje t\u00eb Prodhimit: Chianti Banfi \u00ebsht\u00eb nj\u00eb ver\u00eb e kuqe e fresk\u00ebt dhe e ekuilibruar, e prodhuar n\u00eb kodrat e Toskan\u00ebs nga varietetet m\u00eb t\u00eb mira t\u00eb rrushit, kryesisht Sangiovese. Klima mesdhetare dhe tokat me p\u00ebrzierje argjile dhe r\u00ebre i japin ver\u00ebs nj\u00eb karakter t\u00eb ve\u00e7ant\u00eb, me freski dhe [&hellip;]<\/p>\n","protected":false},"featured_media":7737,"template":"","meta":[],"product_brand":[],"product_cat":[58,46],"product_tag":[],"class_list":{"0":"post-6093","1":"product","2":"type-product","3":"status-publish","4":"has-post-thumbnail","6":"product_cat-vere","7":"product_cat-vere-e-kuqe","9":"first","10":"instock","11":"shipping-taxable","12":"purchasable","13":"product-type-simple"},"_links":{"self":[{"href":"https:\/\/alehandrogroup.al\/en\/wp-json\/wp\/v2\/product\/6093","targetHints":{"allow":["GET"]}}],"collection":[{"href":"https:\/\/alehandrogroup.al\/en\/wp-json\/wp\/v2\/product"}],"about":[{"href":"https:\/\/alehandrogroup.al\/en\/wp-json\/wp\/v2\/types\/product"}],"version-history":[{"count":1,"href":"https:\/\/alehandrogroup.al\/en\/wp-json\/wp\/v2\/product\/6093\/revisions"}],"predecessor-version":[{"id":7738,"href":"https:\/\/alehandrogroup.al\/en\/wp-json\/wp\/v2\/product\/6093\/revisions\/7738"}],"wp:featuredmedia":[{"embeddable":true,"href":"https:\/\/alehandrogroup.al\/en\/wp-json\/wp\/v2\/media\/7737"}],"wp:attachment":[{"href":"https:\/\/alehandrogroup.al\/en\/wp-json\/wp\/v2\/media?parent=6093"}],"wp:term":[{"taxonomy":"product_brand","embeddable":true,"href":"https:\/\/alehandrogroup.al\/en\/wp-json\/wp\/v2\/product_brand?post=6093"},{"taxonomy":"product_cat","embeddable":true,"href":"https:\/\/alehandrogroup.al\/en\/wp-json\/wp\/v2\/product_cat?post=6093"},{"taxonomy":"product_tag","embeddable":true,"href":"https:\/\/alehandrogroup.al\/en\/wp-json\/wp\/v2\/product_tag?post=6093"}],"curies":[{"name":"wp","href":"https:\/\/api.w.org\/{rel}","templated":true}]}}