{"id":6071,"date":"2025-01-23T08:46:28","date_gmt":"2025-01-23T08:46:28","guid":{"rendered":"https:\/\/alehandrogroup.al\/?post_type=product&#038;p=6071"},"modified":"2025-11-24T13:42:18","modified_gmt":"2025-11-24T13:42:18","slug":"brunello-di-montalcino-castello-banfi","status":"publish","type":"product","link":"https:\/\/alehandrogroup.al\/en\/product\/brunello-di-montalcino-castello-banfi\/","title":{"rendered":"Brunello di Montalcino &#8211; Castello Banfi"},"content":{"rendered":"<h3><strong><em>P\u00ebrshkrimi i Ver\u00ebs: Brunello di Montalcino Castello Banfi DOCG<\/em><\/strong><\/h3>\n<p><em><strong>Detaje t\u00eb Prodhimit:<\/strong><\/em><br \/>\n<em>Kjo ver\u00eb e kuqe prodhohet nga Kantina Banfi, e vendosur n\u00eb shpatet jugore t\u00eb kodrave t\u00eb Montalcino-s, n\u00eb nj\u00eb sip\u00ebrfaqe prej 170 hektar\u00eb vreshta. Vreshtat ndodhen n\u00eb nj\u00eb lart\u00ebsi prej 220 metrash mbi nivelin e detit dhe kan\u00eb nj\u00eb tok\u00eb me tekstur\u00eb ranore, ngjyr\u00eb kafe-t\u00eb verdh\u00eb, me p\u00ebrmbajtje t\u00eb lart\u00eb g\u00eblqerore dhe gur\u00eb. Ver\u00ebs i p\u00ebrdoren 100% rrush Sangiovese, i kultivuar me metod\u00ebn e krasitjes &#8220;cordon spur&#8221;, me dend\u00ebsi prej 4,400 rr\u00ebnj\u00eb p\u00ebr hektar dhe prodhim prej 65 kvintal\u00eb p\u00ebr hektar.<\/em><\/p>\n<hr \/>\n<h3><strong><em>Karakteristikat<\/em><\/strong><\/h3>\n<ul>\n<li><em><strong>Pamja:<\/strong> E kuqe rubin e thell\u00eb me reflekse ngjyr\u00eb granati.<\/em><\/li>\n<li><em><strong>Aroma:<\/strong> Etejrore dhe komplekse, me nj\u00eb buqet\u00eb t\u00eb gjer\u00eb vaniljeje, arom\u00eb likorice dhe er\u00ebza, t\u00eb shoq\u00ebruara me nuanca t\u00eb lehta goudron-i (ngjyr\u00eb katrani).<\/em><\/li>\n<li><em><strong>Shija:<\/strong> E but\u00eb, e plot\u00eb dhe e kadifenjt\u00eb, me struktur\u00eb intensive dhe shije t\u00eb likoric\u00ebs dhe er\u00ebzave.<\/em><\/li>\n<\/ul>\n<hr \/>\n<h3><em><strong>Shoq\u00ebrime t\u00eb Sugjeruara<\/strong><\/em><\/h3>\n<p><em>Kombinohet n\u00eb m\u00ebnyr\u00eb t\u00eb shk\u00eblqyer me:<\/em><\/p>\n<ul>\n<li><em>Mishra t\u00eb kuq<\/em><\/li>\n<li><em>Gjah<\/em><\/li>\n<li><em>Djath\u00ebra t\u00eb stazhionuar<\/em><\/li>\n<\/ul>","protected":false},"excerpt":{"rendered":"<p>P\u00ebrshkrimi i Ver\u00ebs: Brunello di Montalcino Castello Banfi DOCG Detaje t\u00eb Prodhimit: Kjo ver\u00eb e kuqe prodhohet nga Kantina Banfi, e vendosur n\u00eb shpatet jugore t\u00eb kodrave t\u00eb Montalcino-s, n\u00eb nj\u00eb sip\u00ebrfaqe prej 170 hektar\u00eb vreshta. Vreshtat ndodhen n\u00eb nj\u00eb lart\u00ebsi prej 220 metrash mbi nivelin e detit dhe kan\u00eb nj\u00eb tok\u00eb me tekstur\u00eb ranore, [&hellip;]<\/p>\n","protected":false},"featured_media":7661,"template":"","meta":[],"product_brand":[],"product_cat":[58,46],"product_tag":[],"class_list":{"0":"post-6071","1":"product","2":"type-product","3":"status-publish","4":"has-post-thumbnail","6":"product_cat-vere","7":"product_cat-vere-e-kuqe","9":"first","10":"instock","11":"shipping-taxable","12":"purchasable","13":"product-type-simple"},"_links":{"self":[{"href":"https:\/\/alehandrogroup.al\/en\/wp-json\/wp\/v2\/product\/6071","targetHints":{"allow":["GET"]}}],"collection":[{"href":"https:\/\/alehandrogroup.al\/en\/wp-json\/wp\/v2\/product"}],"about":[{"href":"https:\/\/alehandrogroup.al\/en\/wp-json\/wp\/v2\/types\/product"}],"version-history":[{"count":2,"href":"https:\/\/alehandrogroup.al\/en\/wp-json\/wp\/v2\/product\/6071\/revisions"}],"predecessor-version":[{"id":7662,"href":"https:\/\/alehandrogroup.al\/en\/wp-json\/wp\/v2\/product\/6071\/revisions\/7662"}],"wp:featuredmedia":[{"embeddable":true,"href":"https:\/\/alehandrogroup.al\/en\/wp-json\/wp\/v2\/media\/7661"}],"wp:attachment":[{"href":"https:\/\/alehandrogroup.al\/en\/wp-json\/wp\/v2\/media?parent=6071"}],"wp:term":[{"taxonomy":"product_brand","embeddable":true,"href":"https:\/\/alehandrogroup.al\/en\/wp-json\/wp\/v2\/product_brand?post=6071"},{"taxonomy":"product_cat","embeddable":true,"href":"https:\/\/alehandrogroup.al\/en\/wp-json\/wp\/v2\/product_cat?post=6071"},{"taxonomy":"product_tag","embeddable":true,"href":"https:\/\/alehandrogroup.al\/en\/wp-json\/wp\/v2\/product_tag?post=6071"}],"curies":[{"name":"wp","href":"https:\/\/api.w.org\/{rel}","templated":true}]}}